{"id":65892,"date":"2021-06-10T11:47:30","date_gmt":"2021-06-10T09:47:30","guid":{"rendered":"https:\/\/buddycare.com\/de\/se\/product\/tick-defence-copy"},"modified":"2022-03-14T18:16:56","modified_gmt":"2022-03-14T16:16:56","slug":"salmon-oil","status":"publish","type":"product","link":"https:\/\/buddycare.com\/de\/product\/salmon-oil","title":{"rendered":"Lachs\u00f6l"},"content":{"rendered":"<p>Nat\u00fcrliches und kaltgepresstes Lachs\u00f6l, reich an gesunden Fetts\u00e4uren, die dabei helfen k\u00f6nnen, das Herz zu st\u00e4rken und ein dickeres und ges\u00fcnderes Fell f\u00f6rdern k\u00f6nnen.<\/p>\n","protected":false},"excerpt":{"rendered":"<p>Nat\u00fcrliches und kaltgepresstes Lachs\u00f6l, reich an gesunden Fetts\u00e4uren, die das Herz st\u00e4rken k\u00f6nnen und ein dickeres und ges\u00fcnderes Fell f\u00f6rdern k\u00f6nnen.<\/p>\n<p>&nbsp;<\/p>\n<ul>\n<li>Reich an Omega-3 &amp; Omega-6<\/li>\n<li>Leicht zu dosieren mit dem Pumpspender<\/li>\n<li>Frei von Zusatzstoffen<\/li>\n<li>Schonend kaltgepresst<\/li>\n<li>Mit Tier\u00e4rzten entwickelt<\/li>\n<\/ul>\n<p>Produziert in Schweden, enth\u00e4lt nur nat\u00fcrliche Zutaten. Lachs\u00f6l ist ein nat\u00fcrliches Nahrungserg\u00e4nzungsmittel f\u00fcr Hunde, reich an Geschmack und N\u00e4hrstoffen. Die gesunden Fetts\u00e4uren k\u00f6nnen dazu beitragen, die Gesundheit von Herz und Kreislauf zu st\u00e4rken, und k\u00f6nnen gleichzeitig ein gesundes Fell und eine gesunde Haut f\u00f6rdern. Dank seines reichhaltigen Geschmacks kann das Lachs\u00f6l den Appetit deine Hundes anregen. F\u00fcge einfach einige Pumpst\u00f6\u00dfe zu den Mahlzeiten deines Hundes hinzu.<\/p>\n","protected":false},"featured_media":68953,"comment_status":"closed","ping_status":"closed","template":"","meta":{"_acf_changed":false},"product_brand":[],"product_cat":[59],"product_tag":[169,170,137,138,171],"class_list":{"0":"post-65892","1":"product","2":"type-product","3":"status-publish","4":"has-post-thumbnail","6":"product_cat-erganzung","7":"product_tag-glaenzendes-fell","8":"product_tag-lachsoel","9":"product_tag-omega-3","10":"product_tag-omega-6","11":"product_tag-steigert-den-appetit","13":"first","14":"instock","15":"taxable","16":"shipping-taxable","17":"purchasable","18":"product-type-simple"},"acf":[],"yoast_head":"<!-- This site is optimized with the Yoast SEO plugin v27.0 - https:\/\/yoast.com\/product\/yoast-seo-wordpress\/ -->\n<title>Lachs\u00f6l | Nahrungserg\u00e4nzungsmittel f\u00fcr Hunde | BuddyCare<\/title>\n<meta name=\"description\" content=\"Nat\u00fcrliches, kaltgepresstes Lachs\u00f6l, das reich an Omega-Fetts\u00e4uren ist und dabei hilft, ein dichteres und gl\u00e4nzenderes Fell zu f\u00f6rdern.\" \/>\n<meta name=\"robots\" content=\"index, follow, max-snippet:-1, max-image-preview:large, max-video-preview:-1\" \/>\n<link rel=\"canonical\" href=\"https:\/\/buddycare.com\/de\/product\/salmon-oil\" \/>\n<meta property=\"og:locale\" content=\"de_DE\" \/>\n<meta property=\"og:type\" content=\"article\" \/>\n<meta property=\"og:title\" content=\"Lachs\u00f6l | Nahrungserg\u00e4nzungsmittel f\u00fcr Hunde | BuddyCare\" \/>\n<meta property=\"og:description\" content=\"Nat\u00fcrliches, kaltgepresstes Lachs\u00f6l, das reich an Omega-Fetts\u00e4uren ist und dabei hilft, ein dichteres und gl\u00e4nzenderes Fell zu f\u00f6rdern.\" \/>\n<meta property=\"og:url\" content=\"https:\/\/buddycare.com\/de\/product\/salmon-oil\" \/>\n<meta property=\"og:site_name\" content=\"BuddyCare DE\" \/>\n<meta property=\"article:publisher\" content=\"https:\/\/www.facebook.com\/BuddySweden\" \/>\n<meta property=\"article:modified_time\" content=\"2022-03-14T16:16:56+00:00\" \/>\n<meta property=\"og:image\" content=\"https:\/\/i0.wp.com\/buddycare.com\/de\/wp-content\/uploads\/sites\/8\/2021\/06\/Salmon-Oil_Ingredients-SKU-Image.png?fit=2400%2C2400&ssl=1\" \/>\n\t<meta property=\"og:image:width\" content=\"2400\" \/>\n\t<meta property=\"og:image:height\" content=\"2400\" \/>\n\t<meta property=\"og:image:type\" content=\"image\/png\" \/>\n<meta name=\"twitter:card\" content=\"summary_large_image\" \/>\n<meta name=\"twitter:label1\" content=\"Gesch\u00e4tzte Lesezeit\" \/>\n\t<meta name=\"twitter:data1\" content=\"1\u00a0Minute\" \/>\n<script type=\"application\/ld+json\" class=\"yoast-schema-graph\">{\"@context\":\"https:\/\/schema.org\",\"@graph\":[{\"@type\":\"WebPage\",\"@id\":\"https:\/\/buddycare.com\/de\/product\/salmon-oil\",\"url\":\"https:\/\/buddycare.com\/de\/product\/salmon-oil\",\"name\":\"Lachs\u00f6l | Nahrungserg\u00e4nzungsmittel f\u00fcr Hunde | BuddyCare\",\"isPartOf\":{\"@id\":\"https:\/\/buddycare.com\/de\/#website\"},\"primaryImageOfPage\":{\"@id\":\"https:\/\/buddycare.com\/de\/product\/salmon-oil#primaryimage\"},\"image\":{\"@id\":\"https:\/\/buddycare.com\/de\/product\/salmon-oil#primaryimage\"},\"thumbnailUrl\":\"https:\/\/i0.wp.com\/buddycare.com\/de\/wp-content\/uploads\/sites\/8\/2021\/06\/Salmon-Oil_Ingredients-SKU-Image.png?fit=2400%2C2400&ssl=1\",\"datePublished\":\"2021-06-10T09:47:30+00:00\",\"dateModified\":\"2022-03-14T16:16:56+00:00\",\"description\":\"Nat\u00fcrliches, kaltgepresstes Lachs\u00f6l, das reich an Omega-Fetts\u00e4uren ist und dabei hilft, ein dichteres und gl\u00e4nzenderes Fell zu f\u00f6rdern.\",\"breadcrumb\":{\"@id\":\"https:\/\/buddycare.com\/de\/product\/salmon-oil#breadcrumb\"},\"inLanguage\":\"de\",\"potentialAction\":[{\"@type\":\"ReadAction\",\"target\":[\"https:\/\/buddycare.com\/de\/product\/salmon-oil\"]}]},{\"@type\":\"ImageObject\",\"inLanguage\":\"de\",\"@id\":\"https:\/\/buddycare.com\/de\/product\/salmon-oil#primaryimage\",\"url\":\"https:\/\/i0.wp.com\/buddycare.com\/de\/wp-content\/uploads\/sites\/8\/2021\/06\/Salmon-Oil_Ingredients-SKU-Image.png?fit=2400%2C2400&ssl=1\",\"contentUrl\":\"https:\/\/i0.wp.com\/buddycare.com\/de\/wp-content\/uploads\/sites\/8\/2021\/06\/Salmon-Oil_Ingredients-SKU-Image.png?fit=2400%2C2400&ssl=1\",\"width\":2400,\"height\":2400,\"caption\":\"Lachs\u00f6l f\u00fcr Hunde Fisch\u00f6l Vorteile\"},{\"@type\":\"BreadcrumbList\",\"@id\":\"https:\/\/buddycare.com\/de\/product\/salmon-oil#breadcrumb\",\"itemListElement\":[{\"@type\":\"ListItem\",\"position\":1,\"name\":\"Home\",\"item\":\"https:\/\/buddycare.com\/de\/\"},{\"@type\":\"ListItem\",\"position\":2,\"name\":\"Products\",\"item\":\"https:\/\/buddycare.com\/de\/products\"},{\"@type\":\"ListItem\",\"position\":3,\"name\":\"Lachs\u00f6l\"}]},{\"@type\":\"WebSite\",\"@id\":\"https:\/\/buddycare.com\/de\/#website\",\"url\":\"https:\/\/buddycare.com\/de\/\",\"name\":\"BuddyCare DE\",\"description\":\"Powered by nature, backed by science.\",\"publisher\":{\"@id\":\"https:\/\/buddycare.com\/de\/#organization\"},\"potentialAction\":[{\"@type\":\"SearchAction\",\"target\":{\"@type\":\"EntryPoint\",\"urlTemplate\":\"https:\/\/buddycare.com\/de\/?s={search_term_string}\"},\"query-input\":{\"@type\":\"PropertyValueSpecification\",\"valueRequired\":true,\"valueName\":\"search_term_string\"}}],\"inLanguage\":\"de\"},{\"@type\":\"Organization\",\"@id\":\"https:\/\/buddycare.com\/de\/#organization\",\"name\":\"Buddy Pet Foods\",\"url\":\"https:\/\/buddycare.com\/de\/\",\"logo\":{\"@type\":\"ImageObject\",\"inLanguage\":\"de\",\"@id\":\"https:\/\/buddycare.com\/de\/#\/schema\/logo\/image\/\",\"url\":\"https:\/\/i0.wp.com\/buddypetfoods.com\/se\/wp-content\/uploads\/sites\/2\/2019\/08\/howitworks_delivery.jpg?fit=660%2C440&ssl=1\",\"contentUrl\":\"https:\/\/i0.wp.com\/buddypetfoods.com\/se\/wp-content\/uploads\/sites\/2\/2019\/08\/howitworks_delivery.jpg?fit=660%2C440&ssl=1\",\"width\":660,\"height\":440,\"caption\":\"Buddy Pet Foods\"},\"image\":{\"@id\":\"https:\/\/buddycare.com\/de\/#\/schema\/logo\/image\/\"},\"sameAs\":[\"https:\/\/www.facebook.com\/BuddySweden\",\"https:\/\/www.instagram.com\/buddypetfoods\/\"]}]}<\/script>\n<!-- \/ Yoast SEO plugin. -->","yoast_head_json":{"title":"Lachs\u00f6l | Nahrungserg\u00e4nzungsmittel f\u00fcr Hunde | BuddyCare","description":"Nat\u00fcrliches, kaltgepresstes Lachs\u00f6l, das reich an Omega-Fetts\u00e4uren ist und dabei hilft, ein dichteres und gl\u00e4nzenderes Fell zu f\u00f6rdern.","robots":{"index":"index","follow":"follow","max-snippet":"max-snippet:-1","max-image-preview":"max-image-preview:large","max-video-preview":"max-video-preview:-1"},"canonical":"https:\/\/buddycare.com\/de\/product\/salmon-oil","og_locale":"de_DE","og_type":"article","og_title":"Lachs\u00f6l | Nahrungserg\u00e4nzungsmittel f\u00fcr Hunde | BuddyCare","og_description":"Nat\u00fcrliches, kaltgepresstes Lachs\u00f6l, das reich an Omega-Fetts\u00e4uren ist und dabei hilft, ein dichteres und gl\u00e4nzenderes Fell zu f\u00f6rdern.","og_url":"https:\/\/buddycare.com\/de\/product\/salmon-oil","og_site_name":"BuddyCare DE","article_publisher":"https:\/\/www.facebook.com\/BuddySweden","article_modified_time":"2022-03-14T16:16:56+00:00","og_image":[{"width":2400,"height":2400,"url":"https:\/\/i0.wp.com\/buddycare.com\/de\/wp-content\/uploads\/sites\/8\/2021\/06\/Salmon-Oil_Ingredients-SKU-Image.png?fit=2400%2C2400&ssl=1","type":"image\/png"}],"twitter_card":"summary_large_image","twitter_misc":{"Gesch\u00e4tzte Lesezeit":"1\u00a0Minute"},"schema":{"@context":"https:\/\/schema.org","@graph":[{"@type":"WebPage","@id":"https:\/\/buddycare.com\/de\/product\/salmon-oil","url":"https:\/\/buddycare.com\/de\/product\/salmon-oil","name":"Lachs\u00f6l | Nahrungserg\u00e4nzungsmittel f\u00fcr Hunde | BuddyCare","isPartOf":{"@id":"https:\/\/buddycare.com\/de\/#website"},"primaryImageOfPage":{"@id":"https:\/\/buddycare.com\/de\/product\/salmon-oil#primaryimage"},"image":{"@id":"https:\/\/buddycare.com\/de\/product\/salmon-oil#primaryimage"},"thumbnailUrl":"https:\/\/i0.wp.com\/buddycare.com\/de\/wp-content\/uploads\/sites\/8\/2021\/06\/Salmon-Oil_Ingredients-SKU-Image.png?fit=2400%2C2400&ssl=1","datePublished":"2021-06-10T09:47:30+00:00","dateModified":"2022-03-14T16:16:56+00:00","description":"Nat\u00fcrliches, kaltgepresstes Lachs\u00f6l, das reich an Omega-Fetts\u00e4uren ist und dabei hilft, ein dichteres und gl\u00e4nzenderes Fell zu f\u00f6rdern.","breadcrumb":{"@id":"https:\/\/buddycare.com\/de\/product\/salmon-oil#breadcrumb"},"inLanguage":"de","potentialAction":[{"@type":"ReadAction","target":["https:\/\/buddycare.com\/de\/product\/salmon-oil"]}]},{"@type":"ImageObject","inLanguage":"de","@id":"https:\/\/buddycare.com\/de\/product\/salmon-oil#primaryimage","url":"https:\/\/i0.wp.com\/buddycare.com\/de\/wp-content\/uploads\/sites\/8\/2021\/06\/Salmon-Oil_Ingredients-SKU-Image.png?fit=2400%2C2400&ssl=1","contentUrl":"https:\/\/i0.wp.com\/buddycare.com\/de\/wp-content\/uploads\/sites\/8\/2021\/06\/Salmon-Oil_Ingredients-SKU-Image.png?fit=2400%2C2400&ssl=1","width":2400,"height":2400,"caption":"Lachs\u00f6l f\u00fcr Hunde Fisch\u00f6l Vorteile"},{"@type":"BreadcrumbList","@id":"https:\/\/buddycare.com\/de\/product\/salmon-oil#breadcrumb","itemListElement":[{"@type":"ListItem","position":1,"name":"Home","item":"https:\/\/buddycare.com\/de\/"},{"@type":"ListItem","position":2,"name":"Products","item":"https:\/\/buddycare.com\/de\/products"},{"@type":"ListItem","position":3,"name":"Lachs\u00f6l"}]},{"@type":"WebSite","@id":"https:\/\/buddycare.com\/de\/#website","url":"https:\/\/buddycare.com\/de\/","name":"BuddyCare DE","description":"Powered by nature, backed by science.","publisher":{"@id":"https:\/\/buddycare.com\/de\/#organization"},"potentialAction":[{"@type":"SearchAction","target":{"@type":"EntryPoint","urlTemplate":"https:\/\/buddycare.com\/de\/?s={search_term_string}"},"query-input":{"@type":"PropertyValueSpecification","valueRequired":true,"valueName":"search_term_string"}}],"inLanguage":"de"},{"@type":"Organization","@id":"https:\/\/buddycare.com\/de\/#organization","name":"Buddy Pet Foods","url":"https:\/\/buddycare.com\/de\/","logo":{"@type":"ImageObject","inLanguage":"de","@id":"https:\/\/buddycare.com\/de\/#\/schema\/logo\/image\/","url":"https:\/\/i0.wp.com\/buddypetfoods.com\/se\/wp-content\/uploads\/sites\/2\/2019\/08\/howitworks_delivery.jpg?fit=660%2C440&ssl=1","contentUrl":"https:\/\/i0.wp.com\/buddypetfoods.com\/se\/wp-content\/uploads\/sites\/2\/2019\/08\/howitworks_delivery.jpg?fit=660%2C440&ssl=1","width":660,"height":440,"caption":"Buddy Pet Foods"},"image":{"@id":"https:\/\/buddycare.com\/de\/#\/schema\/logo\/image\/"},"sameAs":["https:\/\/www.facebook.com\/BuddySweden","https:\/\/www.instagram.com\/buddypetfoods\/"]}]}},"jetpack_sharing_enabled":true,"_links":{"self":[{"href":"https:\/\/buddycare.com\/de\/wp-json\/wp\/v2\/product\/65892","targetHints":{"allow":["GET"]}}],"collection":[{"href":"https:\/\/buddycare.com\/de\/wp-json\/wp\/v2\/product"}],"about":[{"href":"https:\/\/buddycare.com\/de\/wp-json\/wp\/v2\/types\/product"}],"replies":[{"embeddable":true,"href":"https:\/\/buddycare.com\/de\/wp-json\/wp\/v2\/comments?post=65892"}],"wp:featuredmedia":[{"embeddable":true,"href":"https:\/\/buddycare.com\/de\/wp-json\/wp\/v2\/media\/68953"}],"wp:attachment":[{"href":"https:\/\/buddycare.com\/de\/wp-json\/wp\/v2\/media?parent=65892"}],"wp:term":[{"taxonomy":"product_brand","embeddable":true,"href":"https:\/\/buddycare.com\/de\/wp-json\/wp\/v2\/product_brand?post=65892"},{"taxonomy":"product_cat","embeddable":true,"href":"https:\/\/buddycare.com\/de\/wp-json\/wp\/v2\/product_cat?post=65892"},{"taxonomy":"product_tag","embeddable":true,"href":"https:\/\/buddycare.com\/de\/wp-json\/wp\/v2\/product_tag?post=65892"}],"curies":[{"name":"wp","href":"https:\/\/api.w.org\/{rel}","templated":true}]}}