{"id":65888,"date":"2021-06-10T11:32:50","date_gmt":"2021-06-10T09:32:50","guid":{"rendered":"https:\/\/buddycare.com\/de\/se\/product\/teeth-formula-copy"},"modified":"2022-05-18T14:49:20","modified_gmt":"2022-05-18T12:49:20","slug":"tick-defence","status":"publish","type":"product","link":"https:\/\/buddycare.com\/de\/product\/tick-defence","title":{"rendered":"Zecken &#038; Floh Abwehr"},"content":{"rendered":"<p>Nat\u00fcrliche Abwehr von Parasiten mit wertvollen Fetten und Kr\u00e4utern, die dabei helfen, einen nat\u00fcrlichen Schutz vor Zecken und Fl\u00f6hen aufzubauen. Pulver zur einfachen Dosierung. Einfach \u00fcber die Mahlzeit deines Hundes streuen.<\/p>\n","protected":false},"excerpt":{"rendered":"<p><strong>Aufgrund von hoher Nachfrage aktuell ausverkauft &#8211; voraussichtlich wieder Ende Juni erh\u00e4ltlich.<\/strong><\/p>\n<p>Nat\u00fcrliche, wirksame Abwehr von Parasiten mit wertvollen Fetten und Kr\u00e4utern, die dabei helfen, einen nat\u00fcrlichen Schutz vor Zecken und Fl\u00f6hen aufzubauen.<\/p>\n<p>Pulver zur einfachen Dosierung. Einfach \u00fcber die Mahlzeit deines Hundes streuen.<\/p>\n<ul>\n<li>Hochwertige, 100% nat\u00fcrliche Rohmaterialien<\/li>\n<li>Leicht zu f\u00fcttern<\/li>\n<li>Keine k\u00fcnstlichen Zusatzstoffe<\/li>\n<li>Tier\u00e4rztlich formuliert<\/li>\n<\/ul>\n<p>Die Wirkstoffe Cistuskraut, K\u00fcmmel\u00f6l, Bierhefe und Kokosnuss\u00f6l k\u00f6nnen einen nat\u00fcrlichen Schutz gegen Zecken und Fl\u00f6he bieten. Dank des hohen Gehalts an Polyphenolen k\u00f6nnen die Inhaltsstoffe das Wachstum von Mikroorganismen und Pilzen verhindern. Tick &amp; Flea Defence ist reich an Vitaminen, Mineralien und gesunden Fetten, die helfen k\u00f6nnen, das Immunsystem zu st\u00e4rken und Entz\u00fcndungen zu lindern.<\/p>\n","protected":false},"featured_media":69040,"comment_status":"closed","ping_status":"closed","template":"","meta":{"_acf_changed":false},"product_brand":[],"product_cat":[59],"product_tag":[172,173,174],"class_list":{"0":"post-65888","1":"product","2":"type-product","3":"status-publish","4":"has-post-thumbnail","6":"product_cat-erganzung","7":"product_tag-cistuskraut-schwarzkuemmeloel","8":"product_tag-pulver","9":"product_tag-schutz-vor-zecken-und-floehen","11":"first","12":"outofstock","13":"taxable","14":"shipping-taxable","15":"purchasable","16":"product-type-simple"},"acf":[],"yoast_head":"<!-- This site is optimized with the Yoast SEO plugin v27.0 - https:\/\/yoast.com\/product\/yoast-seo-wordpress\/ -->\n<title>Tick &amp; Flea Defence | Nahrungserg\u00e4nzungsmittel f\u00fcr Hunde | BuddyCare<\/title>\n<meta name=\"description\" content=\"Nat\u00fcrliches Nahrungserg\u00e4nzungsmittel f\u00fcr Hunde mit gesunden Fetten und Kr\u00e4utern f\u00fcr einen nat\u00fcrlichen Schutz gegen Zecken und L\u00e4use.\" \/>\n<meta name=\"robots\" content=\"index, follow, max-snippet:-1, max-image-preview:large, max-video-preview:-1\" \/>\n<link rel=\"canonical\" href=\"https:\/\/buddycare.com\/de\/product\/tick-defence\" \/>\n<meta property=\"og:locale\" content=\"de_DE\" \/>\n<meta property=\"og:type\" content=\"article\" \/>\n<meta property=\"og:title\" content=\"Tick &amp; Flea Defence | Nahrungserg\u00e4nzungsmittel f\u00fcr Hunde | BuddyCare\" \/>\n<meta property=\"og:description\" content=\"Nat\u00fcrliches Nahrungserg\u00e4nzungsmittel f\u00fcr Hunde mit gesunden Fetten und Kr\u00e4utern f\u00fcr einen nat\u00fcrlichen Schutz gegen Zecken und L\u00e4use.\" \/>\n<meta property=\"og:url\" content=\"https:\/\/buddycare.com\/de\/product\/tick-defence\" \/>\n<meta property=\"og:site_name\" content=\"BuddyCare DE\" \/>\n<meta property=\"article:publisher\" content=\"https:\/\/www.facebook.com\/BuddySweden\" \/>\n<meta property=\"article:modified_time\" content=\"2022-05-18T12:49:20+00:00\" \/>\n<meta property=\"og:image\" content=\"https:\/\/i0.wp.com\/buddycare.com\/de\/wp-content\/uploads\/sites\/8\/2021\/06\/Tick-Flea-Defence_Main-SKU-Image-.png?fit=2560%2C2560&ssl=1\" \/>\n\t<meta property=\"og:image:width\" content=\"2560\" \/>\n\t<meta property=\"og:image:height\" content=\"2560\" \/>\n\t<meta property=\"og:image:type\" content=\"image\/png\" \/>\n<meta name=\"twitter:card\" content=\"summary_large_image\" \/>\n<meta name=\"twitter:label1\" content=\"Gesch\u00e4tzte Lesezeit\" \/>\n\t<meta name=\"twitter:data1\" content=\"1\u00a0Minute\" \/>\n<script type=\"application\/ld+json\" class=\"yoast-schema-graph\">{\"@context\":\"https:\/\/schema.org\",\"@graph\":[{\"@type\":\"WebPage\",\"@id\":\"https:\/\/buddycare.com\/de\/product\/tick-defence\",\"url\":\"https:\/\/buddycare.com\/de\/product\/tick-defence\",\"name\":\"Tick & Flea Defence | Nahrungserg\u00e4nzungsmittel f\u00fcr Hunde | BuddyCare\",\"isPartOf\":{\"@id\":\"https:\/\/buddycare.com\/de\/#website\"},\"primaryImageOfPage\":{\"@id\":\"https:\/\/buddycare.com\/de\/product\/tick-defence#primaryimage\"},\"image\":{\"@id\":\"https:\/\/buddycare.com\/de\/product\/tick-defence#primaryimage\"},\"thumbnailUrl\":\"https:\/\/i0.wp.com\/buddycare.com\/de\/wp-content\/uploads\/sites\/8\/2021\/06\/Tick-Flea-Defence_Main-SKU-Image-.png?fit=2560%2C2560&ssl=1\",\"datePublished\":\"2021-06-10T09:32:50+00:00\",\"dateModified\":\"2022-05-18T12:49:20+00:00\",\"description\":\"Nat\u00fcrliches Nahrungserg\u00e4nzungsmittel f\u00fcr Hunde mit gesunden Fetten und Kr\u00e4utern f\u00fcr einen nat\u00fcrlichen Schutz gegen Zecken und L\u00e4use.\",\"breadcrumb\":{\"@id\":\"https:\/\/buddycare.com\/de\/product\/tick-defence#breadcrumb\"},\"inLanguage\":\"de\",\"potentialAction\":[{\"@type\":\"ReadAction\",\"target\":[\"https:\/\/buddycare.com\/de\/product\/tick-defence\"]}]},{\"@type\":\"ImageObject\",\"inLanguage\":\"de\",\"@id\":\"https:\/\/buddycare.com\/de\/product\/tick-defence#primaryimage\",\"url\":\"https:\/\/i0.wp.com\/buddycare.com\/de\/wp-content\/uploads\/sites\/8\/2021\/06\/Tick-Flea-Defence_Main-SKU-Image-.png?fit=2560%2C2560&ssl=1\",\"contentUrl\":\"https:\/\/i0.wp.com\/buddycare.com\/de\/wp-content\/uploads\/sites\/8\/2021\/06\/Tick-Flea-Defence_Main-SKU-Image-.png?fit=2560%2C2560&ssl=1\",\"width\":2560,\"height\":2560},{\"@type\":\"BreadcrumbList\",\"@id\":\"https:\/\/buddycare.com\/de\/product\/tick-defence#breadcrumb\",\"itemListElement\":[{\"@type\":\"ListItem\",\"position\":1,\"name\":\"Home\",\"item\":\"https:\/\/buddycare.com\/de\/\"},{\"@type\":\"ListItem\",\"position\":2,\"name\":\"Products\",\"item\":\"https:\/\/buddycare.com\/de\/products\"},{\"@type\":\"ListItem\",\"position\":3,\"name\":\"Zecken &#038; Floh Abwehr\"}]},{\"@type\":\"WebSite\",\"@id\":\"https:\/\/buddycare.com\/de\/#website\",\"url\":\"https:\/\/buddycare.com\/de\/\",\"name\":\"BuddyCare DE\",\"description\":\"Powered by nature, backed by science.\",\"publisher\":{\"@id\":\"https:\/\/buddycare.com\/de\/#organization\"},\"potentialAction\":[{\"@type\":\"SearchAction\",\"target\":{\"@type\":\"EntryPoint\",\"urlTemplate\":\"https:\/\/buddycare.com\/de\/?s={search_term_string}\"},\"query-input\":{\"@type\":\"PropertyValueSpecification\",\"valueRequired\":true,\"valueName\":\"search_term_string\"}}],\"inLanguage\":\"de\"},{\"@type\":\"Organization\",\"@id\":\"https:\/\/buddycare.com\/de\/#organization\",\"name\":\"Buddy Pet Foods\",\"url\":\"https:\/\/buddycare.com\/de\/\",\"logo\":{\"@type\":\"ImageObject\",\"inLanguage\":\"de\",\"@id\":\"https:\/\/buddycare.com\/de\/#\/schema\/logo\/image\/\",\"url\":\"https:\/\/i0.wp.com\/buddypetfoods.com\/se\/wp-content\/uploads\/sites\/2\/2019\/08\/howitworks_delivery.jpg?fit=660%2C440&ssl=1\",\"contentUrl\":\"https:\/\/i0.wp.com\/buddypetfoods.com\/se\/wp-content\/uploads\/sites\/2\/2019\/08\/howitworks_delivery.jpg?fit=660%2C440&ssl=1\",\"width\":660,\"height\":440,\"caption\":\"Buddy Pet Foods\"},\"image\":{\"@id\":\"https:\/\/buddycare.com\/de\/#\/schema\/logo\/image\/\"},\"sameAs\":[\"https:\/\/www.facebook.com\/BuddySweden\",\"https:\/\/www.instagram.com\/buddypetfoods\/\"]}]}<\/script>\n<!-- \/ Yoast SEO plugin. -->","yoast_head_json":{"title":"Tick & Flea Defence | Nahrungserg\u00e4nzungsmittel f\u00fcr Hunde | BuddyCare","description":"Nat\u00fcrliches Nahrungserg\u00e4nzungsmittel f\u00fcr Hunde mit gesunden Fetten und Kr\u00e4utern f\u00fcr einen nat\u00fcrlichen Schutz gegen Zecken und L\u00e4use.","robots":{"index":"index","follow":"follow","max-snippet":"max-snippet:-1","max-image-preview":"max-image-preview:large","max-video-preview":"max-video-preview:-1"},"canonical":"https:\/\/buddycare.com\/de\/product\/tick-defence","og_locale":"de_DE","og_type":"article","og_title":"Tick & Flea Defence | Nahrungserg\u00e4nzungsmittel f\u00fcr Hunde | BuddyCare","og_description":"Nat\u00fcrliches Nahrungserg\u00e4nzungsmittel f\u00fcr Hunde mit gesunden Fetten und Kr\u00e4utern f\u00fcr einen nat\u00fcrlichen Schutz gegen Zecken und L\u00e4use.","og_url":"https:\/\/buddycare.com\/de\/product\/tick-defence","og_site_name":"BuddyCare DE","article_publisher":"https:\/\/www.facebook.com\/BuddySweden","article_modified_time":"2022-05-18T12:49:20+00:00","og_image":[{"width":2560,"height":2560,"url":"https:\/\/i0.wp.com\/buddycare.com\/de\/wp-content\/uploads\/sites\/8\/2021\/06\/Tick-Flea-Defence_Main-SKU-Image-.png?fit=2560%2C2560&ssl=1","type":"image\/png"}],"twitter_card":"summary_large_image","twitter_misc":{"Gesch\u00e4tzte Lesezeit":"1\u00a0Minute"},"schema":{"@context":"https:\/\/schema.org","@graph":[{"@type":"WebPage","@id":"https:\/\/buddycare.com\/de\/product\/tick-defence","url":"https:\/\/buddycare.com\/de\/product\/tick-defence","name":"Tick & Flea Defence | Nahrungserg\u00e4nzungsmittel f\u00fcr Hunde | BuddyCare","isPartOf":{"@id":"https:\/\/buddycare.com\/de\/#website"},"primaryImageOfPage":{"@id":"https:\/\/buddycare.com\/de\/product\/tick-defence#primaryimage"},"image":{"@id":"https:\/\/buddycare.com\/de\/product\/tick-defence#primaryimage"},"thumbnailUrl":"https:\/\/i0.wp.com\/buddycare.com\/de\/wp-content\/uploads\/sites\/8\/2021\/06\/Tick-Flea-Defence_Main-SKU-Image-.png?fit=2560%2C2560&ssl=1","datePublished":"2021-06-10T09:32:50+00:00","dateModified":"2022-05-18T12:49:20+00:00","description":"Nat\u00fcrliches Nahrungserg\u00e4nzungsmittel f\u00fcr Hunde mit gesunden Fetten und Kr\u00e4utern f\u00fcr einen nat\u00fcrlichen Schutz gegen Zecken und L\u00e4use.","breadcrumb":{"@id":"https:\/\/buddycare.com\/de\/product\/tick-defence#breadcrumb"},"inLanguage":"de","potentialAction":[{"@type":"ReadAction","target":["https:\/\/buddycare.com\/de\/product\/tick-defence"]}]},{"@type":"ImageObject","inLanguage":"de","@id":"https:\/\/buddycare.com\/de\/product\/tick-defence#primaryimage","url":"https:\/\/i0.wp.com\/buddycare.com\/de\/wp-content\/uploads\/sites\/8\/2021\/06\/Tick-Flea-Defence_Main-SKU-Image-.png?fit=2560%2C2560&ssl=1","contentUrl":"https:\/\/i0.wp.com\/buddycare.com\/de\/wp-content\/uploads\/sites\/8\/2021\/06\/Tick-Flea-Defence_Main-SKU-Image-.png?fit=2560%2C2560&ssl=1","width":2560,"height":2560},{"@type":"BreadcrumbList","@id":"https:\/\/buddycare.com\/de\/product\/tick-defence#breadcrumb","itemListElement":[{"@type":"ListItem","position":1,"name":"Home","item":"https:\/\/buddycare.com\/de\/"},{"@type":"ListItem","position":2,"name":"Products","item":"https:\/\/buddycare.com\/de\/products"},{"@type":"ListItem","position":3,"name":"Zecken &#038; Floh Abwehr"}]},{"@type":"WebSite","@id":"https:\/\/buddycare.com\/de\/#website","url":"https:\/\/buddycare.com\/de\/","name":"BuddyCare DE","description":"Powered by nature, backed by science.","publisher":{"@id":"https:\/\/buddycare.com\/de\/#organization"},"potentialAction":[{"@type":"SearchAction","target":{"@type":"EntryPoint","urlTemplate":"https:\/\/buddycare.com\/de\/?s={search_term_string}"},"query-input":{"@type":"PropertyValueSpecification","valueRequired":true,"valueName":"search_term_string"}}],"inLanguage":"de"},{"@type":"Organization","@id":"https:\/\/buddycare.com\/de\/#organization","name":"Buddy Pet Foods","url":"https:\/\/buddycare.com\/de\/","logo":{"@type":"ImageObject","inLanguage":"de","@id":"https:\/\/buddycare.com\/de\/#\/schema\/logo\/image\/","url":"https:\/\/i0.wp.com\/buddypetfoods.com\/se\/wp-content\/uploads\/sites\/2\/2019\/08\/howitworks_delivery.jpg?fit=660%2C440&ssl=1","contentUrl":"https:\/\/i0.wp.com\/buddypetfoods.com\/se\/wp-content\/uploads\/sites\/2\/2019\/08\/howitworks_delivery.jpg?fit=660%2C440&ssl=1","width":660,"height":440,"caption":"Buddy Pet Foods"},"image":{"@id":"https:\/\/buddycare.com\/de\/#\/schema\/logo\/image\/"},"sameAs":["https:\/\/www.facebook.com\/BuddySweden","https:\/\/www.instagram.com\/buddypetfoods\/"]}]}},"jetpack_sharing_enabled":true,"_links":{"self":[{"href":"https:\/\/buddycare.com\/de\/wp-json\/wp\/v2\/product\/65888","targetHints":{"allow":["GET"]}}],"collection":[{"href":"https:\/\/buddycare.com\/de\/wp-json\/wp\/v2\/product"}],"about":[{"href":"https:\/\/buddycare.com\/de\/wp-json\/wp\/v2\/types\/product"}],"replies":[{"embeddable":true,"href":"https:\/\/buddycare.com\/de\/wp-json\/wp\/v2\/comments?post=65888"}],"wp:featuredmedia":[{"embeddable":true,"href":"https:\/\/buddycare.com\/de\/wp-json\/wp\/v2\/media\/69040"}],"wp:attachment":[{"href":"https:\/\/buddycare.com\/de\/wp-json\/wp\/v2\/media?parent=65888"}],"wp:term":[{"taxonomy":"product_brand","embeddable":true,"href":"https:\/\/buddycare.com\/de\/wp-json\/wp\/v2\/product_brand?post=65888"},{"taxonomy":"product_cat","embeddable":true,"href":"https:\/\/buddycare.com\/de\/wp-json\/wp\/v2\/product_cat?post=65888"},{"taxonomy":"product_tag","embeddable":true,"href":"https:\/\/buddycare.com\/de\/wp-json\/wp\/v2\/product_tag?post=65888"}],"curies":[{"name":"wp","href":"https:\/\/api.w.org\/{rel}","templated":true}]}}