{"id":65877,"date":"2021-06-10T11:01:52","date_gmt":"2021-06-10T09:01:52","guid":{"rendered":"https:\/\/buddycare.com\/de\/se\/product\/immune-support-copy"},"modified":"2022-02-17T16:59:04","modified_gmt":"2022-02-17T14:59:04","slug":"calming","status":"publish","type":"product","link":"https:\/\/buddycare.com\/de\/product\/calming","title":{"rendered":"Beruhigende Kausnacks"},"content":{"rendered":"<p>Nat\u00fcrliches Erg\u00e4nzungsmittel mit beruhigenden und ausgleichenden Kr\u00e4utern, das helfen kann Trennungsangst zu lindern und Stresssituationen entspannen kann.<\/p>\n","protected":false},"excerpt":{"rendered":"<p>Nat\u00fcrliches Erg\u00e4nzungsmittel mit beruhigenden und ausgleichenden Kr\u00e4utern, das helfen kann Trennungsangst zu lindern und Stresssituationen entspannen kann.<\/p>\n<p>&nbsp;<\/p>\n<ul>\n<li>Hochwertiges Lammfleisch &amp; S\u00fc\u00dfkartoffel<\/li>\n<li>Leicht zu f\u00fcttern<\/li>\n<li>Nat\u00fcrliche Inhaltstoffe<\/li>\n<li>Schonend kaltgepresst<\/li>\n<li>Tier\u00e4rztlich formuliert<\/li>\n<\/ul>\n<p>Unser revolution\u00e4rer Kausnack kann helfen die Verdauung zu f\u00f6rdern und ist leicht zu f\u00fcttern. Besser f\u00fcr den Hund &#8211; einfacher f\u00fcr den Hundehalter. Neben den Wirkstoffen enthalten die Kausnacks auch Lamm und S\u00fc\u00dfkartoffel, was sie f\u00fcr den Hund besonders schmackhaft macht.<\/p>\n","protected":false},"featured_media":69012,"comment_status":"closed","ping_status":"closed","template":"","meta":{"_acf_changed":false},"product_brand":[],"product_cat":[59],"product_tag":[177,178,179],"class_list":{"0":"post-65877","1":"product","2":"type-product","3":"status-publish","4":"has-post-thumbnail","6":"product_cat-erganzung","7":"product_tag-beruhigend","8":"product_tag-kausnack","9":"product_tag-lamm-suesskartoffel","11":"first","12":"instock","13":"taxable","14":"shipping-taxable","15":"purchasable","16":"product-type-simple"},"acf":[],"yoast_head":"<!-- This site is optimized with the Yoast SEO plugin v27.0 - https:\/\/yoast.com\/product\/yoast-seo-wordpress\/ -->\n<title>Beruhigende Kausnacks | Nahrungserg\u00e4nzung f\u00fcr Hunde | BuddyCare DE<\/title>\n<meta name=\"description\" content=\"Nat\u00fcrliches Nahrungserg\u00e4nzungsmittel f\u00fcr Hunde mit beruhigenden und ausgleichenden Kr\u00e4utern, die Trennungsangst lindern k\u00f6nnen und helfen kann stressige Situationen zu erleichtern.\" \/>\n<meta name=\"robots\" content=\"index, follow, max-snippet:-1, max-image-preview:large, max-video-preview:-1\" \/>\n<link rel=\"canonical\" href=\"https:\/\/buddycare.com\/de\/product\/calming\" \/>\n<meta property=\"og:locale\" content=\"de_DE\" \/>\n<meta property=\"og:type\" content=\"article\" \/>\n<meta property=\"og:title\" content=\"Beruhigende Kausnacks | Nahrungserg\u00e4nzung f\u00fcr Hunde | BuddyCare DE\" \/>\n<meta property=\"og:description\" content=\"Nat\u00fcrliches Nahrungserg\u00e4nzungsmittel f\u00fcr Hunde mit beruhigenden und ausgleichenden Kr\u00e4utern, die Trennungsangst lindern k\u00f6nnen und helfen kann stressige Situationen zu erleichtern.\" \/>\n<meta property=\"og:url\" content=\"https:\/\/buddycare.com\/de\/product\/calming\" \/>\n<meta property=\"og:site_name\" content=\"BuddyCare DE\" \/>\n<meta property=\"article:publisher\" content=\"https:\/\/www.facebook.com\/BuddySweden\" \/>\n<meta property=\"article:modified_time\" content=\"2022-02-17T14:59:04+00:00\" \/>\n<meta property=\"og:image\" content=\"https:\/\/i0.wp.com\/buddycare.com\/de\/wp-content\/uploads\/sites\/8\/2021\/06\/Calming_Main-SKU-Image.png?fit=2400%2C2400&ssl=1\" \/>\n\t<meta property=\"og:image:width\" content=\"2400\" \/>\n\t<meta property=\"og:image:height\" content=\"2400\" \/>\n\t<meta property=\"og:image:type\" content=\"image\/png\" \/>\n<meta name=\"twitter:card\" content=\"summary_large_image\" \/>\n<meta name=\"twitter:label1\" content=\"Gesch\u00e4tzte Lesezeit\" \/>\n\t<meta name=\"twitter:data1\" content=\"1\u00a0Minute\" \/>\n<script type=\"application\/ld+json\" class=\"yoast-schema-graph\">{\"@context\":\"https:\/\/schema.org\",\"@graph\":[{\"@type\":\"WebPage\",\"@id\":\"https:\/\/buddycare.com\/de\/product\/calming\",\"url\":\"https:\/\/buddycare.com\/de\/product\/calming\",\"name\":\"Beruhigende Kausnacks | Nahrungserg\u00e4nzung f\u00fcr Hunde | BuddyCare DE\",\"isPartOf\":{\"@id\":\"https:\/\/buddycare.com\/de\/#website\"},\"primaryImageOfPage\":{\"@id\":\"https:\/\/buddycare.com\/de\/product\/calming#primaryimage\"},\"image\":{\"@id\":\"https:\/\/buddycare.com\/de\/product\/calming#primaryimage\"},\"thumbnailUrl\":\"https:\/\/i0.wp.com\/buddycare.com\/de\/wp-content\/uploads\/sites\/8\/2021\/06\/Calming_Main-SKU-Image.png?fit=2400%2C2400&ssl=1\",\"datePublished\":\"2021-06-10T09:01:52+00:00\",\"dateModified\":\"2022-02-17T14:59:04+00:00\",\"description\":\"Nat\u00fcrliches Nahrungserg\u00e4nzungsmittel f\u00fcr Hunde mit beruhigenden und ausgleichenden Kr\u00e4utern, die Trennungsangst lindern k\u00f6nnen und helfen kann stressige Situationen zu erleichtern.\",\"breadcrumb\":{\"@id\":\"https:\/\/buddycare.com\/de\/product\/calming#breadcrumb\"},\"inLanguage\":\"de\",\"potentialAction\":[{\"@type\":\"ReadAction\",\"target\":[\"https:\/\/buddycare.com\/de\/product\/calming\"]}]},{\"@type\":\"ImageObject\",\"inLanguage\":\"de\",\"@id\":\"https:\/\/buddycare.com\/de\/product\/calming#primaryimage\",\"url\":\"https:\/\/i0.wp.com\/buddycare.com\/de\/wp-content\/uploads\/sites\/8\/2021\/06\/Calming_Main-SKU-Image.png?fit=2400%2C2400&ssl=1\",\"contentUrl\":\"https:\/\/i0.wp.com\/buddycare.com\/de\/wp-content\/uploads\/sites\/8\/2021\/06\/Calming_Main-SKU-Image.png?fit=2400%2C2400&ssl=1\",\"width\":2400,\"height\":2400,\"caption\":\"Nahrungserg\u00e4nzung f\u00fcr Hunde Beruhigende Kausnacks mit Lamm und S\u00fc\u00dfkartoffel und L-Tryptophan\"},{\"@type\":\"BreadcrumbList\",\"@id\":\"https:\/\/buddycare.com\/de\/product\/calming#breadcrumb\",\"itemListElement\":[{\"@type\":\"ListItem\",\"position\":1,\"name\":\"Home\",\"item\":\"https:\/\/buddycare.com\/de\/\"},{\"@type\":\"ListItem\",\"position\":2,\"name\":\"Products\",\"item\":\"https:\/\/buddycare.com\/de\/products\"},{\"@type\":\"ListItem\",\"position\":3,\"name\":\"Beruhigende Kausnacks\"}]},{\"@type\":\"WebSite\",\"@id\":\"https:\/\/buddycare.com\/de\/#website\",\"url\":\"https:\/\/buddycare.com\/de\/\",\"name\":\"BuddyCare DE\",\"description\":\"Powered by nature, backed by science.\",\"publisher\":{\"@id\":\"https:\/\/buddycare.com\/de\/#organization\"},\"potentialAction\":[{\"@type\":\"SearchAction\",\"target\":{\"@type\":\"EntryPoint\",\"urlTemplate\":\"https:\/\/buddycare.com\/de\/?s={search_term_string}\"},\"query-input\":{\"@type\":\"PropertyValueSpecification\",\"valueRequired\":true,\"valueName\":\"search_term_string\"}}],\"inLanguage\":\"de\"},{\"@type\":\"Organization\",\"@id\":\"https:\/\/buddycare.com\/de\/#organization\",\"name\":\"Buddy Pet Foods\",\"url\":\"https:\/\/buddycare.com\/de\/\",\"logo\":{\"@type\":\"ImageObject\",\"inLanguage\":\"de\",\"@id\":\"https:\/\/buddycare.com\/de\/#\/schema\/logo\/image\/\",\"url\":\"https:\/\/i0.wp.com\/buddypetfoods.com\/se\/wp-content\/uploads\/sites\/2\/2019\/08\/howitworks_delivery.jpg?fit=660%2C440&ssl=1\",\"contentUrl\":\"https:\/\/i0.wp.com\/buddypetfoods.com\/se\/wp-content\/uploads\/sites\/2\/2019\/08\/howitworks_delivery.jpg?fit=660%2C440&ssl=1\",\"width\":660,\"height\":440,\"caption\":\"Buddy Pet Foods\"},\"image\":{\"@id\":\"https:\/\/buddycare.com\/de\/#\/schema\/logo\/image\/\"},\"sameAs\":[\"https:\/\/www.facebook.com\/BuddySweden\",\"https:\/\/www.instagram.com\/buddypetfoods\/\"]}]}<\/script>\n<!-- \/ Yoast SEO plugin. -->","yoast_head_json":{"title":"Beruhigende Kausnacks | Nahrungserg\u00e4nzung f\u00fcr Hunde | BuddyCare DE","description":"Nat\u00fcrliches Nahrungserg\u00e4nzungsmittel f\u00fcr Hunde mit beruhigenden und ausgleichenden Kr\u00e4utern, die Trennungsangst lindern k\u00f6nnen und helfen kann stressige Situationen zu erleichtern.","robots":{"index":"index","follow":"follow","max-snippet":"max-snippet:-1","max-image-preview":"max-image-preview:large","max-video-preview":"max-video-preview:-1"},"canonical":"https:\/\/buddycare.com\/de\/product\/calming","og_locale":"de_DE","og_type":"article","og_title":"Beruhigende Kausnacks | Nahrungserg\u00e4nzung f\u00fcr Hunde | BuddyCare DE","og_description":"Nat\u00fcrliches Nahrungserg\u00e4nzungsmittel f\u00fcr Hunde mit beruhigenden und ausgleichenden Kr\u00e4utern, die Trennungsangst lindern k\u00f6nnen und helfen kann stressige Situationen zu erleichtern.","og_url":"https:\/\/buddycare.com\/de\/product\/calming","og_site_name":"BuddyCare DE","article_publisher":"https:\/\/www.facebook.com\/BuddySweden","article_modified_time":"2022-02-17T14:59:04+00:00","og_image":[{"width":2400,"height":2400,"url":"https:\/\/i0.wp.com\/buddycare.com\/de\/wp-content\/uploads\/sites\/8\/2021\/06\/Calming_Main-SKU-Image.png?fit=2400%2C2400&ssl=1","type":"image\/png"}],"twitter_card":"summary_large_image","twitter_misc":{"Gesch\u00e4tzte Lesezeit":"1\u00a0Minute"},"schema":{"@context":"https:\/\/schema.org","@graph":[{"@type":"WebPage","@id":"https:\/\/buddycare.com\/de\/product\/calming","url":"https:\/\/buddycare.com\/de\/product\/calming","name":"Beruhigende Kausnacks | Nahrungserg\u00e4nzung f\u00fcr Hunde | BuddyCare DE","isPartOf":{"@id":"https:\/\/buddycare.com\/de\/#website"},"primaryImageOfPage":{"@id":"https:\/\/buddycare.com\/de\/product\/calming#primaryimage"},"image":{"@id":"https:\/\/buddycare.com\/de\/product\/calming#primaryimage"},"thumbnailUrl":"https:\/\/i0.wp.com\/buddycare.com\/de\/wp-content\/uploads\/sites\/8\/2021\/06\/Calming_Main-SKU-Image.png?fit=2400%2C2400&ssl=1","datePublished":"2021-06-10T09:01:52+00:00","dateModified":"2022-02-17T14:59:04+00:00","description":"Nat\u00fcrliches Nahrungserg\u00e4nzungsmittel f\u00fcr Hunde mit beruhigenden und ausgleichenden Kr\u00e4utern, die Trennungsangst lindern k\u00f6nnen und helfen kann stressige Situationen zu erleichtern.","breadcrumb":{"@id":"https:\/\/buddycare.com\/de\/product\/calming#breadcrumb"},"inLanguage":"de","potentialAction":[{"@type":"ReadAction","target":["https:\/\/buddycare.com\/de\/product\/calming"]}]},{"@type":"ImageObject","inLanguage":"de","@id":"https:\/\/buddycare.com\/de\/product\/calming#primaryimage","url":"https:\/\/i0.wp.com\/buddycare.com\/de\/wp-content\/uploads\/sites\/8\/2021\/06\/Calming_Main-SKU-Image.png?fit=2400%2C2400&ssl=1","contentUrl":"https:\/\/i0.wp.com\/buddycare.com\/de\/wp-content\/uploads\/sites\/8\/2021\/06\/Calming_Main-SKU-Image.png?fit=2400%2C2400&ssl=1","width":2400,"height":2400,"caption":"Nahrungserg\u00e4nzung f\u00fcr Hunde Beruhigende Kausnacks mit Lamm und S\u00fc\u00dfkartoffel und L-Tryptophan"},{"@type":"BreadcrumbList","@id":"https:\/\/buddycare.com\/de\/product\/calming#breadcrumb","itemListElement":[{"@type":"ListItem","position":1,"name":"Home","item":"https:\/\/buddycare.com\/de\/"},{"@type":"ListItem","position":2,"name":"Products","item":"https:\/\/buddycare.com\/de\/products"},{"@type":"ListItem","position":3,"name":"Beruhigende Kausnacks"}]},{"@type":"WebSite","@id":"https:\/\/buddycare.com\/de\/#website","url":"https:\/\/buddycare.com\/de\/","name":"BuddyCare DE","description":"Powered by nature, backed by science.","publisher":{"@id":"https:\/\/buddycare.com\/de\/#organization"},"potentialAction":[{"@type":"SearchAction","target":{"@type":"EntryPoint","urlTemplate":"https:\/\/buddycare.com\/de\/?s={search_term_string}"},"query-input":{"@type":"PropertyValueSpecification","valueRequired":true,"valueName":"search_term_string"}}],"inLanguage":"de"},{"@type":"Organization","@id":"https:\/\/buddycare.com\/de\/#organization","name":"Buddy Pet Foods","url":"https:\/\/buddycare.com\/de\/","logo":{"@type":"ImageObject","inLanguage":"de","@id":"https:\/\/buddycare.com\/de\/#\/schema\/logo\/image\/","url":"https:\/\/i0.wp.com\/buddypetfoods.com\/se\/wp-content\/uploads\/sites\/2\/2019\/08\/howitworks_delivery.jpg?fit=660%2C440&ssl=1","contentUrl":"https:\/\/i0.wp.com\/buddypetfoods.com\/se\/wp-content\/uploads\/sites\/2\/2019\/08\/howitworks_delivery.jpg?fit=660%2C440&ssl=1","width":660,"height":440,"caption":"Buddy Pet Foods"},"image":{"@id":"https:\/\/buddycare.com\/de\/#\/schema\/logo\/image\/"},"sameAs":["https:\/\/www.facebook.com\/BuddySweden","https:\/\/www.instagram.com\/buddypetfoods\/"]}]}},"jetpack_sharing_enabled":true,"_links":{"self":[{"href":"https:\/\/buddycare.com\/de\/wp-json\/wp\/v2\/product\/65877","targetHints":{"allow":["GET"]}}],"collection":[{"href":"https:\/\/buddycare.com\/de\/wp-json\/wp\/v2\/product"}],"about":[{"href":"https:\/\/buddycare.com\/de\/wp-json\/wp\/v2\/types\/product"}],"replies":[{"embeddable":true,"href":"https:\/\/buddycare.com\/de\/wp-json\/wp\/v2\/comments?post=65877"}],"wp:featuredmedia":[{"embeddable":true,"href":"https:\/\/buddycare.com\/de\/wp-json\/wp\/v2\/media\/69012"}],"wp:attachment":[{"href":"https:\/\/buddycare.com\/de\/wp-json\/wp\/v2\/media?parent=65877"}],"wp:term":[{"taxonomy":"product_brand","embeddable":true,"href":"https:\/\/buddycare.com\/de\/wp-json\/wp\/v2\/product_brand?post=65877"},{"taxonomy":"product_cat","embeddable":true,"href":"https:\/\/buddycare.com\/de\/wp-json\/wp\/v2\/product_cat?post=65877"},{"taxonomy":"product_tag","embeddable":true,"href":"https:\/\/buddycare.com\/de\/wp-json\/wp\/v2\/product_tag?post=65877"}],"curies":[{"name":"wp","href":"https:\/\/api.w.org\/{rel}","templated":true}]}}