{"id":65859,"date":"2021-06-10T10:39:20","date_gmt":"2021-06-10T08:39:20","guid":{"rendered":"https:\/\/buddycare.com\/de\/se\/?post_type=product&#038;p=65859"},"modified":"2023-03-17T09:51:21","modified_gmt":"2023-03-17T07:51:21","slug":"bone-joint","status":"publish","type":"product","link":"https:\/\/buddycare.com\/de\/product\/bone-joint","title":{"rendered":"Bone &#038; Joint"},"content":{"rendered":"<p>Nat\u00fcrliches Erg\u00e4nzungsmittel mit Gr\u00fcnlippmuschel, MSM, Chondroitin und Glucosamin, welches helfen kann die Gesundheit von Knochen, Gelenken und B\u00e4ndern zu f\u00f6rdern.<\/p>\n","protected":false},"excerpt":{"rendered":"<p>Nat\u00fcrliches Erg\u00e4nzungsmittel mit Gr\u00fcnlippmuschel, MSM, Chondroitin und Glucosamin, welches helfen kann die Gesundheit von Knochen, Gelenken und B\u00e4ndern zu f\u00f6rdern.<\/p>\n<p>&nbsp;<\/p>\n<ul>\n<li>Hochwertiges Lammfleisch &amp; S\u00fc\u00dfkartoffel<\/li>\n<li>Leicht zu f\u00fcttern<\/li>\n<li>Nat\u00fcrliche Inhaltstoffe<\/li>\n<li>Schonend kaltgepresst<\/li>\n<li>Tier\u00e4rztlich formuliert<\/li>\n<\/ul>\n<p>Unser revolution\u00e4rer Kausnack kann helfen die Verdauung zu f\u00f6rdern und ist leicht zu f\u00fcttern. Neben den aktiven Inhaltsstoffen enthalten die Kausnacks Lamm und S\u00fc\u00dfkartoffel, was sie f\u00fcr den Hund besonders schmackhaft macht.<\/p>\n","protected":false},"featured_media":69021,"comment_status":"closed","ping_status":"closed","template":"","meta":{"_acf_changed":false},"product_brand":[],"product_cat":[59],"product_tag":[178,182,179],"class_list":{"0":"post-65859","1":"product","2":"type-product","3":"status-publish","4":"has-post-thumbnail","6":"product_cat-erganzung","7":"product_tag-kausnack","8":"product_tag-knochen-gelenke","9":"product_tag-lamm-suesskartoffel","11":"first","12":"outofstock","13":"taxable","14":"shipping-taxable","15":"purchasable","16":"product-type-simple"},"acf":[],"yoast_head":"<!-- This site is optimized with the Yoast SEO plugin v27.0 - https:\/\/yoast.com\/product\/yoast-seo-wordpress\/ -->\n<title>Bone &amp; Joint | 100% nat\u00fcrliche Nahrungserg\u00e4nzung f\u00fcr Hunde | BuddyCare DE<\/title>\n<meta name=\"description\" content=\"Nat\u00fcrliches Nahrungserg\u00e4nzungsmittel mit Gr\u00fcnlippmuschel, MSM, Chondroitin und Glucosamin, das helfen kann, gesunde Knochen, B\u00e4nder und Gelenke zu f\u00f6rdern.\" \/>\n<meta name=\"robots\" content=\"index, follow, max-snippet:-1, max-image-preview:large, max-video-preview:-1\" \/>\n<link rel=\"canonical\" href=\"https:\/\/buddycare.com\/de\/product\/bone-joint\" \/>\n<meta property=\"og:locale\" content=\"de_DE\" \/>\n<meta property=\"og:type\" content=\"article\" \/>\n<meta property=\"og:title\" content=\"Bone &amp; Joint | 100% nat\u00fcrliche Nahrungserg\u00e4nzung f\u00fcr Hunde | BuddyCare DE\" \/>\n<meta property=\"og:description\" content=\"Nat\u00fcrliches Nahrungserg\u00e4nzungsmittel mit Gr\u00fcnlippmuschel, MSM, Chondroitin und Glucosamin, das helfen kann, gesunde Knochen, B\u00e4nder und Gelenke zu f\u00f6rdern.\" \/>\n<meta property=\"og:url\" content=\"https:\/\/buddycare.com\/de\/product\/bone-joint\" \/>\n<meta property=\"og:site_name\" content=\"BuddyCare DE\" \/>\n<meta property=\"article:publisher\" content=\"https:\/\/www.facebook.com\/BuddySweden\" \/>\n<meta property=\"article:modified_time\" content=\"2023-03-17T07:51:21+00:00\" \/>\n<meta property=\"og:image\" content=\"https:\/\/i0.wp.com\/buddycare.com\/de\/wp-content\/uploads\/sites\/8\/2021\/06\/Bone-Joint_Ingredients-SKU-Image.png?fit=2400%2C2400&ssl=1\" \/>\n\t<meta property=\"og:image:width\" content=\"2400\" \/>\n\t<meta property=\"og:image:height\" content=\"2400\" \/>\n\t<meta property=\"og:image:type\" content=\"image\/png\" \/>\n<meta name=\"twitter:card\" content=\"summary_large_image\" \/>\n<meta name=\"twitter:label1\" content=\"Gesch\u00e4tzte Lesezeit\" \/>\n\t<meta name=\"twitter:data1\" content=\"1\u00a0Minute\" \/>\n<script type=\"application\/ld+json\" class=\"yoast-schema-graph\">{\"@context\":\"https:\/\/schema.org\",\"@graph\":[{\"@type\":\"WebPage\",\"@id\":\"https:\/\/buddycare.com\/de\/product\/bone-joint\",\"url\":\"https:\/\/buddycare.com\/de\/product\/bone-joint\",\"name\":\"Bone & Joint | 100% nat\u00fcrliche Nahrungserg\u00e4nzung f\u00fcr Hunde | BuddyCare DE\",\"isPartOf\":{\"@id\":\"https:\/\/buddycare.com\/de\/#website\"},\"primaryImageOfPage\":{\"@id\":\"https:\/\/buddycare.com\/de\/product\/bone-joint#primaryimage\"},\"image\":{\"@id\":\"https:\/\/buddycare.com\/de\/product\/bone-joint#primaryimage\"},\"thumbnailUrl\":\"https:\/\/i0.wp.com\/buddycare.com\/de\/wp-content\/uploads\/sites\/8\/2021\/06\/Bone-Joint_Ingredients-SKU-Image.png?fit=2400%2C2400&ssl=1\",\"datePublished\":\"2021-06-10T08:39:20+00:00\",\"dateModified\":\"2023-03-17T07:51:21+00:00\",\"description\":\"Nat\u00fcrliches Nahrungserg\u00e4nzungsmittel mit Gr\u00fcnlippmuschel, MSM, Chondroitin und Glucosamin, das helfen kann, gesunde Knochen, B\u00e4nder und Gelenke zu f\u00f6rdern.\",\"breadcrumb\":{\"@id\":\"https:\/\/buddycare.com\/de\/product\/bone-joint#breadcrumb\"},\"inLanguage\":\"de\",\"potentialAction\":[{\"@type\":\"ReadAction\",\"target\":[\"https:\/\/buddycare.com\/de\/product\/bone-joint\"]}]},{\"@type\":\"ImageObject\",\"inLanguage\":\"de\",\"@id\":\"https:\/\/buddycare.com\/de\/product\/bone-joint#primaryimage\",\"url\":\"https:\/\/i0.wp.com\/buddycare.com\/de\/wp-content\/uploads\/sites\/8\/2021\/06\/Bone-Joint_Ingredients-SKU-Image.png?fit=2400%2C2400&ssl=1\",\"contentUrl\":\"https:\/\/i0.wp.com\/buddycare.com\/de\/wp-content\/uploads\/sites\/8\/2021\/06\/Bone-Joint_Ingredients-SKU-Image.png?fit=2400%2C2400&ssl=1\",\"width\":2400,\"height\":2400,\"caption\":\"Nahrungserg\u00e4nzung f\u00fcr Hunde Knochen & Gelenke Kausnacks mit Lamm und S\u00fc\u00dfkartoffel\"},{\"@type\":\"BreadcrumbList\",\"@id\":\"https:\/\/buddycare.com\/de\/product\/bone-joint#breadcrumb\",\"itemListElement\":[{\"@type\":\"ListItem\",\"position\":1,\"name\":\"Home\",\"item\":\"https:\/\/buddycare.com\/de\/\"},{\"@type\":\"ListItem\",\"position\":2,\"name\":\"Products\",\"item\":\"https:\/\/buddycare.com\/de\/products\"},{\"@type\":\"ListItem\",\"position\":3,\"name\":\"Bone &#038; Joint\"}]},{\"@type\":\"WebSite\",\"@id\":\"https:\/\/buddycare.com\/de\/#website\",\"url\":\"https:\/\/buddycare.com\/de\/\",\"name\":\"BuddyCare DE\",\"description\":\"Powered by nature, backed by science.\",\"publisher\":{\"@id\":\"https:\/\/buddycare.com\/de\/#organization\"},\"potentialAction\":[{\"@type\":\"SearchAction\",\"target\":{\"@type\":\"EntryPoint\",\"urlTemplate\":\"https:\/\/buddycare.com\/de\/?s={search_term_string}\"},\"query-input\":{\"@type\":\"PropertyValueSpecification\",\"valueRequired\":true,\"valueName\":\"search_term_string\"}}],\"inLanguage\":\"de\"},{\"@type\":\"Organization\",\"@id\":\"https:\/\/buddycare.com\/de\/#organization\",\"name\":\"Buddy Pet Foods\",\"url\":\"https:\/\/buddycare.com\/de\/\",\"logo\":{\"@type\":\"ImageObject\",\"inLanguage\":\"de\",\"@id\":\"https:\/\/buddycare.com\/de\/#\/schema\/logo\/image\/\",\"url\":\"https:\/\/i0.wp.com\/buddypetfoods.com\/se\/wp-content\/uploads\/sites\/2\/2019\/08\/howitworks_delivery.jpg?fit=660%2C440&ssl=1\",\"contentUrl\":\"https:\/\/i0.wp.com\/buddypetfoods.com\/se\/wp-content\/uploads\/sites\/2\/2019\/08\/howitworks_delivery.jpg?fit=660%2C440&ssl=1\",\"width\":660,\"height\":440,\"caption\":\"Buddy Pet Foods\"},\"image\":{\"@id\":\"https:\/\/buddycare.com\/de\/#\/schema\/logo\/image\/\"},\"sameAs\":[\"https:\/\/www.facebook.com\/BuddySweden\",\"https:\/\/www.instagram.com\/buddypetfoods\/\"]}]}<\/script>\n<!-- \/ Yoast SEO plugin. -->","yoast_head_json":{"title":"Bone & Joint | 100% nat\u00fcrliche Nahrungserg\u00e4nzung f\u00fcr Hunde | BuddyCare DE","description":"Nat\u00fcrliches Nahrungserg\u00e4nzungsmittel mit Gr\u00fcnlippmuschel, MSM, Chondroitin und Glucosamin, das helfen kann, gesunde Knochen, B\u00e4nder und Gelenke zu f\u00f6rdern.","robots":{"index":"index","follow":"follow","max-snippet":"max-snippet:-1","max-image-preview":"max-image-preview:large","max-video-preview":"max-video-preview:-1"},"canonical":"https:\/\/buddycare.com\/de\/product\/bone-joint","og_locale":"de_DE","og_type":"article","og_title":"Bone & Joint | 100% nat\u00fcrliche Nahrungserg\u00e4nzung f\u00fcr Hunde | BuddyCare DE","og_description":"Nat\u00fcrliches Nahrungserg\u00e4nzungsmittel mit Gr\u00fcnlippmuschel, MSM, Chondroitin und Glucosamin, das helfen kann, gesunde Knochen, B\u00e4nder und Gelenke zu f\u00f6rdern.","og_url":"https:\/\/buddycare.com\/de\/product\/bone-joint","og_site_name":"BuddyCare DE","article_publisher":"https:\/\/www.facebook.com\/BuddySweden","article_modified_time":"2023-03-17T07:51:21+00:00","og_image":[{"width":2400,"height":2400,"url":"https:\/\/i0.wp.com\/buddycare.com\/de\/wp-content\/uploads\/sites\/8\/2021\/06\/Bone-Joint_Ingredients-SKU-Image.png?fit=2400%2C2400&ssl=1","type":"image\/png"}],"twitter_card":"summary_large_image","twitter_misc":{"Gesch\u00e4tzte Lesezeit":"1\u00a0Minute"},"schema":{"@context":"https:\/\/schema.org","@graph":[{"@type":"WebPage","@id":"https:\/\/buddycare.com\/de\/product\/bone-joint","url":"https:\/\/buddycare.com\/de\/product\/bone-joint","name":"Bone & Joint | 100% nat\u00fcrliche Nahrungserg\u00e4nzung f\u00fcr Hunde | BuddyCare DE","isPartOf":{"@id":"https:\/\/buddycare.com\/de\/#website"},"primaryImageOfPage":{"@id":"https:\/\/buddycare.com\/de\/product\/bone-joint#primaryimage"},"image":{"@id":"https:\/\/buddycare.com\/de\/product\/bone-joint#primaryimage"},"thumbnailUrl":"https:\/\/i0.wp.com\/buddycare.com\/de\/wp-content\/uploads\/sites\/8\/2021\/06\/Bone-Joint_Ingredients-SKU-Image.png?fit=2400%2C2400&ssl=1","datePublished":"2021-06-10T08:39:20+00:00","dateModified":"2023-03-17T07:51:21+00:00","description":"Nat\u00fcrliches Nahrungserg\u00e4nzungsmittel mit Gr\u00fcnlippmuschel, MSM, Chondroitin und Glucosamin, das helfen kann, gesunde Knochen, B\u00e4nder und Gelenke zu f\u00f6rdern.","breadcrumb":{"@id":"https:\/\/buddycare.com\/de\/product\/bone-joint#breadcrumb"},"inLanguage":"de","potentialAction":[{"@type":"ReadAction","target":["https:\/\/buddycare.com\/de\/product\/bone-joint"]}]},{"@type":"ImageObject","inLanguage":"de","@id":"https:\/\/buddycare.com\/de\/product\/bone-joint#primaryimage","url":"https:\/\/i0.wp.com\/buddycare.com\/de\/wp-content\/uploads\/sites\/8\/2021\/06\/Bone-Joint_Ingredients-SKU-Image.png?fit=2400%2C2400&ssl=1","contentUrl":"https:\/\/i0.wp.com\/buddycare.com\/de\/wp-content\/uploads\/sites\/8\/2021\/06\/Bone-Joint_Ingredients-SKU-Image.png?fit=2400%2C2400&ssl=1","width":2400,"height":2400,"caption":"Nahrungserg\u00e4nzung f\u00fcr Hunde Knochen & Gelenke Kausnacks mit Lamm und S\u00fc\u00dfkartoffel"},{"@type":"BreadcrumbList","@id":"https:\/\/buddycare.com\/de\/product\/bone-joint#breadcrumb","itemListElement":[{"@type":"ListItem","position":1,"name":"Home","item":"https:\/\/buddycare.com\/de\/"},{"@type":"ListItem","position":2,"name":"Products","item":"https:\/\/buddycare.com\/de\/products"},{"@type":"ListItem","position":3,"name":"Bone &#038; Joint"}]},{"@type":"WebSite","@id":"https:\/\/buddycare.com\/de\/#website","url":"https:\/\/buddycare.com\/de\/","name":"BuddyCare DE","description":"Powered by nature, backed by science.","publisher":{"@id":"https:\/\/buddycare.com\/de\/#organization"},"potentialAction":[{"@type":"SearchAction","target":{"@type":"EntryPoint","urlTemplate":"https:\/\/buddycare.com\/de\/?s={search_term_string}"},"query-input":{"@type":"PropertyValueSpecification","valueRequired":true,"valueName":"search_term_string"}}],"inLanguage":"de"},{"@type":"Organization","@id":"https:\/\/buddycare.com\/de\/#organization","name":"Buddy Pet Foods","url":"https:\/\/buddycare.com\/de\/","logo":{"@type":"ImageObject","inLanguage":"de","@id":"https:\/\/buddycare.com\/de\/#\/schema\/logo\/image\/","url":"https:\/\/i0.wp.com\/buddypetfoods.com\/se\/wp-content\/uploads\/sites\/2\/2019\/08\/howitworks_delivery.jpg?fit=660%2C440&ssl=1","contentUrl":"https:\/\/i0.wp.com\/buddypetfoods.com\/se\/wp-content\/uploads\/sites\/2\/2019\/08\/howitworks_delivery.jpg?fit=660%2C440&ssl=1","width":660,"height":440,"caption":"Buddy Pet Foods"},"image":{"@id":"https:\/\/buddycare.com\/de\/#\/schema\/logo\/image\/"},"sameAs":["https:\/\/www.facebook.com\/BuddySweden","https:\/\/www.instagram.com\/buddypetfoods\/"]}]}},"jetpack_sharing_enabled":true,"_links":{"self":[{"href":"https:\/\/buddycare.com\/de\/wp-json\/wp\/v2\/product\/65859","targetHints":{"allow":["GET"]}}],"collection":[{"href":"https:\/\/buddycare.com\/de\/wp-json\/wp\/v2\/product"}],"about":[{"href":"https:\/\/buddycare.com\/de\/wp-json\/wp\/v2\/types\/product"}],"replies":[{"embeddable":true,"href":"https:\/\/buddycare.com\/de\/wp-json\/wp\/v2\/comments?post=65859"}],"wp:featuredmedia":[{"embeddable":true,"href":"https:\/\/buddycare.com\/de\/wp-json\/wp\/v2\/media\/69021"}],"wp:attachment":[{"href":"https:\/\/buddycare.com\/de\/wp-json\/wp\/v2\/media?parent=65859"}],"wp:term":[{"taxonomy":"product_brand","embeddable":true,"href":"https:\/\/buddycare.com\/de\/wp-json\/wp\/v2\/product_brand?post=65859"},{"taxonomy":"product_cat","embeddable":true,"href":"https:\/\/buddycare.com\/de\/wp-json\/wp\/v2\/product_cat?post=65859"},{"taxonomy":"product_tag","embeddable":true,"href":"https:\/\/buddycare.com\/de\/wp-json\/wp\/v2\/product_tag?post=65859"}],"curies":[{"name":"wp","href":"https:\/\/api.w.org\/{rel}","templated":true}]}}