{"id":75919,"date":"2022-01-30T21:26:01","date_gmt":"2022-01-30T19:26:01","guid":{"rendered":"https:\/\/buddycare.com\/de\/datenschutzbestimmungen-copy"},"modified":"2022-01-30T21:32:18","modified_gmt":"2022-01-30T19:32:18","slug":"widerrufsbelehrung","status":"publish","type":"page","link":"https:\/\/buddycare.com\/de\/widerrufsbelehrung","title":{"rendered":"Widerrufsbelehrung"},"content":{"rendered":"\n<h2>\n\t\tWiderrufsbelehrung\n\t<\/h2>\n\t\n<p>Verbraucher haben ein drei\u00dfigt\u00e4giges Widerrufsrecht.<\/p>\n<p><strong>Widerrufsrecht<\/strong> <\/p>\n<p>Sie haben das Recht, binnen drei\u00dfig Tagen ohne Angabe von Gr\u00fcnden diesen Vertrag zu widerrufen. Die Widerrufsfrist betr\u00e4gt  drei\u00dfig Tage ab dem Tag an dem Sie oder ein von Ihnen benannter Dritter, der nicht der Bef\u00f6rderer ist, die Waren in Besitz genommen haben bzw. hat. <\/p>\n<p>Um Ihr Widerrufsrecht auszu\u00fcben, m\u00fcssen Sie uns (BuddyCare, Holl\u00e4ndergatan 22, 11359 Stockholm, Schweden, hello@buddycare.com, Telefon: 46 85 51 070 98) mittels einer eindeutigen Erkl\u00e4rung (z.B. ein mit der Post versandter Brief, Telefax oder E-Mail) \u00fcber Ihren Entschluss, diesen Vertrag zu widerrufen, informieren. Sie k\u00f6nnen daf\u00fcr das beigef\u00fcgte Muster-Widerrufsformular verwenden, das jedoch nicht vorgeschrieben ist. <\/p>\n<p>Zur Wahrung der Widerrufsfrist reicht es aus, dass Sie die Mitteilung \u00fcber die Aus\u00fcbung des Widerrufsrechts vor Ablauf der Widerrufsfrist absenden.  <\/p>\n<p><strong>Folgen des Widerrufs <\/strong> <\/p>\n<p>Wenn Sie diesen Vertrag widerrufen, haben wir Ihnen alle Zahlungen, die wir von Ihnen erhalten haben, einschlie\u00dflich der Lieferkosten (mit Ausnahme der zus\u00e4tzlichen Kosten, die sich daraus ergeben, dass Sie eine andere Art der Lieferung als die von uns angebotene, g\u00fcnstigste Standardlieferung gew\u00e4hlt haben), unverz\u00fcglich und sp\u00e4testens binnen vierzehn Tagen ab dem Tag zur\u00fcckzuzahlen, an dem die Mitteilung \u00fcber Ihren Widerruf dieses Vertrags bei uns eingegangen ist. F\u00fcr diese R\u00fcckzahlung verwenden wir dasselbe Zahlungsmittel, das Sie bei der urspr\u00fcnglichen Transaktion eingesetzt haben, es sei denn, mit Ihnen wurde ausdr\u00fccklich etwas anderes vereinbart; in keinem Fall werden Ihnen wegen dieser R\u00fcckzahlung Entgelte berechnet. Wir k\u00f6nnen die R\u00fcckzahlung verweigern, bis wir die Waren wieder zur\u00fcckerhalten haben oder bis Sie den Nachweis erbracht haben, dass Sie die Waren zur\u00fcckgesandt haben, je nachdem, welches der fr\u00fchere Zeitpunkt ist. <\/p>\n<p>Sie haben die Waren unverz\u00fcglich und in jedem Fall sp\u00e4testens binnen vierzehn Tagen ab dem Tag, an dem Sie uns \u00fcber den Widerruf dieses Vertrags unterrichten, an uns oder an DreamLogistics C\/O: BuddyCare (Fanergatan 14B, 56633 HABO, Schweden) zur\u00fcckzusenden oder zu \u00fcbergeben. Die Frist ist gewahrt, wenn Sie die Waren vor Ablauf der Frist von vierzehn Tagen absenden.  Sie tragen die unmittelbaren Kosten der R\u00fccksendung der Waren. Sie m\u00fcssen f\u00fcr einen etwaigen Wertverlust der Waren nur aufkommen, wenn dieser Wertverlust auf einen zur Pr\u00fcfung der Beschaffenheit, Eigenschaften und Funktionsweise der Waren nicht notwendigen Umgang mit ihnen zur\u00fcckzuf\u00fchren ist. <\/p>\n<table border=\"1\" cellpadding=\"1\" cellspacing=\"1\">\n<tbody>\n<tr>\n<td>\n\n\n<p>\u2013 An BuddyCare, Holl\u00e4ndergatan 22, 11359 Stockholm, Schweden, hello@buddycare.com<\/p>\n<p>\u2013 Hiermit widerrufe(n) ich\/wir (*) den von mir\/uns (*) abgeschlossenen Vertrag \u00fcber den Kauf der folgenden<br> Waren (*)\/die Erbringung der folgenden Dienstleistung (*)<\/p>\n<p>\u2013 Bestellt am (*)\/erhalten am (*)<\/p>\n<p>\u2013 Name des\/der Verbraucher(s)<\/p>\n<p>\u2013 Anschrift des\/der Verbraucher(s)<\/p>\n<p>\u2013 Unterschrift des\/der Verbraucher(s) (nur bei Mitteilung auf Papier)<\/p>\n<p>\u2013 Datum<\/p>\n\n<\/td>\n<\/tr>\n<\/tbody>\n<\/table>\n<p><strong>Besondere Hinweise<\/strong><br>Wenn Sie diesen Vertrag durch ein Darlehen finanzieren und ihn sp\u00e4ter widerrufen, sind sie auch an den Darlehensvertrag nicht mehr gebunden, sofern beide Vertr\u00e4ge eine wirtschaftliche Einheit bilden. Dies ist insbesondere dann anzunehmen, wenn wir gleichzeitig Ihr Darlehensgeber sind oder wenn sich Ihr Darlehensgeber im Hinblick auf die Finanzierung unserer Mitwirkung bedient. Wenn uns das Darlehen bei Wirksamwerden des Widerrufs bereits zugeflossen ist, tritt Ihr Darlehensgeber im Verh\u00e4ltnis zu Ihnen hinsichtlich der Rechtsfolgen des Widerrufs oder der R\u00fcckgabe in unsere Rechte und Pflichten aus dem finanzierten Vertrag ein. Letzteres gilt nicht, wenn der vorliegende Vertrag den Erwerb von Finanzinstrumenten (z.B. von Wertpapieren, Devisen oder Derivaten) zum Gegenstand hat.<\/p>\n<p>Wollen Sie eine vertragliche Bindung so weitgehend wie m\u00f6glich vermeiden, machen Sie von Ihrem Widerrufsrecht Gebrauch und widerrufen Sie zudem den Darlehensvertrag, wenn Ihnen auch daf\u00fcr ein Widerrufsrecht zusteht.<\/p>\n","protected":false},"excerpt":{"rendered":"<p>Widerrufsbelehrung Verbraucher haben ein drei\u00dfigt\u00e4giges Widerrufsrecht. Widerrufsrecht Sie haben das Recht,<\/p>\n","protected":false},"author":5480,"featured_media":0,"parent":0,"menu_order":0,"comment_status":"closed","ping_status":"closed","template":"","meta":{"_acf_changed":false,"footnotes":""},"class_list":["post-75919","page","type-page","status-publish","hentry"],"acf":[],"yoast_head":"<!-- This site is optimized with the Yoast SEO plugin v27.0 - https:\/\/yoast.com\/product\/yoast-seo-wordpress\/ -->\n<title>Widerrufsbelehrung | BuddyCare DE<\/title>\n<meta name=\"description\" content=\"Hier findest du die Widerrufsbelehrung von BuddyCare.\" \/>\n<meta name=\"robots\" content=\"index, follow, max-snippet:-1, max-image-preview:large, max-video-preview:-1\" \/>\n<link rel=\"canonical\" href=\"https:\/\/buddycare.com\/de\/widerrufsbelehrung\" \/>\n<meta property=\"og:locale\" content=\"de_DE\" \/>\n<meta property=\"og:type\" content=\"article\" \/>\n<meta property=\"og:title\" content=\"Widerrufsbelehrung | BuddyCare DE\" \/>\n<meta property=\"og:description\" content=\"Hier findest du die Widerrufsbelehrung von BuddyCare.\" \/>\n<meta property=\"og:url\" content=\"https:\/\/buddycare.com\/de\/widerrufsbelehrung\" \/>\n<meta property=\"og:site_name\" content=\"BuddyCare DE\" \/>\n<meta property=\"article:publisher\" content=\"https:\/\/www.facebook.com\/BuddySweden\" \/>\n<meta property=\"article:modified_time\" content=\"2022-01-30T19:32:18+00:00\" \/>\n<meta name=\"twitter:card\" content=\"summary_large_image\" \/>\n<meta name=\"twitter:label1\" content=\"Gesch\u00e4tzte Lesezeit\" \/>\n\t<meta name=\"twitter:data1\" content=\"3\u00a0Minuten\" \/>\n<script type=\"application\/ld+json\" class=\"yoast-schema-graph\">{\"@context\":\"https:\/\/schema.org\",\"@graph\":[{\"@type\":\"WebPage\",\"@id\":\"https:\/\/buddycare.com\/de\/widerrufsbelehrung\",\"url\":\"https:\/\/buddycare.com\/de\/widerrufsbelehrung\",\"name\":\"Widerrufsbelehrung | BuddyCare DE\",\"isPartOf\":{\"@id\":\"https:\/\/buddycare.com\/de\/#website\"},\"datePublished\":\"2022-01-30T19:26:01+00:00\",\"dateModified\":\"2022-01-30T19:32:18+00:00\",\"description\":\"Hier findest du die Widerrufsbelehrung von BuddyCare.\",\"breadcrumb\":{\"@id\":\"https:\/\/buddycare.com\/de\/widerrufsbelehrung#breadcrumb\"},\"inLanguage\":\"de\",\"potentialAction\":[{\"@type\":\"ReadAction\",\"target\":[\"https:\/\/buddycare.com\/de\/widerrufsbelehrung\"]}]},{\"@type\":\"BreadcrumbList\",\"@id\":\"https:\/\/buddycare.com\/de\/widerrufsbelehrung#breadcrumb\",\"itemListElement\":[{\"@type\":\"ListItem\",\"position\":1,\"name\":\"Home\",\"item\":\"https:\/\/buddycare.com\/de\/\"},{\"@type\":\"ListItem\",\"position\":2,\"name\":\"Widerrufsbelehrung\"}]},{\"@type\":\"WebSite\",\"@id\":\"https:\/\/buddycare.com\/de\/#website\",\"url\":\"https:\/\/buddycare.com\/de\/\",\"name\":\"BuddyCare DE\",\"description\":\"Powered by nature, backed by science.\",\"publisher\":{\"@id\":\"https:\/\/buddycare.com\/de\/#organization\"},\"potentialAction\":[{\"@type\":\"SearchAction\",\"target\":{\"@type\":\"EntryPoint\",\"urlTemplate\":\"https:\/\/buddycare.com\/de\/?s={search_term_string}\"},\"query-input\":{\"@type\":\"PropertyValueSpecification\",\"valueRequired\":true,\"valueName\":\"search_term_string\"}}],\"inLanguage\":\"de\"},{\"@type\":\"Organization\",\"@id\":\"https:\/\/buddycare.com\/de\/#organization\",\"name\":\"Buddy Pet Foods\",\"url\":\"https:\/\/buddycare.com\/de\/\",\"logo\":{\"@type\":\"ImageObject\",\"inLanguage\":\"de\",\"@id\":\"https:\/\/buddycare.com\/de\/#\/schema\/logo\/image\/\",\"url\":\"https:\/\/i0.wp.com\/buddypetfoods.com\/se\/wp-content\/uploads\/sites\/2\/2019\/08\/howitworks_delivery.jpg?fit=660%2C440&ssl=1\",\"contentUrl\":\"https:\/\/i0.wp.com\/buddypetfoods.com\/se\/wp-content\/uploads\/sites\/2\/2019\/08\/howitworks_delivery.jpg?fit=660%2C440&ssl=1\",\"width\":660,\"height\":440,\"caption\":\"Buddy Pet Foods\"},\"image\":{\"@id\":\"https:\/\/buddycare.com\/de\/#\/schema\/logo\/image\/\"},\"sameAs\":[\"https:\/\/www.facebook.com\/BuddySweden\",\"https:\/\/www.instagram.com\/buddypetfoods\/\"]}]}<\/script>\n<!-- \/ Yoast SEO plugin. -->","yoast_head_json":{"title":"Widerrufsbelehrung | BuddyCare DE","description":"Hier findest du die Widerrufsbelehrung von BuddyCare.","robots":{"index":"index","follow":"follow","max-snippet":"max-snippet:-1","max-image-preview":"max-image-preview:large","max-video-preview":"max-video-preview:-1"},"canonical":"https:\/\/buddycare.com\/de\/widerrufsbelehrung","og_locale":"de_DE","og_type":"article","og_title":"Widerrufsbelehrung | BuddyCare DE","og_description":"Hier findest du die Widerrufsbelehrung von BuddyCare.","og_url":"https:\/\/buddycare.com\/de\/widerrufsbelehrung","og_site_name":"BuddyCare DE","article_publisher":"https:\/\/www.facebook.com\/BuddySweden","article_modified_time":"2022-01-30T19:32:18+00:00","twitter_card":"summary_large_image","twitter_misc":{"Gesch\u00e4tzte Lesezeit":"3\u00a0Minuten"},"schema":{"@context":"https:\/\/schema.org","@graph":[{"@type":"WebPage","@id":"https:\/\/buddycare.com\/de\/widerrufsbelehrung","url":"https:\/\/buddycare.com\/de\/widerrufsbelehrung","name":"Widerrufsbelehrung | BuddyCare DE","isPartOf":{"@id":"https:\/\/buddycare.com\/de\/#website"},"datePublished":"2022-01-30T19:26:01+00:00","dateModified":"2022-01-30T19:32:18+00:00","description":"Hier findest du die Widerrufsbelehrung von BuddyCare.","breadcrumb":{"@id":"https:\/\/buddycare.com\/de\/widerrufsbelehrung#breadcrumb"},"inLanguage":"de","potentialAction":[{"@type":"ReadAction","target":["https:\/\/buddycare.com\/de\/widerrufsbelehrung"]}]},{"@type":"BreadcrumbList","@id":"https:\/\/buddycare.com\/de\/widerrufsbelehrung#breadcrumb","itemListElement":[{"@type":"ListItem","position":1,"name":"Home","item":"https:\/\/buddycare.com\/de\/"},{"@type":"ListItem","position":2,"name":"Widerrufsbelehrung"}]},{"@type":"WebSite","@id":"https:\/\/buddycare.com\/de\/#website","url":"https:\/\/buddycare.com\/de\/","name":"BuddyCare DE","description":"Powered by nature, backed by science.","publisher":{"@id":"https:\/\/buddycare.com\/de\/#organization"},"potentialAction":[{"@type":"SearchAction","target":{"@type":"EntryPoint","urlTemplate":"https:\/\/buddycare.com\/de\/?s={search_term_string}"},"query-input":{"@type":"PropertyValueSpecification","valueRequired":true,"valueName":"search_term_string"}}],"inLanguage":"de"},{"@type":"Organization","@id":"https:\/\/buddycare.com\/de\/#organization","name":"Buddy Pet Foods","url":"https:\/\/buddycare.com\/de\/","logo":{"@type":"ImageObject","inLanguage":"de","@id":"https:\/\/buddycare.com\/de\/#\/schema\/logo\/image\/","url":"https:\/\/i0.wp.com\/buddypetfoods.com\/se\/wp-content\/uploads\/sites\/2\/2019\/08\/howitworks_delivery.jpg?fit=660%2C440&ssl=1","contentUrl":"https:\/\/i0.wp.com\/buddypetfoods.com\/se\/wp-content\/uploads\/sites\/2\/2019\/08\/howitworks_delivery.jpg?fit=660%2C440&ssl=1","width":660,"height":440,"caption":"Buddy Pet Foods"},"image":{"@id":"https:\/\/buddycare.com\/de\/#\/schema\/logo\/image\/"},"sameAs":["https:\/\/www.facebook.com\/BuddySweden","https:\/\/www.instagram.com\/buddypetfoods\/"]}]}},"jetpack_sharing_enabled":true,"_links":{"self":[{"href":"https:\/\/buddycare.com\/de\/wp-json\/wp\/v2\/pages\/75919","targetHints":{"allow":["GET"]}}],"collection":[{"href":"https:\/\/buddycare.com\/de\/wp-json\/wp\/v2\/pages"}],"about":[{"href":"https:\/\/buddycare.com\/de\/wp-json\/wp\/v2\/types\/page"}],"author":[{"embeddable":true,"href":"https:\/\/buddycare.com\/de\/wp-json\/wp\/v2\/users\/5480"}],"replies":[{"embeddable":true,"href":"https:\/\/buddycare.com\/de\/wp-json\/wp\/v2\/comments?post=75919"}],"version-history":[{"count":3,"href":"https:\/\/buddycare.com\/de\/wp-json\/wp\/v2\/pages\/75919\/revisions"}],"predecessor-version":[{"id":75923,"href":"https:\/\/buddycare.com\/de\/wp-json\/wp\/v2\/pages\/75919\/revisions\/75923"}],"wp:attachment":[{"href":"https:\/\/buddycare.com\/de\/wp-json\/wp\/v2\/media?parent=75919"}],"curies":[{"name":"wp","href":"https:\/\/api.w.org\/{rel}","templated":true}]}}