{"id":49998,"date":"2020-09-04T13:19:57","date_gmt":"2020-09-04T11:19:57","guid":{"rendered":"https:\/\/buddycare.com\/de\/se\/?page_id=49001"},"modified":"2021-09-28T16:21:09","modified_gmt":"2021-09-28T14:21:09","slug":"herstellung","status":"publish","type":"page","link":"https:\/\/buddycare.com\/de\/herstellung","title":{"rendered":"Herstellung"},"content":{"rendered":"\n<h2>\n\t\tDenn dein Hund hat ein langes und gesundes Leben verdient. Punkt.\n\t<\/h2>\n\t\t\t\t<img data-recalc-dims=\"1\" decoding=\"async\" src=\"https:\/\/i0.wp.com\/buddycare.com\/de\/se\/wp-content\/uploads\/sites\/2\/2020\/12\/1.png?w=640&#038;ssl=1\" alt=\"1\" itemprop=\"image\" title=\"1\" onerror=\"this.style.display='none'\"  \/>\n<h3>\n\t\tWir weigern uns, Mist zu f\u00fcttern.\n\t<\/h3>\n\t<p>Nat\u00fcrliches und wohlschmeckendes Futter macht Hunde gl\u00fccklicher. Mit <strong>BuddyCare<\/strong> wollten wir die Messlatte daf\u00fcr, was &#8222;gute Nahrungserg\u00e4nzung&#8220; wirklich bedeutet, h\u00f6her legen. Leider hat die Tiernahrungsindustrie lange Zeit das Wohl des Hundes vernachl\u00e4ssigt. Durch die Verwendung von Zucker, billigen F\u00fcllstoffen und k\u00fcnstlichen Zus\u00e4tzen konnten einige Unternehmen hohe Gewinnspannen erzielen. Das Ergebnis ist, dass Hunde heute kr\u00e4nker sind als noch vor 30 Jahren. Wir wollten das \u00e4ndern, indem wir Produkte anbieten, die ein langes und gesundes Leben f\u00f6rdern. Ein gesunder Hund ist ein gl\u00fccklicher Hund.<\/p>\n<h3>\n\t\tNur nat\u00fcrliche Inhaltsstoffe\n\t<\/h3>\n\t<p>Dein Hund hat etwas Besseres verdient als eine uralte Mischung aus Getreide, Zucker und Soja. Durch die Zusammenarbeit mit innovativen und engagierten Tier\u00e4rzten, Ern\u00e4hrungswissenschaftlern und Ern\u00e4hrungsexperten konnten wir nat\u00fcrliche Nahrungserg\u00e4nzungsmittel entwickeln, die helfen, die Gesundheit deines Hundes zu f\u00f6rdern.<\/p>\n<p>Alle von uns verwendeten Zutaten stammen aus der EU. Wir konnten sogar die Schale der Kausnacks mit S\u00fc\u00dfkartoffelst\u00e4rke statt mit Zucker herstellen. Gro\u00dfartig, oder?<\/p>\n\t\t\t\t<img data-recalc-dims=\"1\" decoding=\"async\" src=\"https:\/\/i0.wp.com\/buddycare.com\/de\/se\/wp-content\/uploads\/sites\/2\/2020\/12\/2.png?w=640&#038;ssl=1\" alt=\"2\" itemprop=\"image\" title=\"2\" onerror=\"this.style.display='none'\"  \/>\n\t\t\t\t<img data-recalc-dims=\"1\" decoding=\"async\" src=\"https:\/\/i0.wp.com\/buddycare.com\/de\/se\/wp-content\/uploads\/sites\/2\/2020\/12\/4.png?w=640&#038;ssl=1\" alt=\"4\" itemprop=\"image\" title=\"4\" onerror=\"this.style.display='none'\"  \/>\n<h3>\n\t\tSicher produziert in SE &#038; DE\n\t<\/h3>\n\t<p>Die Verwendung der besten nat\u00fcrlichen Inhaltsstoffe ist nur dann in Ordnung, wenn eine sichere Produktion gew\u00e4hrleistet werden kann, die zu Produkten h\u00f6chster Qualit\u00e4t f\u00fchrt. Deshalb sind wir bei <strong>BuddyCare<\/strong> sehr froh, dass wir in Schweden (SE) und Deutschland (DE) <em>sicher<\/em> produzieren.<\/p>\n<p>Unsere beiden Produktionsst\u00e4tten verf\u00fcgen \u00fcber modernste Technologien, die die Herstellung von Produkten h\u00f6chster Qualit\u00e4t erm\u00f6glichen. Sie verf\u00fcgen \u00fcber langj\u00e4hrige Erfahrung in der Nahrungs- und Nahrungserg\u00e4nzungsmittelbranche. Beide Fabriken sind f\u00fcr die Herstellung von Nahrungserg\u00e4nzungsmitteln f\u00fcr den Menschen zugelassen.<\/p>\n<p>Sowohl die Produkte als auch die Produktionsst\u00e4tten werden regelm\u00e4\u00dfig von den \u00f6rtlichen Beh\u00f6rden kontrolliert.<\/p>\n<p>&nbsp;<\/p>\n<h3>\n\t\tMa\u00dfgeschneidert f\u00fcr ein langes und gesundes Hundeleben\n\t<\/h3>\n\t\t\t\t<img data-recalc-dims=\"1\" decoding=\"async\" src=\"https:\/\/i0.wp.com\/buddycare.com\/de\/se\/wp-content\/uploads\/sites\/2\/2020\/12\/5.png?w=640&#038;ssl=1\" alt=\"5\" itemprop=\"image\" title=\"5\" onerror=\"this.style.display='none'\"  \/>\n\t<p>Da alle Hunde einzigartig sind und unterschiedliche Bed\u00fcrfnisse haben, haben wir ein Sortiment entwickelt, das die Bed\u00fcrfnisse aller Hunde unterst\u00fctzt.<\/p>\n<p>Wir helfen dir gerne dabei, die richtige(n) Erg\u00e4nzung(en) f\u00fcr deinen besten Freund zu finden. Du kannst uns sowohl per Chat als auch per E-Mail kontaktieren, wenn du Hilfe ben\u00f6tigst.<\/p>\n<p>Um dir- und deinem Hund &#8211; das Leben leicht zu machen, bieten wir einfache Abonnements an, die jederzeit ge\u00e4ndert, pausiert oder gek\u00fcndigt werden k\u00f6nnen.<\/p>\n<p>Probiere es noch heute aus!<\/p>\n\t<p>Finde die passenden Nahrungserg\u00e4nzungsmittel f\u00fcr deinen Hund mit Hilfe unseres einfachen Guides:<\/p>\n\t\t\t<a href=\"\/de\/nahrungsergaenzungsmittel-guide\" target=\"_self\" role=\"button\" rel=\"noopener\">\n\t\t\t\t\t\t\tNahrungserg\u00e4nzungsmittel-Guide\n\t\t\t\t\t<\/a>\n\t\t\t<a href=\"\/de\/nahrungsergaenzungsmittel-guide\" target=\"_self\" role=\"button\" rel=\"noopener\">\n\t\t\t\t\t\t\tNahrungserg\u00e4nzungsmittel-Guide\n\t\t\t\t\t<\/a>\n\n","protected":false},"excerpt":{"rendered":"<p>Denn dein Hund hat ein langes und gesundes Leben verdient. Punkt.<\/p>\n","protected":false},"author":2,"featured_media":0,"parent":0,"menu_order":0,"comment_status":"closed","ping_status":"closed","template":"","meta":{"_acf_changed":false,"footnotes":""},"class_list":["post-49998","page","type-page","status-publish","hentry"],"acf":[],"yoast_head":"<!-- This site is optimized with the Yoast SEO plugin v27.0 - https:\/\/yoast.com\/product\/yoast-seo-wordpress\/ -->\n<title>Herstellung | 100% natural supplements | BuddyCare<\/title>\n<meta name=\"description\" content=\"Your dog deserves the very best - that&#039;s why we make our supplements with 100% natural ingredients from the nature.\" \/>\n<meta name=\"robots\" content=\"index, follow, max-snippet:-1, max-image-preview:large, max-video-preview:-1\" \/>\n<link rel=\"canonical\" href=\"https:\/\/buddycare.com\/de\/herstellung\" \/>\n<meta property=\"og:locale\" content=\"de_DE\" \/>\n<meta property=\"og:type\" content=\"article\" \/>\n<meta property=\"og:title\" content=\"Herstellung | 100% natural supplements | BuddyCare\" \/>\n<meta property=\"og:description\" content=\"Your dog deserves the very best - that&#039;s why we make our supplements with 100% natural ingredients from the nature.\" \/>\n<meta property=\"og:url\" content=\"https:\/\/buddycare.com\/de\/herstellung\" \/>\n<meta property=\"og:site_name\" content=\"BuddyCare DE\" \/>\n<meta property=\"article:publisher\" content=\"https:\/\/www.facebook.com\/BuddySweden\" \/>\n<meta property=\"article:modified_time\" content=\"2021-09-28T14:21:09+00:00\" \/>\n<meta property=\"og:image\" content=\"https:\/\/buddycare.com\/de\/se\/wp-content\/uploads\/sites\/2\/2020\/12\/1.png\" \/>\n<meta name=\"twitter:card\" content=\"summary_large_image\" \/>\n<meta name=\"twitter:label1\" content=\"Gesch\u00e4tzte Lesezeit\" \/>\n\t<meta name=\"twitter:data1\" content=\"3\u00a0Minuten\" \/>\n<script type=\"application\/ld+json\" class=\"yoast-schema-graph\">{\"@context\":\"https:\/\/schema.org\",\"@graph\":[{\"@type\":\"WebPage\",\"@id\":\"https:\/\/buddycare.com\/de\/herstellung\",\"url\":\"https:\/\/buddycare.com\/de\/herstellung\",\"name\":\"Herstellung | 100% natural supplements | BuddyCare\",\"isPartOf\":{\"@id\":\"https:\/\/buddycare.com\/de\/#website\"},\"primaryImageOfPage\":{\"@id\":\"https:\/\/buddycare.com\/de\/herstellung#primaryimage\"},\"image\":{\"@id\":\"https:\/\/buddycare.com\/de\/herstellung#primaryimage\"},\"thumbnailUrl\":\"https:\/\/buddycare.com\/de\/se\/wp-content\/uploads\/sites\/2\/2020\/12\/1.png\",\"datePublished\":\"2020-09-04T11:19:57+00:00\",\"dateModified\":\"2021-09-28T14:21:09+00:00\",\"description\":\"Your dog deserves the very best - that's why we make our supplements with 100% natural ingredients from the nature.\",\"breadcrumb\":{\"@id\":\"https:\/\/buddycare.com\/de\/herstellung#breadcrumb\"},\"inLanguage\":\"de\",\"potentialAction\":[{\"@type\":\"ReadAction\",\"target\":[\"https:\/\/buddycare.com\/de\/herstellung\"]}]},{\"@type\":\"ImageObject\",\"inLanguage\":\"de\",\"@id\":\"https:\/\/buddycare.com\/de\/herstellung#primaryimage\",\"url\":\"https:\/\/buddycare.com\/de\/se\/wp-content\/uploads\/sites\/2\/2020\/12\/1.png\",\"contentUrl\":\"https:\/\/buddycare.com\/de\/se\/wp-content\/uploads\/sites\/2\/2020\/12\/1.png\"},{\"@type\":\"BreadcrumbList\",\"@id\":\"https:\/\/buddycare.com\/de\/herstellung#breadcrumb\",\"itemListElement\":[{\"@type\":\"ListItem\",\"position\":1,\"name\":\"Home\",\"item\":\"https:\/\/buddycare.com\/de\/\"},{\"@type\":\"ListItem\",\"position\":2,\"name\":\"Herstellung\"}]},{\"@type\":\"WebSite\",\"@id\":\"https:\/\/buddycare.com\/de\/#website\",\"url\":\"https:\/\/buddycare.com\/de\/\",\"name\":\"BuddyCare DE\",\"description\":\"Powered by nature, backed by science.\",\"publisher\":{\"@id\":\"https:\/\/buddycare.com\/de\/#organization\"},\"potentialAction\":[{\"@type\":\"SearchAction\",\"target\":{\"@type\":\"EntryPoint\",\"urlTemplate\":\"https:\/\/buddycare.com\/de\/?s={search_term_string}\"},\"query-input\":{\"@type\":\"PropertyValueSpecification\",\"valueRequired\":true,\"valueName\":\"search_term_string\"}}],\"inLanguage\":\"de\"},{\"@type\":\"Organization\",\"@id\":\"https:\/\/buddycare.com\/de\/#organization\",\"name\":\"Buddy Pet Foods\",\"url\":\"https:\/\/buddycare.com\/de\/\",\"logo\":{\"@type\":\"ImageObject\",\"inLanguage\":\"de\",\"@id\":\"https:\/\/buddycare.com\/de\/#\/schema\/logo\/image\/\",\"url\":\"https:\/\/i0.wp.com\/buddypetfoods.com\/se\/wp-content\/uploads\/sites\/2\/2019\/08\/howitworks_delivery.jpg?fit=660%2C440&ssl=1\",\"contentUrl\":\"https:\/\/i0.wp.com\/buddypetfoods.com\/se\/wp-content\/uploads\/sites\/2\/2019\/08\/howitworks_delivery.jpg?fit=660%2C440&ssl=1\",\"width\":660,\"height\":440,\"caption\":\"Buddy Pet Foods\"},\"image\":{\"@id\":\"https:\/\/buddycare.com\/de\/#\/schema\/logo\/image\/\"},\"sameAs\":[\"https:\/\/www.facebook.com\/BuddySweden\",\"https:\/\/www.instagram.com\/buddypetfoods\/\"]}]}<\/script>\n<!-- \/ Yoast SEO plugin. -->","yoast_head_json":{"title":"Herstellung | 100% natural supplements | BuddyCare","description":"Your dog deserves the very best - that's why we make our supplements with 100% natural ingredients from the nature.","robots":{"index":"index","follow":"follow","max-snippet":"max-snippet:-1","max-image-preview":"max-image-preview:large","max-video-preview":"max-video-preview:-1"},"canonical":"https:\/\/buddycare.com\/de\/herstellung","og_locale":"de_DE","og_type":"article","og_title":"Herstellung | 100% natural supplements | BuddyCare","og_description":"Your dog deserves the very best - that's why we make our supplements with 100% natural ingredients from the nature.","og_url":"https:\/\/buddycare.com\/de\/herstellung","og_site_name":"BuddyCare DE","article_publisher":"https:\/\/www.facebook.com\/BuddySweden","article_modified_time":"2021-09-28T14:21:09+00:00","og_image":[{"url":"https:\/\/buddycare.com\/de\/se\/wp-content\/uploads\/sites\/2\/2020\/12\/1.png","type":"","width":"","height":""}],"twitter_card":"summary_large_image","twitter_misc":{"Gesch\u00e4tzte Lesezeit":"3\u00a0Minuten"},"schema":{"@context":"https:\/\/schema.org","@graph":[{"@type":"WebPage","@id":"https:\/\/buddycare.com\/de\/herstellung","url":"https:\/\/buddycare.com\/de\/herstellung","name":"Herstellung | 100% natural supplements | BuddyCare","isPartOf":{"@id":"https:\/\/buddycare.com\/de\/#website"},"primaryImageOfPage":{"@id":"https:\/\/buddycare.com\/de\/herstellung#primaryimage"},"image":{"@id":"https:\/\/buddycare.com\/de\/herstellung#primaryimage"},"thumbnailUrl":"https:\/\/buddycare.com\/de\/se\/wp-content\/uploads\/sites\/2\/2020\/12\/1.png","datePublished":"2020-09-04T11:19:57+00:00","dateModified":"2021-09-28T14:21:09+00:00","description":"Your dog deserves the very best - that's why we make our supplements with 100% natural ingredients from the nature.","breadcrumb":{"@id":"https:\/\/buddycare.com\/de\/herstellung#breadcrumb"},"inLanguage":"de","potentialAction":[{"@type":"ReadAction","target":["https:\/\/buddycare.com\/de\/herstellung"]}]},{"@type":"ImageObject","inLanguage":"de","@id":"https:\/\/buddycare.com\/de\/herstellung#primaryimage","url":"https:\/\/buddycare.com\/de\/se\/wp-content\/uploads\/sites\/2\/2020\/12\/1.png","contentUrl":"https:\/\/buddycare.com\/de\/se\/wp-content\/uploads\/sites\/2\/2020\/12\/1.png"},{"@type":"BreadcrumbList","@id":"https:\/\/buddycare.com\/de\/herstellung#breadcrumb","itemListElement":[{"@type":"ListItem","position":1,"name":"Home","item":"https:\/\/buddycare.com\/de\/"},{"@type":"ListItem","position":2,"name":"Herstellung"}]},{"@type":"WebSite","@id":"https:\/\/buddycare.com\/de\/#website","url":"https:\/\/buddycare.com\/de\/","name":"BuddyCare DE","description":"Powered by nature, backed by science.","publisher":{"@id":"https:\/\/buddycare.com\/de\/#organization"},"potentialAction":[{"@type":"SearchAction","target":{"@type":"EntryPoint","urlTemplate":"https:\/\/buddycare.com\/de\/?s={search_term_string}"},"query-input":{"@type":"PropertyValueSpecification","valueRequired":true,"valueName":"search_term_string"}}],"inLanguage":"de"},{"@type":"Organization","@id":"https:\/\/buddycare.com\/de\/#organization","name":"Buddy Pet Foods","url":"https:\/\/buddycare.com\/de\/","logo":{"@type":"ImageObject","inLanguage":"de","@id":"https:\/\/buddycare.com\/de\/#\/schema\/logo\/image\/","url":"https:\/\/i0.wp.com\/buddypetfoods.com\/se\/wp-content\/uploads\/sites\/2\/2019\/08\/howitworks_delivery.jpg?fit=660%2C440&ssl=1","contentUrl":"https:\/\/i0.wp.com\/buddypetfoods.com\/se\/wp-content\/uploads\/sites\/2\/2019\/08\/howitworks_delivery.jpg?fit=660%2C440&ssl=1","width":660,"height":440,"caption":"Buddy Pet Foods"},"image":{"@id":"https:\/\/buddycare.com\/de\/#\/schema\/logo\/image\/"},"sameAs":["https:\/\/www.facebook.com\/BuddySweden","https:\/\/www.instagram.com\/buddypetfoods\/"]}]}},"jetpack_sharing_enabled":true,"_links":{"self":[{"href":"https:\/\/buddycare.com\/de\/wp-json\/wp\/v2\/pages\/49998","targetHints":{"allow":["GET"]}}],"collection":[{"href":"https:\/\/buddycare.com\/de\/wp-json\/wp\/v2\/pages"}],"about":[{"href":"https:\/\/buddycare.com\/de\/wp-json\/wp\/v2\/types\/page"}],"author":[{"embeddable":true,"href":"https:\/\/buddycare.com\/de\/wp-json\/wp\/v2\/users\/2"}],"replies":[{"embeddable":true,"href":"https:\/\/buddycare.com\/de\/wp-json\/wp\/v2\/comments?post=49998"}],"version-history":[{"count":0,"href":"https:\/\/buddycare.com\/de\/wp-json\/wp\/v2\/pages\/49998\/revisions"}],"wp:attachment":[{"href":"https:\/\/buddycare.com\/de\/wp-json\/wp\/v2\/media?parent=49998"}],"curies":[{"name":"wp","href":"https:\/\/api.w.org\/{rel}","templated":true}]}}