{"id":402,"date":"2019-08-14T09:05:00","date_gmt":"2019-08-14T07:05:00","guid":{"rendered":"https:\/\/buddycare.com\/de\/?page_id=402"},"modified":"2022-02-07T17:39:38","modified_gmt":"2022-02-07T15:39:38","slug":"lieferung-und-rueckgabe","status":"publish","type":"page","link":"https:\/\/buddycare.com\/de\/lieferung-und-rueckgabe","title":{"rendered":"Lieferung und R\u00fcckgabe"},"content":{"rendered":"\n<h2>\n\t\tVersand\n\t<\/h2>\n\t<p>Wir bieten immer kostenlosen Versand f\u00fcr alle Bestellungen \u00fcber 50\u20ac in Deutschland und \u00d6sterreich an.<\/p>\n<strong>Versandgeb\u00fchren f\u00fcr Bestellungen unter 50\u20ac:<\/strong><br \/>\nDeutschland: 5,99\u20ac<br \/>\n\u00d6sterreich: 5,99\u20ac\n\t\t\t<a href=\"\/de\/kontakt\" target=\"_self\" role=\"button\" rel=\"noopener\">\n\t\t\t\t\t\t\tKontaktiere uns\n\t\t\t\t\t<\/a>\n\t\t\t\t<img data-recalc-dims=\"1\" decoding=\"async\" src=\"https:\/\/i0.wp.com\/buddycare.com\/de\/wp-content\/uploads\/sites\/8\/2021\/08\/Buddypetfoods-0429-scaled.jpg?resize=640%2C426&#038;ssl=1\" alt=\"Buddypetfoods-0429\" itemprop=\"image\" height=\"426\" width=\"640\" title=\"Buddypetfoods-0429\" onerror=\"this.style.display='none'\"  \/>\n\t\t\t\t<img data-recalc-dims=\"1\" decoding=\"async\" src=\"https:\/\/i0.wp.com\/buddycare.com\/de\/wp-content\/uploads\/sites\/8\/2021\/08\/Buddypetfoods-0612-1-scaled.jpg?resize=640%2C487&#038;ssl=1\" alt=\"Buddypetfoods-0612\" itemprop=\"image\" height=\"487\" width=\"640\" title=\"Buddypetfoods-0612\" onerror=\"this.style.display='none'\"  \/>\n<h2>\n\t\tR\u00fcckgabe\n\t<\/h2>\n\t<p>Wir bieten unseren Kunden ein 30-t\u00e4giges R\u00fcckgaberecht. Um f\u00fcr eine R\u00fcckgabe in Frage zu kommen, muss das Produkt versiegelt und unge\u00f6ffnet sein und innerhalb des oben angegebenen Zeitraums von 30 Tagen zur\u00fcckgegeben werden. Du als Kunde zahlst die Versandkosten f\u00fcr die R\u00fccksendung.<\/p>\n<p>Um eine R\u00fccksendung zu veranlassen, sende bitte eine E-Mail an: <a href=\"mailto:hello@buddycare.com\">hello@buddycare.com<\/a> mit der Bestellnummer und dem Grund f\u00fcr die R\u00fccksendung und schicke die Produkte an die unten angegebene Adresse:<\/p>\n<strong>DreamLogistics<br \/>\nC\/O: BuddyCare<br \/>\nFanergatan 14B<br \/>\n566 33 HABO<br \/>\nSweden<\/strong>\n<p>Vergiss bitte nicht, deine Bestellnummer auf dem Paket zu vermerken!<\/p>\n\t\t\t<a href=\"\/de\/kontakt\" target=\"_self\" role=\"button\" rel=\"noopener\">\n\t\t\t\t\t\t\tKontaktiere uns\n\t\t\t\t\t<\/a>\n<h2>\n\t\tLieferung\n\t<\/h2>\n\t<p>Wir liefern in alle L\u00e4nder der EU.<\/p>\n<p>Bitte beachte, dass die Lieferung nach Hause oder an eine Servicestelle von deinem Wohnort abh\u00e4ngt und davon, wie DHL die M\u00f6glichkeit hat, das Paket zuzustellen.<\/p>\n\t\t\t<a href=\"\/de\/kontakt\" target=\"_self\" role=\"button\" rel=\"noopener\">\n\t\t\t\t\t\t\tKontaktiere uns\n\t\t\t\t\t<\/a>\n\t\t\t\t<img data-recalc-dims=\"1\" decoding=\"async\" src=\"https:\/\/i0.wp.com\/buddycare.com\/de\/wp-content\/uploads\/sites\/8\/2021\/08\/Buddypetfoods-03501-scaled.jpg?resize=640%2C483&#038;ssl=1\" alt=\"buddycare\" itemprop=\"image\" height=\"483\" width=\"640\" title=\"buddycare\" onerror=\"this.style.display='none'\"  \/>\n\t\t\t\t<img data-recalc-dims=\"1\" decoding=\"async\" src=\"https:\/\/i0.wp.com\/buddycare.com\/de\/wp-content\/uploads\/sites\/8\/2021\/08\/try-this-2.png?resize=640%2C360&#038;ssl=1\" alt=\"\" itemprop=\"image\" height=\"360\" width=\"640\" onerror=\"this.style.display='none'\"  \/>\n<h2>\n\t\tR\u00fcckerstattungen\n\t<\/h2>\n\t<p>Um eine R\u00fcckerstattung zu erhalten, muss das Produkt versiegelt und unge\u00f6ffnet innerhalb der 30-Tage-Frist zur\u00fcckgeschickt werden. Auf dem Paket muss eine Bestellnummer oder ein Name stehen, damit wir den Absender identifizieren k\u00f6nnen. Sie als Kunde sind f\u00fcr die R\u00fccksendung verantwortlich und zahlen die Versandkosten f\u00fcr die R\u00fccksendung.<\/p>\n<p>Sobald die R\u00fccksendung in unserem Lager registriert und genehmigt ist, werden wir innerhalb von 7 Werktagen eine R\u00fcckerstattung auf die urspr\u00fcngliche Zahlungsmethode, die f\u00fcr den Kauf verwendet wurde, vornehmen.<\/p>\n\t\t\t<a href=\"\/de\/kontakt\" target=\"_self\" role=\"button\" rel=\"noopener\">\n\t\t\t\t\t\t\tKontaktiere uns\n\t\t\t\t\t<\/a>\n<h2>\n\t\tWiderruf\n\t<\/h2>\n\t<p>Sie haben das Recht, binnen drei\u00dfig Tagen ohne Angabe von Gr\u00fcnden diesen Vertrag zu widerrufen. Die Widerrufsfrist betr\u00e4gt drei\u00dfig Tage ab dem Tag, an dem Sie oder ein von Ihnen benannter Dritter, der nicht der Bef\u00f6rderer ist, die letzte Ware in Besitz genommen haben bzw. hat.<\/p>\nUnsere vollst\u00e4ndige Widerrufsbelehrung finden Sie hier:<br \/>\n<a href=\"https:\/\/buddycare.com\/de\/widerrufsbelehrung\">https:\/\/buddycare.com\/de\/widerrufsbelehrung<\/a>\n\n","protected":false},"excerpt":{"rendered":"<p>Versand Wir bieten immer kostenlosen Versand f\u00fcr alle Bestellungen \u00fcber 50\u20ac<\/p>\n","protected":false},"author":2,"featured_media":0,"parent":0,"menu_order":0,"comment_status":"closed","ping_status":"closed","template":"","meta":{"_acf_changed":false,"footnotes":""},"class_list":["post-402","page","type-page","status-publish","hentry"],"acf":[],"yoast_head":"<!-- This site is optimized with the Yoast SEO plugin v27.0 - https:\/\/yoast.com\/product\/yoast-seo-wordpress\/ -->\n<title>Deliveries &amp; refunds | Natural supplements | BuddyCare<\/title>\n<meta name=\"description\" content=\"Fast and easy deliveries of natural supplements for dogs! Always free shipping on all orders over \u20ac50 in EU. We offer a 30-day return policy.\" \/>\n<meta name=\"robots\" content=\"index, follow, max-snippet:-1, max-image-preview:large, max-video-preview:-1\" \/>\n<link rel=\"canonical\" href=\"https:\/\/buddycare.com\/de\/lieferung-und-rueckgabe\" \/>\n<meta property=\"og:locale\" content=\"de_DE\" \/>\n<meta property=\"og:type\" content=\"article\" \/>\n<meta property=\"og:title\" content=\"Deliveries &amp; refunds | Natural supplements | BuddyCare\" \/>\n<meta property=\"og:description\" content=\"Fast and easy deliveries of natural supplements for dogs! Always free shipping on all orders over \u20ac50 in EU. We offer a 30-day return policy.\" \/>\n<meta property=\"og:url\" content=\"https:\/\/buddycare.com\/de\/lieferung-und-rueckgabe\" \/>\n<meta property=\"og:site_name\" content=\"BuddyCare DE\" \/>\n<meta property=\"article:publisher\" content=\"https:\/\/www.facebook.com\/BuddySweden\" \/>\n<meta property=\"article:modified_time\" content=\"2022-02-07T15:39:38+00:00\" \/>\n<meta property=\"og:image\" content=\"https:\/\/buddycare.com\/de\/wp-content\/uploads\/sites\/8\/2021\/08\/Buddypetfoods-0429-scaled.jpg\" \/>\n<meta name=\"twitter:card\" content=\"summary_large_image\" \/>\n<meta name=\"twitter:label1\" content=\"Gesch\u00e4tzte Lesezeit\" \/>\n\t<meta name=\"twitter:data1\" content=\"3\u00a0Minuten\" \/>\n<script type=\"application\/ld+json\" class=\"yoast-schema-graph\">{\"@context\":\"https:\/\/schema.org\",\"@graph\":[{\"@type\":\"WebPage\",\"@id\":\"https:\/\/buddycare.com\/de\/lieferung-und-rueckgabe\",\"url\":\"https:\/\/buddycare.com\/de\/lieferung-und-rueckgabe\",\"name\":\"Deliveries & refunds | Natural supplements | BuddyCare\",\"isPartOf\":{\"@id\":\"https:\/\/buddycare.com\/de\/#website\"},\"primaryImageOfPage\":{\"@id\":\"https:\/\/buddycare.com\/de\/lieferung-und-rueckgabe#primaryimage\"},\"image\":{\"@id\":\"https:\/\/buddycare.com\/de\/lieferung-und-rueckgabe#primaryimage\"},\"thumbnailUrl\":\"https:\/\/buddycare.com\/de\/wp-content\/uploads\/sites\/8\/2021\/08\/Buddypetfoods-0429-scaled.jpg\",\"datePublished\":\"2019-08-14T07:05:00+00:00\",\"dateModified\":\"2022-02-07T15:39:38+00:00\",\"description\":\"Fast and easy deliveries of natural supplements for dogs! Always free shipping on all orders over \u20ac50 in EU. We offer a 30-day return policy.\",\"breadcrumb\":{\"@id\":\"https:\/\/buddycare.com\/de\/lieferung-und-rueckgabe#breadcrumb\"},\"inLanguage\":\"de\",\"potentialAction\":[{\"@type\":\"ReadAction\",\"target\":[\"https:\/\/buddycare.com\/de\/lieferung-und-rueckgabe\"]}]},{\"@type\":\"ImageObject\",\"inLanguage\":\"de\",\"@id\":\"https:\/\/buddycare.com\/de\/lieferung-und-rueckgabe#primaryimage\",\"url\":\"https:\/\/i0.wp.com\/buddycare.com\/de\/wp-content\/uploads\/sites\/8\/2021\/08\/Buddypetfoods-0429-scaled.jpg?fit=2560%2C1703&ssl=1\",\"contentUrl\":\"https:\/\/i0.wp.com\/buddycare.com\/de\/wp-content\/uploads\/sites\/8\/2021\/08\/Buddypetfoods-0429-scaled.jpg?fit=2560%2C1703&ssl=1\",\"width\":2560,\"height\":1703},{\"@type\":\"BreadcrumbList\",\"@id\":\"https:\/\/buddycare.com\/de\/lieferung-und-rueckgabe#breadcrumb\",\"itemListElement\":[{\"@type\":\"ListItem\",\"position\":1,\"name\":\"Home\",\"item\":\"https:\/\/buddycare.com\/de\/\"},{\"@type\":\"ListItem\",\"position\":2,\"name\":\"Lieferung und R\u00fcckgabe\"}]},{\"@type\":\"WebSite\",\"@id\":\"https:\/\/buddycare.com\/de\/#website\",\"url\":\"https:\/\/buddycare.com\/de\/\",\"name\":\"BuddyCare DE\",\"description\":\"Powered by nature, backed by science.\",\"publisher\":{\"@id\":\"https:\/\/buddycare.com\/de\/#organization\"},\"potentialAction\":[{\"@type\":\"SearchAction\",\"target\":{\"@type\":\"EntryPoint\",\"urlTemplate\":\"https:\/\/buddycare.com\/de\/?s={search_term_string}\"},\"query-input\":{\"@type\":\"PropertyValueSpecification\",\"valueRequired\":true,\"valueName\":\"search_term_string\"}}],\"inLanguage\":\"de\"},{\"@type\":\"Organization\",\"@id\":\"https:\/\/buddycare.com\/de\/#organization\",\"name\":\"Buddy Pet Foods\",\"url\":\"https:\/\/buddycare.com\/de\/\",\"logo\":{\"@type\":\"ImageObject\",\"inLanguage\":\"de\",\"@id\":\"https:\/\/buddycare.com\/de\/#\/schema\/logo\/image\/\",\"url\":\"https:\/\/i0.wp.com\/buddypetfoods.com\/se\/wp-content\/uploads\/sites\/2\/2019\/08\/howitworks_delivery.jpg?fit=660%2C440&ssl=1\",\"contentUrl\":\"https:\/\/i0.wp.com\/buddypetfoods.com\/se\/wp-content\/uploads\/sites\/2\/2019\/08\/howitworks_delivery.jpg?fit=660%2C440&ssl=1\",\"width\":660,\"height\":440,\"caption\":\"Buddy Pet Foods\"},\"image\":{\"@id\":\"https:\/\/buddycare.com\/de\/#\/schema\/logo\/image\/\"},\"sameAs\":[\"https:\/\/www.facebook.com\/BuddySweden\",\"https:\/\/www.instagram.com\/buddypetfoods\/\"]}]}<\/script>\n<!-- \/ Yoast SEO plugin. -->","yoast_head_json":{"title":"Deliveries & refunds | Natural supplements | BuddyCare","description":"Fast and easy deliveries of natural supplements for dogs! Always free shipping on all orders over \u20ac50 in EU. We offer a 30-day return policy.","robots":{"index":"index","follow":"follow","max-snippet":"max-snippet:-1","max-image-preview":"max-image-preview:large","max-video-preview":"max-video-preview:-1"},"canonical":"https:\/\/buddycare.com\/de\/lieferung-und-rueckgabe","og_locale":"de_DE","og_type":"article","og_title":"Deliveries & refunds | Natural supplements | BuddyCare","og_description":"Fast and easy deliveries of natural supplements for dogs! Always free shipping on all orders over \u20ac50 in EU. We offer a 30-day return policy.","og_url":"https:\/\/buddycare.com\/de\/lieferung-und-rueckgabe","og_site_name":"BuddyCare DE","article_publisher":"https:\/\/www.facebook.com\/BuddySweden","article_modified_time":"2022-02-07T15:39:38+00:00","og_image":[{"url":"https:\/\/buddycare.com\/de\/wp-content\/uploads\/sites\/8\/2021\/08\/Buddypetfoods-0429-scaled.jpg","type":"","width":"","height":""}],"twitter_card":"summary_large_image","twitter_misc":{"Gesch\u00e4tzte Lesezeit":"3\u00a0Minuten"},"schema":{"@context":"https:\/\/schema.org","@graph":[{"@type":"WebPage","@id":"https:\/\/buddycare.com\/de\/lieferung-und-rueckgabe","url":"https:\/\/buddycare.com\/de\/lieferung-und-rueckgabe","name":"Deliveries & refunds | Natural supplements | BuddyCare","isPartOf":{"@id":"https:\/\/buddycare.com\/de\/#website"},"primaryImageOfPage":{"@id":"https:\/\/buddycare.com\/de\/lieferung-und-rueckgabe#primaryimage"},"image":{"@id":"https:\/\/buddycare.com\/de\/lieferung-und-rueckgabe#primaryimage"},"thumbnailUrl":"https:\/\/buddycare.com\/de\/wp-content\/uploads\/sites\/8\/2021\/08\/Buddypetfoods-0429-scaled.jpg","datePublished":"2019-08-14T07:05:00+00:00","dateModified":"2022-02-07T15:39:38+00:00","description":"Fast and easy deliveries of natural supplements for dogs! Always free shipping on all orders over \u20ac50 in EU. We offer a 30-day return policy.","breadcrumb":{"@id":"https:\/\/buddycare.com\/de\/lieferung-und-rueckgabe#breadcrumb"},"inLanguage":"de","potentialAction":[{"@type":"ReadAction","target":["https:\/\/buddycare.com\/de\/lieferung-und-rueckgabe"]}]},{"@type":"ImageObject","inLanguage":"de","@id":"https:\/\/buddycare.com\/de\/lieferung-und-rueckgabe#primaryimage","url":"https:\/\/i0.wp.com\/buddycare.com\/de\/wp-content\/uploads\/sites\/8\/2021\/08\/Buddypetfoods-0429-scaled.jpg?fit=2560%2C1703&ssl=1","contentUrl":"https:\/\/i0.wp.com\/buddycare.com\/de\/wp-content\/uploads\/sites\/8\/2021\/08\/Buddypetfoods-0429-scaled.jpg?fit=2560%2C1703&ssl=1","width":2560,"height":1703},{"@type":"BreadcrumbList","@id":"https:\/\/buddycare.com\/de\/lieferung-und-rueckgabe#breadcrumb","itemListElement":[{"@type":"ListItem","position":1,"name":"Home","item":"https:\/\/buddycare.com\/de\/"},{"@type":"ListItem","position":2,"name":"Lieferung und R\u00fcckgabe"}]},{"@type":"WebSite","@id":"https:\/\/buddycare.com\/de\/#website","url":"https:\/\/buddycare.com\/de\/","name":"BuddyCare DE","description":"Powered by nature, backed by science.","publisher":{"@id":"https:\/\/buddycare.com\/de\/#organization"},"potentialAction":[{"@type":"SearchAction","target":{"@type":"EntryPoint","urlTemplate":"https:\/\/buddycare.com\/de\/?s={search_term_string}"},"query-input":{"@type":"PropertyValueSpecification","valueRequired":true,"valueName":"search_term_string"}}],"inLanguage":"de"},{"@type":"Organization","@id":"https:\/\/buddycare.com\/de\/#organization","name":"Buddy Pet Foods","url":"https:\/\/buddycare.com\/de\/","logo":{"@type":"ImageObject","inLanguage":"de","@id":"https:\/\/buddycare.com\/de\/#\/schema\/logo\/image\/","url":"https:\/\/i0.wp.com\/buddypetfoods.com\/se\/wp-content\/uploads\/sites\/2\/2019\/08\/howitworks_delivery.jpg?fit=660%2C440&ssl=1","contentUrl":"https:\/\/i0.wp.com\/buddypetfoods.com\/se\/wp-content\/uploads\/sites\/2\/2019\/08\/howitworks_delivery.jpg?fit=660%2C440&ssl=1","width":660,"height":440,"caption":"Buddy Pet Foods"},"image":{"@id":"https:\/\/buddycare.com\/de\/#\/schema\/logo\/image\/"},"sameAs":["https:\/\/www.facebook.com\/BuddySweden","https:\/\/www.instagram.com\/buddypetfoods\/"]}]}},"jetpack_sharing_enabled":true,"_links":{"self":[{"href":"https:\/\/buddycare.com\/de\/wp-json\/wp\/v2\/pages\/402","targetHints":{"allow":["GET"]}}],"collection":[{"href":"https:\/\/buddycare.com\/de\/wp-json\/wp\/v2\/pages"}],"about":[{"href":"https:\/\/buddycare.com\/de\/wp-json\/wp\/v2\/types\/page"}],"author":[{"embeddable":true,"href":"https:\/\/buddycare.com\/de\/wp-json\/wp\/v2\/users\/2"}],"replies":[{"embeddable":true,"href":"https:\/\/buddycare.com\/de\/wp-json\/wp\/v2\/comments?post=402"}],"version-history":[{"count":8,"href":"https:\/\/buddycare.com\/de\/wp-json\/wp\/v2\/pages\/402\/revisions"}],"predecessor-version":[{"id":75938,"href":"https:\/\/buddycare.com\/de\/wp-json\/wp\/v2\/pages\/402\/revisions\/75938"}],"wp:attachment":[{"href":"https:\/\/buddycare.com\/de\/wp-json\/wp\/v2\/media?parent=402"}],"curies":[{"name":"wp","href":"https:\/\/api.w.org\/{rel}","templated":true}]}}