{"id":374,"date":"2019-08-13T12:45:56","date_gmt":"2019-08-13T12:45:56","guid":{"rendered":"https:\/\/buddycare.com\/de\/?page_id=374"},"modified":"2021-12-10T11:43:57","modified_gmt":"2021-12-10T09:43:57","slug":"faq","status":"publish","type":"page","link":"https:\/\/buddycare.com\/de\/faq","title":{"rendered":"FAQ"},"content":{"rendered":"\n<h2>\n\t\tH\u00e4ufig gestellte Fragen\n\t<\/h2>\n<h4>\n\t\tUnsere Nahrungserg\u00e4nzungsmittel\n\t<\/h4>\n\t\t\t<a href=\"#\" id=\"fl-accordion--label-0\" tabindex=\"0\" aria-controls=\"fl-accordion--panel-0\">Wo wird produziert?<\/a>\n\t\t\t\t\t\t\t<a href=\"#\" id=\"fl-accordion--icon-0\" tabindex=\"0\" aria-controls=\"fl-accordion--panel-0\"><i>Expand<\/i><\/a>\n\t\t<p>Alle unsere Produkte werden sicher in Europa hergestellt. Teeth Formula und Salmon Oil werden in Schweden hergestellt. Die anderen Produkte werden in Deutschland hergestellt. Unsere Produktionsst\u00e4tte verwendet moderne Technologie und ist f\u00fcr die Herstellung von Nahrungserg\u00e4nzungsmitteln f\u00fcr den Menschen zugelassen.<\/p>\n\t\t\t<a href=\"#\" id=\"fl-accordion--label-1\" tabindex=\"0\" aria-controls=\"fl-accordion--panel-1\">Welche Hunde brauchen Nahrungserg\u00e4nzungsmittel? <\/a>\n\t\t\t\t\t\t\t<a href=\"#\" id=\"fl-accordion--icon-1\" tabindex=\"0\" aria-controls=\"fl-accordion--panel-1\"><i>Expand<\/i><\/a>\n\t\t<p>Alle Hunde brauchen t\u00e4glich Nahrungserg\u00e4nzungsmittel &#8211; auch die gesunden! Die Wirkstoffe k\u00f6nnen dabei helfen, Gesundheitsprobleme, Verletzungen und Krankheiten zu verhindern und vorzubeugen.<\/p>\n\t\t\t<a href=\"#\" id=\"fl-accordion--label-2\" tabindex=\"0\" aria-controls=\"fl-accordion--panel-2\">Was bedeutet &#8222;aktive Inhaltsstoffe&#8220;? <\/a>\n\t\t\t\t\t\t\t<a href=\"#\" id=\"fl-accordion--icon-2\" tabindex=\"0\" aria-controls=\"fl-accordion--panel-2\"><i>Expand<\/i><\/a>\n\t\t<p>Die aktiven Inhaltsstoffe sind die Substanzen, die die Gesundheit deines Hundes positiv beeinflussen. Alle Wirkstoffe in unseren Nahrungserg\u00e4nzungsmitteln haben wissenschaftlich erwiesene Vorteile.<\/p>\n\t\t\t<a href=\"#\" id=\"fl-accordion--label-3\" tabindex=\"0\" aria-controls=\"fl-accordion--panel-3\">Warum sollte ich meinem Hund Nahrungserg\u00e4nzungsmittel geben? <\/a>\n\t\t\t\t\t\t\t<a href=\"#\" id=\"fl-accordion--icon-3\" tabindex=\"0\" aria-controls=\"fl-accordion--panel-3\"><i>Expand<\/i><\/a>\n\t\t<p>Indem du deinem Hund t\u00e4glich Nahrungserg\u00e4nzungsmittel gibst, kannst du dazu beitragen, Gesundheitsprobleme, Krankheiten und Verletzungen in Zukunft zu vermeiden.<\/p>\n\n\t\t\t<a href=\"#\" id=\"fl-accordion--label-4\" tabindex=\"0\" aria-controls=\"fl-accordion--panel-4\">Wie viel sollte ich jeden Tag geben? <\/a>\n\t\t\t\t\t\t\t<a href=\"#\" id=\"fl-accordion--icon-4\" tabindex=\"0\" aria-controls=\"fl-accordion--panel-4\"><i>Expand<\/i><\/a>\n\t\t<p>Du findest die F\u00fctterungsempfehlung zu jedem unserer Nahrungserg\u00e4nzungsmittel auf der Produktseite und auf dem Etikett der Verpackung.<\/p>\n<h4>\n\t\tVersand\n\t<\/h4>\n\t\t\t<a href=\"#\" id=\"fl-accordion--label-0\" tabindex=\"0\" aria-controls=\"fl-accordion--panel-0\">Wohin liefert ihr?<\/a>\n\t\t\t\t\t\t\t<a href=\"#\" id=\"fl-accordion--icon-0\" tabindex=\"0\" aria-controls=\"fl-accordion--panel-0\"><i>Expand<\/i><\/a>\n\t\t<p>Wir versenden nach Deutschland und \u00d6sterreich. Wenn du deine Bestellung in ein anderes L\u00e4nder der EU oder nach Gro\u00dfbritannien schicken m\u00f6chtest, gib uns bitte Bescheid.<\/p>\n\t\t\t<a href=\"#\" id=\"fl-accordion--label-1\" tabindex=\"0\" aria-controls=\"fl-accordion--panel-1\">Wie viel kostet die Lieferung?<\/a>\n\t\t\t\t\t\t\t<a href=\"#\" id=\"fl-accordion--icon-1\" tabindex=\"0\" aria-controls=\"fl-accordion--panel-1\"><i>Expand<\/i><\/a>\n\t\t<p>Wir bieten immer kostenlosen Versand innerhalb von Deutschland und \u00d6sterreich ab einem Bestellwert von 50\u20ac an. Bei einem Einkaufswert unter 50\u20ac berechnen wir Versandkosten in H\u00f6he von 5,99\u20ac.<\/p>\n\t\t\t<a href=\"#\" id=\"fl-accordion--label-2\" tabindex=\"0\" aria-controls=\"fl-accordion--panel-2\">Wann wird meine Bestellung verschickt?<\/a>\n\t\t\t\t\t\t\t<a href=\"#\" id=\"fl-accordion--icon-2\" tabindex=\"0\" aria-controls=\"fl-accordion--panel-2\"><i>Expand<\/i><\/a>\n\t\t<p>Deine erste Bestellung wird normalerweise innerhalb von 1-3 Werktagen versandt. Wenn du ein Abonnement abgeschlossen hast, wird deine n\u00e4chste Bestellung in dem von dir gew\u00e4hlten Intervall versandt.<\/p>\n<h4>\n\t\tUnser Service\n\t<\/h4>\n\t\t\t<a href=\"#\" id=\"fl-accordion--label-0\" tabindex=\"0\" aria-controls=\"fl-accordion--panel-0\">Wie funktioniert das Abonnement?<\/a>\n\t\t\t\t\t\t\t<a href=\"#\" id=\"fl-accordion--icon-0\" tabindex=\"0\" aria-controls=\"fl-accordion--panel-0\"><i>Expand<\/i><\/a>\n\t\t<p>Wir bieten flexible Abonnements, um Hundebesitzern das Leben zu erleichtern. Du kannst dein Abo jederzeit \u00e4ndern, pausieren oder k\u00fcndigen. Ebenso kannst du:<\/p>\n\u2714\ufe0f\u00a0 Produkte zu deinem Abonnement hinzuf\u00fcgen<br \/>\n\u2714\ufe0f\u00a0 Produkte innerhalb deines Abonnements \u00e4ndern<br \/>\n\u2714\ufe0f\u00a0 deine n\u00e4chste Lieferung verschieben &amp; pausieren<br \/>\n\u2714\ufe0f\u00a0 das Lieferintervall \u00e4ndern\n<p>Bitte k\u00fcndige dein Abonnement mindestens 7 Tage vor der n\u00e4chsten geplanten Lieferung.<\/p>\n\t\t\t<a href=\"#\" id=\"fl-accordion--label-1\" tabindex=\"0\" aria-controls=\"fl-accordion--panel-1\">Wie funktioniert ein einmaliger Kauf? <\/a>\n\t\t\t\t\t\t\t<a href=\"#\" id=\"fl-accordion--icon-1\" tabindex=\"0\" aria-controls=\"fl-accordion--panel-1\"><i>Expand<\/i><\/a>\n\t\t<p>Wenn du einen einmaligen Kauf t\u00e4tigen m\u00f6chtest, w\u00e4hle einfach &#8222;einmaliger Kauf&#8220;, wenn du das Produkt in deinen Warenkorb legst.<\/p>\n<p>Denke aber daran, dass du als Abonnent immer 10% Rabatt auf jede Bestellung erh\u00e4ltst!<\/p>\n\t\t\t<a href=\"#\" id=\"fl-accordion--label-2\" tabindex=\"0\" aria-controls=\"fl-accordion--panel-2\">Welche Zahlungsarten bietet ihr an? <\/a>\n\t\t\t\t\t\t\t<a href=\"#\" id=\"fl-accordion--icon-2\" tabindex=\"0\" aria-controls=\"fl-accordion--panel-2\"><i>Expand<\/i><\/a>\nWir bieten vier verschieden Zahlungsmethoden an. Du kannst per Kreditkarte (Visa \/ Mastercard \/ American Express), Paypal, GiroPay und Sofort (via Klarna) bezahlen.\n<h4>\n\t\tBestellungen &#038; R\u00fccksendungen\n\t<\/h4>\n\t\t\t<a href=\"#\" id=\"fl-accordion--label-0\" tabindex=\"0\" aria-controls=\"fl-accordion--panel-0\">Wann erhalte ich meine Auftragsbest\u00e4tigung? <\/a>\n\t\t\t\t\t\t\t<a href=\"#\" id=\"fl-accordion--icon-0\" tabindex=\"0\" aria-controls=\"fl-accordion--panel-0\"><i>Expand<\/i><\/a>\n\t\t<p>Wir senden dir direkt nach dem Kauf eine Auftragsbest\u00e4tigung an deine E-Mail-Adresse.<\/p>\n\t\t\t<a href=\"#\" id=\"fl-accordion--label-1\" tabindex=\"0\" aria-controls=\"fl-accordion--panel-1\">Ich habe ein besch\u00e4digtes Paket erhalten, was soll ich tun? <\/a>\n\t\t\t\t\t\t\t<a href=\"#\" id=\"fl-accordion--icon-1\" tabindex=\"0\" aria-controls=\"fl-accordion--panel-1\"><i>Expand<\/i><\/a>\n\t\t<p>Kontaktiere uns unter <a href=\"mailto:hello@buddycare.com\">hello@buddycare.com<\/a> und wir werden dir helfen!<\/p>\n\t\t\t<a href=\"#\" id=\"fl-accordion--label-2\" tabindex=\"0\" aria-controls=\"fl-accordion--panel-2\">Ich m\u00f6chte meine Bestellung \u00e4ndern, wie? <\/a>\n\t\t\t\t\t\t\t<a href=\"#\" id=\"fl-accordion--icon-2\" tabindex=\"0\" aria-controls=\"fl-accordion--panel-2\"><i>Expand<\/i><\/a>\n\t\t<p>Kein Problem! Kontaktiere uns einfach unter<a href=\"mailto:hello@buddycare.com\"> hello@buddycare.com<\/a> und wir werden dir helfen.<\/p>\n\t\t\t<a href=\"#\" id=\"fl-accordion--label-3\" tabindex=\"0\" aria-controls=\"fl-accordion--panel-3\">Ich m\u00f6chte mein Paket zur\u00fcckschicken, wie mache ich das? <\/a>\n\t\t\t\t\t\t\t<a href=\"#\" id=\"fl-accordion--icon-3\" tabindex=\"0\" aria-controls=\"fl-accordion--panel-3\"><i>Expand<\/i><\/a>\n\t\t<p>Wir bieten ein 30-t\u00e4giges R\u00fcckgaberecht f\u00fcr unsere Kunden. Um f\u00fcr eine R\u00fcckgabe in Frage zu kommen, muss der Artikel unbenutzt sein und sich in demselben Zustand befinden, in dem du ihn erhalten hast. Er muss versiegelt und unge\u00f6ffnet sein und innerhalb der oben angegebenen 30-Tage-Frist zur\u00fcckgegeben werden.<\/p>\n<p>Um eine R\u00fcckgabe zu veranlassen, sende bitte eine E-Mail an <a href=\"mailto:hello@buddycare.com\">hello@buddycare.com<\/a> mit der Bestellnummer und dem Grund f\u00fcr die R\u00fcckgabe und schicke die Produkte an die unten angegebene Adresse:<\/p>\n<strong>Petbuddy Group AB<\/strong><br \/>\n<strong>c\/o DreamLogistics<br \/>\n<\/strong><b>Bagaregatan 4<\/b><br \/>\n<strong>56633 HABO<\/strong><br \/>\n<strong>Schweden<\/strong>\n<p>Vergiss bitte nicht, deine Bestellnummer auf das Paket zu schreiben!<\/p>\n<h6>\n\t\tNicht gefunden, wonach du gesucht hast?\n\t<\/h6>\n\t\t\t<a href=\"https:\/\/buddycare.com\/de\/kontakt\" target=\"_self\" role=\"button\" rel=\"noopener\">\n\t\t\t\t\t\t\tKontaktiere uns\n\t\t\t\t\t<\/a>\n\n","protected":false},"excerpt":{"rendered":"<p>H\u00e4ufig gestellte Fragen Unsere Nahrungserg\u00e4nzungsmittel Wo wird produziert? Expand Alle unsere<\/p>\n","protected":false},"author":2,"featured_media":0,"parent":0,"menu_order":0,"comment_status":"closed","ping_status":"closed","template":"","meta":{"_acf_changed":false,"footnotes":""},"class_list":["post-374","page","type-page","status-publish","hentry"],"acf":[],"yoast_head":"<!-- This site is optimized with the Yoast SEO plugin v27.0 - https:\/\/yoast.com\/product\/yoast-seo-wordpress\/ -->\n<title>FAQ | 100% natural supplements for dogs | BuddyCare<\/title>\n<meta name=\"description\" content=\"Here you will find answers to our most common questions about the supplements, shipping, delivery and feeding instructions.\" \/>\n<meta name=\"robots\" content=\"index, follow, max-snippet:-1, max-image-preview:large, max-video-preview:-1\" \/>\n<link rel=\"canonical\" href=\"https:\/\/buddycare.com\/de\/faq\" \/>\n<meta property=\"og:locale\" content=\"de_DE\" \/>\n<meta property=\"og:type\" content=\"article\" \/>\n<meta property=\"og:title\" content=\"FAQ | 100% natural supplements for dogs | BuddyCare\" \/>\n<meta property=\"og:description\" content=\"Here you will find answers to our most common questions about the supplements, shipping, delivery and feeding instructions.\" \/>\n<meta property=\"og:url\" content=\"https:\/\/buddycare.com\/de\/faq\" \/>\n<meta property=\"og:site_name\" content=\"BuddyCare DE\" \/>\n<meta property=\"article:publisher\" content=\"https:\/\/www.facebook.com\/BuddySweden\" \/>\n<meta property=\"article:modified_time\" content=\"2021-12-10T09:43:57+00:00\" \/>\n<meta name=\"twitter:card\" content=\"summary_large_image\" \/>\n<meta name=\"twitter:label1\" content=\"Gesch\u00e4tzte Lesezeit\" \/>\n\t<meta name=\"twitter:data1\" content=\"3\u00a0Minuten\" \/>\n<script type=\"application\/ld+json\" class=\"yoast-schema-graph\">{\"@context\":\"https:\/\/schema.org\",\"@graph\":[{\"@type\":\"WebPage\",\"@id\":\"https:\/\/buddycare.com\/de\/faq\",\"url\":\"https:\/\/buddycare.com\/de\/faq\",\"name\":\"FAQ | 100% natural supplements for dogs | BuddyCare\",\"isPartOf\":{\"@id\":\"https:\/\/buddycare.com\/de\/#website\"},\"datePublished\":\"2019-08-13T12:45:56+00:00\",\"dateModified\":\"2021-12-10T09:43:57+00:00\",\"description\":\"Here you will find answers to our most common questions about the supplements, shipping, delivery and feeding instructions.\",\"breadcrumb\":{\"@id\":\"https:\/\/buddycare.com\/de\/faq#breadcrumb\"},\"inLanguage\":\"de\",\"potentialAction\":[{\"@type\":\"ReadAction\",\"target\":[\"https:\/\/buddycare.com\/de\/faq\"]}]},{\"@type\":\"BreadcrumbList\",\"@id\":\"https:\/\/buddycare.com\/de\/faq#breadcrumb\",\"itemListElement\":[{\"@type\":\"ListItem\",\"position\":1,\"name\":\"Home\",\"item\":\"https:\/\/buddycare.com\/de\/\"},{\"@type\":\"ListItem\",\"position\":2,\"name\":\"FAQ\"}]},{\"@type\":\"WebSite\",\"@id\":\"https:\/\/buddycare.com\/de\/#website\",\"url\":\"https:\/\/buddycare.com\/de\/\",\"name\":\"BuddyCare DE\",\"description\":\"Powered by nature, backed by science.\",\"publisher\":{\"@id\":\"https:\/\/buddycare.com\/de\/#organization\"},\"potentialAction\":[{\"@type\":\"SearchAction\",\"target\":{\"@type\":\"EntryPoint\",\"urlTemplate\":\"https:\/\/buddycare.com\/de\/?s={search_term_string}\"},\"query-input\":{\"@type\":\"PropertyValueSpecification\",\"valueRequired\":true,\"valueName\":\"search_term_string\"}}],\"inLanguage\":\"de\"},{\"@type\":\"Organization\",\"@id\":\"https:\/\/buddycare.com\/de\/#organization\",\"name\":\"Buddy Pet Foods\",\"url\":\"https:\/\/buddycare.com\/de\/\",\"logo\":{\"@type\":\"ImageObject\",\"inLanguage\":\"de\",\"@id\":\"https:\/\/buddycare.com\/de\/#\/schema\/logo\/image\/\",\"url\":\"https:\/\/i0.wp.com\/buddypetfoods.com\/se\/wp-content\/uploads\/sites\/2\/2019\/08\/howitworks_delivery.jpg?fit=660%2C440&ssl=1\",\"contentUrl\":\"https:\/\/i0.wp.com\/buddypetfoods.com\/se\/wp-content\/uploads\/sites\/2\/2019\/08\/howitworks_delivery.jpg?fit=660%2C440&ssl=1\",\"width\":660,\"height\":440,\"caption\":\"Buddy Pet Foods\"},\"image\":{\"@id\":\"https:\/\/buddycare.com\/de\/#\/schema\/logo\/image\/\"},\"sameAs\":[\"https:\/\/www.facebook.com\/BuddySweden\",\"https:\/\/www.instagram.com\/buddypetfoods\/\"]}]}<\/script>\n<!-- \/ Yoast SEO plugin. -->","yoast_head_json":{"title":"FAQ | 100% natural supplements for dogs | BuddyCare","description":"Here you will find answers to our most common questions about the supplements, shipping, delivery and feeding instructions.","robots":{"index":"index","follow":"follow","max-snippet":"max-snippet:-1","max-image-preview":"max-image-preview:large","max-video-preview":"max-video-preview:-1"},"canonical":"https:\/\/buddycare.com\/de\/faq","og_locale":"de_DE","og_type":"article","og_title":"FAQ | 100% natural supplements for dogs | BuddyCare","og_description":"Here you will find answers to our most common questions about the supplements, shipping, delivery and feeding instructions.","og_url":"https:\/\/buddycare.com\/de\/faq","og_site_name":"BuddyCare DE","article_publisher":"https:\/\/www.facebook.com\/BuddySweden","article_modified_time":"2021-12-10T09:43:57+00:00","twitter_card":"summary_large_image","twitter_misc":{"Gesch\u00e4tzte Lesezeit":"3\u00a0Minuten"},"schema":{"@context":"https:\/\/schema.org","@graph":[{"@type":"WebPage","@id":"https:\/\/buddycare.com\/de\/faq","url":"https:\/\/buddycare.com\/de\/faq","name":"FAQ | 100% natural supplements for dogs | BuddyCare","isPartOf":{"@id":"https:\/\/buddycare.com\/de\/#website"},"datePublished":"2019-08-13T12:45:56+00:00","dateModified":"2021-12-10T09:43:57+00:00","description":"Here you will find answers to our most common questions about the supplements, shipping, delivery and feeding instructions.","breadcrumb":{"@id":"https:\/\/buddycare.com\/de\/faq#breadcrumb"},"inLanguage":"de","potentialAction":[{"@type":"ReadAction","target":["https:\/\/buddycare.com\/de\/faq"]}]},{"@type":"BreadcrumbList","@id":"https:\/\/buddycare.com\/de\/faq#breadcrumb","itemListElement":[{"@type":"ListItem","position":1,"name":"Home","item":"https:\/\/buddycare.com\/de\/"},{"@type":"ListItem","position":2,"name":"FAQ"}]},{"@type":"WebSite","@id":"https:\/\/buddycare.com\/de\/#website","url":"https:\/\/buddycare.com\/de\/","name":"BuddyCare DE","description":"Powered by nature, backed by science.","publisher":{"@id":"https:\/\/buddycare.com\/de\/#organization"},"potentialAction":[{"@type":"SearchAction","target":{"@type":"EntryPoint","urlTemplate":"https:\/\/buddycare.com\/de\/?s={search_term_string}"},"query-input":{"@type":"PropertyValueSpecification","valueRequired":true,"valueName":"search_term_string"}}],"inLanguage":"de"},{"@type":"Organization","@id":"https:\/\/buddycare.com\/de\/#organization","name":"Buddy Pet Foods","url":"https:\/\/buddycare.com\/de\/","logo":{"@type":"ImageObject","inLanguage":"de","@id":"https:\/\/buddycare.com\/de\/#\/schema\/logo\/image\/","url":"https:\/\/i0.wp.com\/buddypetfoods.com\/se\/wp-content\/uploads\/sites\/2\/2019\/08\/howitworks_delivery.jpg?fit=660%2C440&ssl=1","contentUrl":"https:\/\/i0.wp.com\/buddypetfoods.com\/se\/wp-content\/uploads\/sites\/2\/2019\/08\/howitworks_delivery.jpg?fit=660%2C440&ssl=1","width":660,"height":440,"caption":"Buddy Pet Foods"},"image":{"@id":"https:\/\/buddycare.com\/de\/#\/schema\/logo\/image\/"},"sameAs":["https:\/\/www.facebook.com\/BuddySweden","https:\/\/www.instagram.com\/buddypetfoods\/"]}]}},"jetpack_sharing_enabled":true,"_links":{"self":[{"href":"https:\/\/buddycare.com\/de\/wp-json\/wp\/v2\/pages\/374","targetHints":{"allow":["GET"]}}],"collection":[{"href":"https:\/\/buddycare.com\/de\/wp-json\/wp\/v2\/pages"}],"about":[{"href":"https:\/\/buddycare.com\/de\/wp-json\/wp\/v2\/types\/page"}],"author":[{"embeddable":true,"href":"https:\/\/buddycare.com\/de\/wp-json\/wp\/v2\/users\/2"}],"replies":[{"embeddable":true,"href":"https:\/\/buddycare.com\/de\/wp-json\/wp\/v2\/comments?post=374"}],"version-history":[{"count":10,"href":"https:\/\/buddycare.com\/de\/wp-json\/wp\/v2\/pages\/374\/revisions"}],"predecessor-version":[{"id":68982,"href":"https:\/\/buddycare.com\/de\/wp-json\/wp\/v2\/pages\/374\/revisions\/68982"}],"wp:attachment":[{"href":"https:\/\/buddycare.com\/de\/wp-json\/wp\/v2\/media?parent=374"}],"curies":[{"name":"wp","href":"https:\/\/api.w.org\/{rel}","templated":true}]}}