{"id":332,"date":"2019-08-13T11:36:03","date_gmt":"2019-08-13T09:36:03","guid":{"rendered":"https:\/\/buddycare.com\/de\/?page_id=332"},"modified":"2021-09-28T16:42:47","modified_gmt":"2021-09-28T14:42:47","slug":"ueber-uns","status":"publish","type":"page","link":"https:\/\/buddycare.com\/de\/ueber-uns","title":{"rendered":"\u00dcber uns"},"content":{"rendered":"\n<h2>\n\t\tPowered by nature, backed by science.\n\t<\/h2>\n\t\t\t\t<img data-recalc-dims=\"1\" decoding=\"async\" src=\"https:\/\/i0.wp.com\/buddycare.com\/de\/wp-content\/plugins\/bb-plugin\/img\/pixel.png?w=640&#038;ssl=1\" alt=\"\" itemprop=\"image\" onerror=\"this.style.display='none'\"  \/>\n\t\t\t\t<img data-recalc-dims=\"1\" decoding=\"async\" src=\"https:\/\/i0.wp.com\/buddycare.com\/de\/wp-content\/uploads\/2021\/08\/Buddypetfoods-0898-1-scaled.jpg?w=640&#038;ssl=1\" alt=\"Buddypetfoods-0898 (1)\" itemprop=\"image\" title=\"Buddypetfoods-0898 (1)\" onerror=\"this.style.display='none'\"  \/>\n<h3>\n\t\tAus Liebe zum Hund.\n\t<\/h3>\n<p>Nahrungserg\u00e4nzungsmittel sind heutzutage ein nat\u00fcrlicher Bestandteil einer gesunden Ern\u00e4hrung &#8211; sollte das nicht auch f\u00fcr unsere Hunde gelten?<\/p>\n<p>Gemeinsam mit Tier\u00e4rzten haben wir hochwertige und nat\u00fcrliche Nahrungserg\u00e4nzungsmittel entwickelt. Indem du deinem Hund die richtigen Nahrungserg\u00e4nzungsmittel gibst, kannst du ihm dabei helfen, zuk\u00fcnftige Gesundheitsprobleme, Krankheiten und Verletzungen zu vermeiden. Nahrungserg\u00e4nzungsmittel k\u00f6nnen sogar die Leistung deines Hundes, seine N\u00e4hrstoffaufnahme und seine Regeneration verbessern.<\/p>\n<p>Unser Ziel bei BuddyCare ist es, das Leben aller Hunde zu verbessern und gleichzeitig den Hundebesitzern das Leben leichter zu machen. Wenn du deinem Hund Nahrungserg\u00e4nzungsmittel in Kombination mit dem nat\u00fcrlichen und gesunden Futter von Buddy gibst, kannst du dazu beitragen, dass er ein langes, gl\u00fcckliches und gesundes Leben lebt.<\/p>\n<p>Und vergiss nicht, deinem Hund viel Liebe, Spiel und Bewegung zu geben!<\/p>\n<p>&nbsp;<\/p>\n<h3>\n\t\tF\u00fcr Hundebesitzer, von Hundebesitzern.\n\t<\/h3>\n\t<p>Wir wurden in Stockholm, Schweden, gegr\u00fcndet und haben uns zum Ziel gesetzt, das Leben von Haustieren und Tierhaltern zu verbessern und gleichzeitig die Umwelt zu schonen. Wir verwenden hochwertige und nat\u00fcrliche Zutaten, ohne k\u00fcnstliche und ungesunde Stoffe. Denn wir sind der Meinung, dass unsere Hunde die gleichen hochwertigen Nahrungserg\u00e4nzungsmittel verdienen wie wir Menschen.<\/p>\n<p>M\u00f6chtest du dich uns anschlie\u00dfen? Wir wachsen stetig! Schicke uns ein Bewerbungsschreiben oder besuche unsere Karriereseite <a href=\"https:\/\/petbuddygroup.teamtailor.com\/\">hier<\/a>.<\/p>\n\t\t\t\t<img data-recalc-dims=\"1\" decoding=\"async\" src=\"https:\/\/i0.wp.com\/buddycare.com\/de\/wp-content\/uploads\/2021\/08\/Buddypetfoods-03717-scaled.jpg?w=640&#038;ssl=1\" alt=\"buddycare\" itemprop=\"image\" title=\"buddycare\" onerror=\"this.style.display='none'\"  \/>\n<h3>\n\t\tTriff unsere B\u00fcrohunde\n\t<\/h3>\n\t\t\t\t<img data-recalc-dims=\"1\" decoding=\"async\" src=\"https:\/\/i0.wp.com\/buddycare.com\/de\/wp-content\/uploads\/2021\/08\/Vector-28.png?w=640&#038;ssl=1\" alt=\"Vector (28)\" itemprop=\"image\" title=\"Vector (28)\" onerror=\"this.style.display='none'\"  \/>\n<strong>Baloo &#8211; Australian Shepherd<br \/>\n<\/strong><em>T\u00e4gliche Erg\u00e4nzung: Calming<\/em><strong><br \/>\n<\/strong>\n\t\t\t\t<img data-recalc-dims=\"1\" decoding=\"async\" src=\"https:\/\/i0.wp.com\/buddycare.com\/de\/wp-content\/uploads\/2021\/08\/Vector-21.png?w=640&#038;ssl=1\" alt=\"Vector (21)\" itemprop=\"image\" title=\"Vector (21)\" onerror=\"this.style.display='none'\"  \/>\n<strong>Catch &#8211; Australian Shepherd<br \/>\n<\/strong><em>T\u00e4gliche Erg\u00e4nzung: Bone &amp; Joint<\/em><strong><br \/>\n<\/strong>\n\t\t\t\t<img data-recalc-dims=\"1\" decoding=\"async\" src=\"https:\/\/i0.wp.com\/buddycare.com\/de\/wp-content\/uploads\/2021\/08\/Vector-22.png?w=640&#038;ssl=1\" alt=\"Vector (22)\" itemprop=\"image\" title=\"Vector (22)\" onerror=\"this.style.display='none'\"  \/>\n<strong>Sixten &#8211; Franz\u00f6sische Bulldogge<br \/>\n<\/strong><em>T\u00e4gliche Erg\u00e4nzung: Probiotics<\/em>\n\t\t\t\t<img data-recalc-dims=\"1\" decoding=\"async\" src=\"https:\/\/i0.wp.com\/buddycare.com\/de\/wp-content\/uploads\/2021\/08\/Vector-23.png?w=640&#038;ssl=1\" alt=\"Vector (23)\" itemprop=\"image\" title=\"Vector (23)\" onerror=\"this.style.display='none'\"  \/>\n<strong>Tomas &#8211; Dackel<br \/>\n<\/strong><em>T\u00e4gliche Erg\u00e4nzung: Salmon Oil<\/em>\n\t\t\t\t<img data-recalc-dims=\"1\" decoding=\"async\" src=\"https:\/\/i0.wp.com\/buddycare.com\/de\/wp-content\/uploads\/2021\/08\/Vector-25.png?w=640&#038;ssl=1\" alt=\"Vector (25)\" itemprop=\"image\" title=\"Vector (25)\" onerror=\"this.style.display='none'\"  \/>\n<strong>Bella &#8211; Bichon Mix<br \/>\n<\/strong><em>T\u00e4gliche Erg\u00e4nzung: Teeth Formula<\/em><strong><br \/>\n<\/strong>\n\t\t\t\t<img data-recalc-dims=\"1\" decoding=\"async\" src=\"https:\/\/i0.wp.com\/buddycare.com\/de\/wp-content\/uploads\/2021\/08\/Vector-26.png?w=640&#038;ssl=1\" alt=\"Vector (26)\" itemprop=\"image\" title=\"Vector (26)\" onerror=\"this.style.display='none'\"  \/>\n<strong>Polka &#8211; Eastern European Village Dog<br \/>\n<\/strong><em>T\u00e4gliche Erg\u00e4nzung: Teeth Formula<\/em><strong><br \/>\n<\/strong>\n\t\t\t\t<img data-recalc-dims=\"1\" decoding=\"async\" src=\"https:\/\/i0.wp.com\/buddycare.com\/de\/wp-content\/uploads\/2021\/08\/Vector-27.png?w=640&#038;ssl=1\" alt=\"Vector (27)\" itemprop=\"image\" title=\"Vector (27)\" onerror=\"this.style.display='none'\"  \/>\n<strong>G\u00f6sta &#8211; Pudel<br \/>\n<\/strong><em>T\u00e4gliche Erg\u00e4nzung: Immune Support<\/em><strong><br \/>\n<\/strong>\n\t\t\t\t<img data-recalc-dims=\"1\" decoding=\"async\" src=\"https:\/\/i0.wp.com\/buddycare.com\/de\/wp-content\/uploads\/2021\/08\/Vector-24.png?w=640&#038;ssl=1\" alt=\"Vector (24)\" itemprop=\"image\" title=\"Vector (24)\" onerror=\"this.style.display='none'\"  \/>\n<strong>Senap &#8211; Labrador<br \/>\n<\/strong><em>T\u00e4gliche Erg\u00e4nzung: Bone &amp; Joint<\/em><strong><br \/>\n<\/strong>\n\n","protected":false},"excerpt":{"rendered":"<p>Powered by nature, backed by science. Aus Liebe zum Hund. Nahrungserg\u00e4nzungsmittel<\/p>\n","protected":false},"author":2,"featured_media":0,"parent":0,"menu_order":0,"comment_status":"closed","ping_status":"closed","template":"","meta":{"_acf_changed":false,"footnotes":""},"class_list":["post-332","page","type-page","status-publish","hentry"],"acf":[],"yoast_head":"<!-- This site is optimized with the Yoast SEO plugin v27.0 - https:\/\/yoast.com\/product\/yoast-seo-wordpress\/ -->\n<title>About BuddyCare | Meet our office dogs | BuddyCare<\/title>\n<meta name=\"description\" content=\"With BuddyCare, our goal is to improve the lives of all dogs, while making life easier for dog owners. Read more about us and our story.\" \/>\n<meta name=\"robots\" content=\"index, follow, max-snippet:-1, max-image-preview:large, max-video-preview:-1\" \/>\n<link rel=\"canonical\" href=\"https:\/\/buddycare.com\/de\/ueber-uns\" \/>\n<meta property=\"og:locale\" content=\"de_DE\" \/>\n<meta property=\"og:type\" content=\"article\" \/>\n<meta property=\"og:title\" content=\"About BuddyCare | Meet our office dogs | BuddyCare\" \/>\n<meta property=\"og:description\" content=\"With BuddyCare, our goal is to improve the lives of all dogs, while making life easier for dog owners. Read more about us and our story.\" \/>\n<meta property=\"og:url\" content=\"https:\/\/buddycare.com\/de\/ueber-uns\" \/>\n<meta property=\"og:site_name\" content=\"BuddyCare DE\" \/>\n<meta property=\"article:publisher\" content=\"https:\/\/www.facebook.com\/BuddySweden\" \/>\n<meta property=\"article:modified_time\" content=\"2021-09-28T14:42:47+00:00\" \/>\n<meta property=\"og:image\" content=\"https:\/\/buddycare.com\/de\/wp-content\/plugins\/bb-plugin\/img\/pixel.png\" \/>\n<meta name=\"twitter:card\" content=\"summary_large_image\" \/>\n<meta name=\"twitter:label1\" content=\"Gesch\u00e4tzte Lesezeit\" \/>\n\t<meta name=\"twitter:data1\" content=\"4\u00a0Minuten\" \/>\n<script type=\"application\/ld+json\" class=\"yoast-schema-graph\">{\"@context\":\"https:\/\/schema.org\",\"@graph\":[{\"@type\":\"WebPage\",\"@id\":\"https:\/\/buddycare.com\/de\/ueber-uns\",\"url\":\"https:\/\/buddycare.com\/de\/ueber-uns\",\"name\":\"About BuddyCare | Meet our office dogs | BuddyCare\",\"isPartOf\":{\"@id\":\"https:\/\/buddycare.com\/de\/#website\"},\"primaryImageOfPage\":{\"@id\":\"https:\/\/buddycare.com\/de\/ueber-uns#primaryimage\"},\"image\":{\"@id\":\"https:\/\/buddycare.com\/de\/ueber-uns#primaryimage\"},\"thumbnailUrl\":\"https:\/\/buddycare.com\/de\/wp-content\/plugins\/bb-plugin\/img\/pixel.png\",\"datePublished\":\"2019-08-13T09:36:03+00:00\",\"dateModified\":\"2021-09-28T14:42:47+00:00\",\"description\":\"With BuddyCare, our goal is to improve the lives of all dogs, while making life easier for dog owners. Read more about us and our story.\",\"breadcrumb\":{\"@id\":\"https:\/\/buddycare.com\/de\/ueber-uns#breadcrumb\"},\"inLanguage\":\"de\",\"potentialAction\":[{\"@type\":\"ReadAction\",\"target\":[\"https:\/\/buddycare.com\/de\/ueber-uns\"]}]},{\"@type\":\"ImageObject\",\"inLanguage\":\"de\",\"@id\":\"https:\/\/buddycare.com\/de\/ueber-uns#primaryimage\",\"url\":\"https:\/\/buddycare.com\/de\/wp-content\/plugins\/bb-plugin\/img\/pixel.png\",\"contentUrl\":\"https:\/\/buddycare.com\/de\/wp-content\/plugins\/bb-plugin\/img\/pixel.png\"},{\"@type\":\"BreadcrumbList\",\"@id\":\"https:\/\/buddycare.com\/de\/ueber-uns#breadcrumb\",\"itemListElement\":[{\"@type\":\"ListItem\",\"position\":1,\"name\":\"Home\",\"item\":\"https:\/\/buddycare.com\/de\/\"},{\"@type\":\"ListItem\",\"position\":2,\"name\":\"\u00dcber uns\"}]},{\"@type\":\"WebSite\",\"@id\":\"https:\/\/buddycare.com\/de\/#website\",\"url\":\"https:\/\/buddycare.com\/de\/\",\"name\":\"BuddyCare DE\",\"description\":\"Powered by nature, backed by science.\",\"publisher\":{\"@id\":\"https:\/\/buddycare.com\/de\/#organization\"},\"potentialAction\":[{\"@type\":\"SearchAction\",\"target\":{\"@type\":\"EntryPoint\",\"urlTemplate\":\"https:\/\/buddycare.com\/de\/?s={search_term_string}\"},\"query-input\":{\"@type\":\"PropertyValueSpecification\",\"valueRequired\":true,\"valueName\":\"search_term_string\"}}],\"inLanguage\":\"de\"},{\"@type\":\"Organization\",\"@id\":\"https:\/\/buddycare.com\/de\/#organization\",\"name\":\"Buddy Pet Foods\",\"url\":\"https:\/\/buddycare.com\/de\/\",\"logo\":{\"@type\":\"ImageObject\",\"inLanguage\":\"de\",\"@id\":\"https:\/\/buddycare.com\/de\/#\/schema\/logo\/image\/\",\"url\":\"https:\/\/i0.wp.com\/buddypetfoods.com\/se\/wp-content\/uploads\/sites\/2\/2019\/08\/howitworks_delivery.jpg?fit=660%2C440&ssl=1\",\"contentUrl\":\"https:\/\/i0.wp.com\/buddypetfoods.com\/se\/wp-content\/uploads\/sites\/2\/2019\/08\/howitworks_delivery.jpg?fit=660%2C440&ssl=1\",\"width\":660,\"height\":440,\"caption\":\"Buddy Pet Foods\"},\"image\":{\"@id\":\"https:\/\/buddycare.com\/de\/#\/schema\/logo\/image\/\"},\"sameAs\":[\"https:\/\/www.facebook.com\/BuddySweden\",\"https:\/\/www.instagram.com\/buddypetfoods\/\"]}]}<\/script>\n<!-- \/ Yoast SEO plugin. -->","yoast_head_json":{"title":"About BuddyCare | Meet our office dogs | BuddyCare","description":"With BuddyCare, our goal is to improve the lives of all dogs, while making life easier for dog owners. Read more about us and our story.","robots":{"index":"index","follow":"follow","max-snippet":"max-snippet:-1","max-image-preview":"max-image-preview:large","max-video-preview":"max-video-preview:-1"},"canonical":"https:\/\/buddycare.com\/de\/ueber-uns","og_locale":"de_DE","og_type":"article","og_title":"About BuddyCare | Meet our office dogs | BuddyCare","og_description":"With BuddyCare, our goal is to improve the lives of all dogs, while making life easier for dog owners. Read more about us and our story.","og_url":"https:\/\/buddycare.com\/de\/ueber-uns","og_site_name":"BuddyCare DE","article_publisher":"https:\/\/www.facebook.com\/BuddySweden","article_modified_time":"2021-09-28T14:42:47+00:00","og_image":[{"url":"https:\/\/buddycare.com\/de\/wp-content\/plugins\/bb-plugin\/img\/pixel.png","type":"","width":"","height":""}],"twitter_card":"summary_large_image","twitter_misc":{"Gesch\u00e4tzte Lesezeit":"4\u00a0Minuten"},"schema":{"@context":"https:\/\/schema.org","@graph":[{"@type":"WebPage","@id":"https:\/\/buddycare.com\/de\/ueber-uns","url":"https:\/\/buddycare.com\/de\/ueber-uns","name":"About BuddyCare | Meet our office dogs | BuddyCare","isPartOf":{"@id":"https:\/\/buddycare.com\/de\/#website"},"primaryImageOfPage":{"@id":"https:\/\/buddycare.com\/de\/ueber-uns#primaryimage"},"image":{"@id":"https:\/\/buddycare.com\/de\/ueber-uns#primaryimage"},"thumbnailUrl":"https:\/\/buddycare.com\/de\/wp-content\/plugins\/bb-plugin\/img\/pixel.png","datePublished":"2019-08-13T09:36:03+00:00","dateModified":"2021-09-28T14:42:47+00:00","description":"With BuddyCare, our goal is to improve the lives of all dogs, while making life easier for dog owners. Read more about us and our story.","breadcrumb":{"@id":"https:\/\/buddycare.com\/de\/ueber-uns#breadcrumb"},"inLanguage":"de","potentialAction":[{"@type":"ReadAction","target":["https:\/\/buddycare.com\/de\/ueber-uns"]}]},{"@type":"ImageObject","inLanguage":"de","@id":"https:\/\/buddycare.com\/de\/ueber-uns#primaryimage","url":"https:\/\/buddycare.com\/de\/wp-content\/plugins\/bb-plugin\/img\/pixel.png","contentUrl":"https:\/\/buddycare.com\/de\/wp-content\/plugins\/bb-plugin\/img\/pixel.png"},{"@type":"BreadcrumbList","@id":"https:\/\/buddycare.com\/de\/ueber-uns#breadcrumb","itemListElement":[{"@type":"ListItem","position":1,"name":"Home","item":"https:\/\/buddycare.com\/de\/"},{"@type":"ListItem","position":2,"name":"\u00dcber uns"}]},{"@type":"WebSite","@id":"https:\/\/buddycare.com\/de\/#website","url":"https:\/\/buddycare.com\/de\/","name":"BuddyCare DE","description":"Powered by nature, backed by science.","publisher":{"@id":"https:\/\/buddycare.com\/de\/#organization"},"potentialAction":[{"@type":"SearchAction","target":{"@type":"EntryPoint","urlTemplate":"https:\/\/buddycare.com\/de\/?s={search_term_string}"},"query-input":{"@type":"PropertyValueSpecification","valueRequired":true,"valueName":"search_term_string"}}],"inLanguage":"de"},{"@type":"Organization","@id":"https:\/\/buddycare.com\/de\/#organization","name":"Buddy Pet Foods","url":"https:\/\/buddycare.com\/de\/","logo":{"@type":"ImageObject","inLanguage":"de","@id":"https:\/\/buddycare.com\/de\/#\/schema\/logo\/image\/","url":"https:\/\/i0.wp.com\/buddypetfoods.com\/se\/wp-content\/uploads\/sites\/2\/2019\/08\/howitworks_delivery.jpg?fit=660%2C440&ssl=1","contentUrl":"https:\/\/i0.wp.com\/buddypetfoods.com\/se\/wp-content\/uploads\/sites\/2\/2019\/08\/howitworks_delivery.jpg?fit=660%2C440&ssl=1","width":660,"height":440,"caption":"Buddy Pet Foods"},"image":{"@id":"https:\/\/buddycare.com\/de\/#\/schema\/logo\/image\/"},"sameAs":["https:\/\/www.facebook.com\/BuddySweden","https:\/\/www.instagram.com\/buddypetfoods\/"]}]}},"jetpack_sharing_enabled":true,"_links":{"self":[{"href":"https:\/\/buddycare.com\/de\/wp-json\/wp\/v2\/pages\/332","targetHints":{"allow":["GET"]}}],"collection":[{"href":"https:\/\/buddycare.com\/de\/wp-json\/wp\/v2\/pages"}],"about":[{"href":"https:\/\/buddycare.com\/de\/wp-json\/wp\/v2\/types\/page"}],"author":[{"embeddable":true,"href":"https:\/\/buddycare.com\/de\/wp-json\/wp\/v2\/users\/2"}],"replies":[{"embeddable":true,"href":"https:\/\/buddycare.com\/de\/wp-json\/wp\/v2\/comments?post=332"}],"version-history":[{"count":0,"href":"https:\/\/buddycare.com\/de\/wp-json\/wp\/v2\/pages\/332\/revisions"}],"wp:attachment":[{"href":"https:\/\/buddycare.com\/de\/wp-json\/wp\/v2\/media?parent=332"}],"curies":[{"name":"wp","href":"https:\/\/api.w.org\/{rel}","templated":true}]}}