{"id":321,"date":"2019-08-13T10:21:16","date_gmt":"2019-08-13T08:21:16","guid":{"rendered":"https:\/\/buddycare.com\/de\/?page_id=321"},"modified":"2021-12-13T13:21:15","modified_gmt":"2021-12-13T11:21:15","slug":"nahrungsergaenzungsmittel-guide","status":"publish","type":"page","link":"https:\/\/buddycare.com\/de\/nahrungsergaenzungsmittel-guide","title":{"rendered":"Nahrungserg\u00e4nzungsmittel-Guide"},"content":{"rendered":"\n<h1>\n\t\tFinde die passende Nahrungserg\u00e4nzung f\u00fcr deinen Hund\n\t<\/h1>\n\t<p>Alle Hunde brauchen Nahrungserg\u00e4nzungsmittel, auch die gesunden! Tats\u00e4chlich kann die richtige Nahrungserg\u00e4nzung helfen, zuk\u00fcnftige Gesundheitsprobleme, Krankheiten und Verletzungen vorzubeugen. Indem du deinem Hund t\u00e4glich Nahrungserg\u00e4nzungsmittel gibst, kannst du seine allgemeine Gesundheit und sein Immunsystem st\u00e4rken.<\/p>\n<h6>\n\t\tLeidet dein Hund an Arthritis?\n\t<\/h6>\n\t<p>Knochen- und Gelenkprobleme treten bei unseren Hunden immer h\u00e4ufiger auf, da weniger Aktivit\u00e4t zu Steifheit f\u00fchrt. <strong>Bone &amp; Joint<\/strong> kann die Gesundheit von Knochen, Gelenken und B\u00e4ndern durch die Wirkstoffe MSM, Glucosamin und Chondroitin f\u00f6rdern.<\/p>\n\t\t\t<a href=\"\/de\/product\/bone-joint\" target=\"_self\" role=\"button\" rel=\"noopener\">\n\t\t\t\t\t\t\tKnochen &#038; Gelenke\n\t\t\t\t\t<\/a>\n\t\t\t\t<img data-recalc-dims=\"1\" decoding=\"async\" src=\"https:\/\/i0.wp.com\/buddycare.com\/de\/wp-content\/uploads\/2021\/06\/bone-joint_front.png?w=640&#038;ssl=1\" alt=\"bone-joint_front\" itemprop=\"image\" title=\"bone-joint_front\" onerror=\"this.style.display='none'\"  \/>\n\t\t\t\t<img data-recalc-dims=\"1\" decoding=\"async\" src=\"https:\/\/i0.wp.com\/buddycare.com\/de\/wp-content\/uploads\/2021\/06\/immune-support_front.png?w=640&#038;ssl=1\" alt=\"immune-support_front\" itemprop=\"image\" title=\"immune-support_front\" onerror=\"this.style.display='none'\"  \/>\n<h6>\n\t\tIst dein Hund h\u00e4ufig krank?\n\t<\/h6>\n\t<p><strong>Immune Support<\/strong> enth\u00e4lt immununterst\u00fctzende Funktionen, welche dabei helfen k\u00f6nnen, deinem Hund einen aktiven Lebensstil zu erm\u00f6glichen und seine nat\u00fcrlichen Abwehrkr\u00e4fte zu erhalten. Die Wirkstoffe Moringa, Oregano und Honig haben sich bei der Vorbeugung von Krankheiten und langfristigen Gesundheitsproblemen als besonders vorteilhaft erwiesen.<\/p>\n\t\t\t<a href=\"\/de\/product\/immune-support\" target=\"_self\" role=\"button\" rel=\"noopener\">\n\t\t\t\t\t\t\tImmun Unterst\u00fctzung\n\t\t\t\t\t<\/a>\n<h2>\n\t\tHat dein Hund Magenbeschwerden?\n\t<\/h2>\n\t<p>Viele Hunde leiden unter verschiedenen Arten von Magenproblemen. Die Gr\u00fcnde daf\u00fcr k\u00f6nnen vielf\u00e4ltig sein, z. B. Futterempfindlichkeit, Stress oder auch Unvertr\u00e4glichkeiten. <strong>Probiotic<\/strong> enth\u00e4lt lebende Kulturen von Probiotika, welche zur Unterst\u00fctzung einer gesunden Verdauung und zur Beruhigung eines gereizten Magens beitragen k\u00f6nnen.<\/p>\n\t\t\t<a href=\"\/de\/product\/probiotic\" target=\"_self\" role=\"button\" rel=\"noopener\">\n\t\t\t\t\t\t\tProbiotika\n\t\t\t\t\t<\/a>\n\t\t\t\t<img data-recalc-dims=\"1\" decoding=\"async\" src=\"https:\/\/i0.wp.com\/buddycare.com\/de\/wp-content\/uploads\/2021\/06\/probiotic_front.png?w=640&#038;ssl=1\" alt=\"probiotic_front\" itemprop=\"image\" title=\"probiotic_front\" onerror=\"this.style.display='none'\"  \/>\n\t\t\t\t<img data-recalc-dims=\"1\" decoding=\"async\" src=\"https:\/\/i0.wp.com\/buddycare.com\/de\/wp-content\/uploads\/2021\/06\/calming_front.png?w=640&#038;ssl=1\" alt=\"calming_front\" itemprop=\"image\" title=\"calming_front\" onerror=\"this.style.display='none'\"  \/>\n<h6>\n\t\tLeidet dein Hund unter Angstzust\u00e4nden?\n\t<\/h6>\n\t<p>Viele Hunde leiden unter Trennungsangst und Nervosit\u00e4t. <strong>Calming<\/strong> wurde speziell entwickelt, um Hunden in stressigen Situationen helfen zu k\u00f6nnen. Es enth\u00e4lt Baldrianwurzel, Johanniskraut, Melisse und L-Tryptophan &#8211; alles nat\u00fcrliche Inhaltsstoffe, die daf\u00fcr bekannt sind, eine ausgeglichene Stimmung in Stresssituationen zu f\u00f6rdern.<\/p>\n\t\t\t<a href=\"\/de\/product\/calming\" target=\"_self\" role=\"button\" rel=\"noopener\">\n\t\t\t\t\t\t\tBeruhigende Kausnacks\n\t\t\t\t\t<\/a>\n<h6>\n\t\tSch\u00fctze deinen Hund vor Parasiten!\n\t<\/h6>\n\t<p>Zecken und Fl\u00f6he sind die h\u00e4ufigste Ursache f\u00fcr Hautkrankheiten bei Hunden, besonders im Sommer. Mit <strong>Tick &amp; Flea Defence<\/strong> kannst du deinem Hund helfen, eine nat\u00fcrliche und wirksame Abwehr gegen Parasiten zu verschaffen &#8211; mit wertvollen Fetten und Kr\u00e4utern f\u00fcr die allgemeine Gesundheit und ein ausgeglichenes Immunsystem.<\/p>\n\t\t\t<a href=\"\/de\/product\/tick-defence\" target=\"_self\" role=\"button\" rel=\"noopener\">\n\t\t\t\t\t\t\tZecken &#038; Floh Abwehr\n\t\t\t\t\t<\/a>\n\t\t\t\t<img data-recalc-dims=\"1\" decoding=\"async\" src=\"https:\/\/i0.wp.com\/buddycare.com\/de\/wp-content\/uploads\/2021\/06\/tick-flea-defence_front-1.png?w=640&#038;ssl=1\" alt=\"tick-flea-defence_front\" itemprop=\"image\" title=\"tick-flea-defence_front\" onerror=\"this.style.display='none'\"  \/>\n\t\t\t\t<img data-recalc-dims=\"1\" decoding=\"async\" src=\"https:\/\/i0.wp.com\/buddycare.com\/de\/wp-content\/uploads\/2021\/06\/teeth-formula_front.png?w=640&#038;ssl=1\" alt=\"teeth-formula_front\" itemprop=\"image\" title=\"teeth-formula_front\" onerror=\"this.style.display='none'\"  \/>\n<h6>\n\t\tHat dein Hund schlechten Atem?\n\t<\/h6>\n\t<p>Schlechte Zahnpflege ist bei Hunden weit verbreitet, und es ist wichtig, die Z\u00e4hne deines Hundes zu pflegen, da er nur ein Gebiss hat. <strong>Teeth Formula<\/strong> enth\u00e4lt Zink und Seetang, die der Bildung von Plaque und Zahnstein entgegenwirken k\u00f6nnen, gesunde Z\u00e4hne und gesundes Zahnfleisch f\u00f6rdern k\u00f6nnen und Mundgeruch verhindern k\u00f6nnen.<\/p>\n\t\t\t<a href=\"\/de\/product\/teeth-formula\" target=\"_self\" role=\"button\" rel=\"noopener\">\n\t\t\t\t\t\t\tZahn Pulver\n\t\t\t\t\t<\/a>\n<h6>\n\t\tVerhelfe deinem Hund zu einem ges\u00fcnderen Fell!\n\t<\/h6>\n\t<p><strong>Salmon Oil<\/strong> enth\u00e4lt nur eine einzige Zutat, kann aber viele Vorteile f\u00fcr die Gesundheit deines Hundes haben. Das Lachs\u00f6l ist reich an Omega-3- und Omega-6-Fetts\u00e4uren, die deinem Hund ein dichtes und gl\u00e4nzendes Fell verschaffen k\u00f6nnen, die Gesundheit des Herz-Kreislauf-Systems und die Regeneration der Haut f\u00f6rdern k\u00f6nnen.<\/p>\n\t\t\t<a href=\"\/de\/product\/salmon-oil\" target=\"_self\" role=\"button\" rel=\"noopener\">\n\t\t\t\t\t\t\tLachs\u00f6l\n\t\t\t\t\t<\/a>\n\t\t\t\t<img data-recalc-dims=\"1\" decoding=\"async\" src=\"https:\/\/i0.wp.com\/buddycare.com\/de\/wp-content\/uploads\/2021\/06\/salmon-oil_front.png?w=640&#038;ssl=1\" alt=\"salmon-oil_front\" itemprop=\"image\" title=\"salmon-oil_front\" onerror=\"this.style.display='none'\"  \/>\n\t<p>Du bist dir noch nicht sicher, welches Nahrungserg\u00e4nzungsmittel f\u00fcr deinen Hund am besten geeignet ist? Kontaktiere uns im Chat oder per E-Mail und wir helfen dir gerne weiter! \ud83d\udc36<\/p>\n\t\t\t<a href=\"\/de\/kontakt\" target=\"_self\" role=\"button\" rel=\"noopener\">\n\t\t\t\t\t\t\tKontaktiere uns\n\t\t\t\t\t<\/a>\n\n","protected":false},"excerpt":{"rendered":"<p>Finde die passende Nahrungserg\u00e4nzung f\u00fcr deinen Hund Alle Hunde brauchen Nahrungserg\u00e4nzungsmittel,<\/p>\n","protected":false},"author":2,"featured_media":0,"parent":0,"menu_order":0,"comment_status":"closed","ping_status":"closed","template":"","meta":{"_acf_changed":false,"footnotes":""},"class_list":["post-321","page","type-page","status-publish","hentry"],"acf":[],"yoast_head":"<!-- This site is optimized with the Yoast SEO plugin v27.0 - https:\/\/yoast.com\/product\/yoast-seo-wordpress\/ -->\n<title>Supplement guide | BuddyCare<\/title>\n<meta name=\"description\" content=\"Find the right supplement for your dog. By giving your dog supplements daily, you will strengthen the overall health and boost the immune system.\" \/>\n<meta name=\"robots\" content=\"index, follow, max-snippet:-1, max-image-preview:large, max-video-preview:-1\" \/>\n<link rel=\"canonical\" href=\"https:\/\/buddycare.com\/de\/nahrungsergaenzungsmittel-guide\" \/>\n<meta property=\"og:locale\" content=\"de_DE\" \/>\n<meta property=\"og:type\" content=\"article\" \/>\n<meta property=\"og:title\" content=\"Supplement guide | BuddyCare\" \/>\n<meta property=\"og:description\" content=\"Find the right supplement for your dog. By giving your dog supplements daily, you will strengthen the overall health and boost the immune system.\" \/>\n<meta property=\"og:url\" content=\"https:\/\/buddycare.com\/de\/nahrungsergaenzungsmittel-guide\" \/>\n<meta property=\"og:site_name\" content=\"BuddyCare DE\" \/>\n<meta property=\"article:publisher\" content=\"https:\/\/www.facebook.com\/BuddySweden\" \/>\n<meta property=\"article:modified_time\" content=\"2021-12-13T11:21:15+00:00\" \/>\n<meta property=\"og:image\" content=\"https:\/\/buddycare.com\/de\/wp-content\/uploads\/2021\/06\/bone-joint_front.png\" \/>\n<meta name=\"twitter:card\" content=\"summary_large_image\" \/>\n<meta name=\"twitter:label1\" content=\"Gesch\u00e4tzte Lesezeit\" \/>\n\t<meta name=\"twitter:data1\" content=\"4\u00a0Minuten\" \/>\n<script type=\"application\/ld+json\" class=\"yoast-schema-graph\">{\"@context\":\"https:\/\/schema.org\",\"@graph\":[{\"@type\":\"WebPage\",\"@id\":\"https:\/\/buddycare.com\/de\/nahrungsergaenzungsmittel-guide\",\"url\":\"https:\/\/buddycare.com\/de\/nahrungsergaenzungsmittel-guide\",\"name\":\"Supplement guide | BuddyCare\",\"isPartOf\":{\"@id\":\"https:\/\/buddycare.com\/de\/#website\"},\"primaryImageOfPage\":{\"@id\":\"https:\/\/buddycare.com\/de\/nahrungsergaenzungsmittel-guide#primaryimage\"},\"image\":{\"@id\":\"https:\/\/buddycare.com\/de\/nahrungsergaenzungsmittel-guide#primaryimage\"},\"thumbnailUrl\":\"https:\/\/buddycare.com\/de\/wp-content\/uploads\/2021\/06\/bone-joint_front.png\",\"datePublished\":\"2019-08-13T08:21:16+00:00\",\"dateModified\":\"2021-12-13T11:21:15+00:00\",\"description\":\"Find the right supplement for your dog. By giving your dog supplements daily, you will strengthen the overall health and boost the immune system.\",\"breadcrumb\":{\"@id\":\"https:\/\/buddycare.com\/de\/nahrungsergaenzungsmittel-guide#breadcrumb\"},\"inLanguage\":\"de\",\"potentialAction\":[{\"@type\":\"ReadAction\",\"target\":[\"https:\/\/buddycare.com\/de\/nahrungsergaenzungsmittel-guide\"]}]},{\"@type\":\"ImageObject\",\"inLanguage\":\"de\",\"@id\":\"https:\/\/buddycare.com\/de\/nahrungsergaenzungsmittel-guide#primaryimage\",\"url\":\"https:\/\/buddycare.com\/de\/wp-content\/uploads\/2021\/06\/bone-joint_front.png\",\"contentUrl\":\"https:\/\/buddycare.com\/de\/wp-content\/uploads\/2021\/06\/bone-joint_front.png\"},{\"@type\":\"BreadcrumbList\",\"@id\":\"https:\/\/buddycare.com\/de\/nahrungsergaenzungsmittel-guide#breadcrumb\",\"itemListElement\":[{\"@type\":\"ListItem\",\"position\":1,\"name\":\"Home\",\"item\":\"https:\/\/buddycare.com\/de\/\"},{\"@type\":\"ListItem\",\"position\":2,\"name\":\"Nahrungserg\u00e4nzungsmittel-Guide\"}]},{\"@type\":\"WebSite\",\"@id\":\"https:\/\/buddycare.com\/de\/#website\",\"url\":\"https:\/\/buddycare.com\/de\/\",\"name\":\"BuddyCare DE\",\"description\":\"Powered by nature, backed by science.\",\"publisher\":{\"@id\":\"https:\/\/buddycare.com\/de\/#organization\"},\"potentialAction\":[{\"@type\":\"SearchAction\",\"target\":{\"@type\":\"EntryPoint\",\"urlTemplate\":\"https:\/\/buddycare.com\/de\/?s={search_term_string}\"},\"query-input\":{\"@type\":\"PropertyValueSpecification\",\"valueRequired\":true,\"valueName\":\"search_term_string\"}}],\"inLanguage\":\"de\"},{\"@type\":\"Organization\",\"@id\":\"https:\/\/buddycare.com\/de\/#organization\",\"name\":\"Buddy Pet Foods\",\"url\":\"https:\/\/buddycare.com\/de\/\",\"logo\":{\"@type\":\"ImageObject\",\"inLanguage\":\"de\",\"@id\":\"https:\/\/buddycare.com\/de\/#\/schema\/logo\/image\/\",\"url\":\"https:\/\/i0.wp.com\/buddypetfoods.com\/se\/wp-content\/uploads\/sites\/2\/2019\/08\/howitworks_delivery.jpg?fit=660%2C440&ssl=1\",\"contentUrl\":\"https:\/\/i0.wp.com\/buddypetfoods.com\/se\/wp-content\/uploads\/sites\/2\/2019\/08\/howitworks_delivery.jpg?fit=660%2C440&ssl=1\",\"width\":660,\"height\":440,\"caption\":\"Buddy Pet Foods\"},\"image\":{\"@id\":\"https:\/\/buddycare.com\/de\/#\/schema\/logo\/image\/\"},\"sameAs\":[\"https:\/\/www.facebook.com\/BuddySweden\",\"https:\/\/www.instagram.com\/buddypetfoods\/\"]}]}<\/script>\n<!-- \/ Yoast SEO plugin. -->","yoast_head_json":{"title":"Supplement guide | BuddyCare","description":"Find the right supplement for your dog. By giving your dog supplements daily, you will strengthen the overall health and boost the immune system.","robots":{"index":"index","follow":"follow","max-snippet":"max-snippet:-1","max-image-preview":"max-image-preview:large","max-video-preview":"max-video-preview:-1"},"canonical":"https:\/\/buddycare.com\/de\/nahrungsergaenzungsmittel-guide","og_locale":"de_DE","og_type":"article","og_title":"Supplement guide | BuddyCare","og_description":"Find the right supplement for your dog. By giving your dog supplements daily, you will strengthen the overall health and boost the immune system.","og_url":"https:\/\/buddycare.com\/de\/nahrungsergaenzungsmittel-guide","og_site_name":"BuddyCare DE","article_publisher":"https:\/\/www.facebook.com\/BuddySweden","article_modified_time":"2021-12-13T11:21:15+00:00","og_image":[{"url":"https:\/\/buddycare.com\/de\/wp-content\/uploads\/2021\/06\/bone-joint_front.png","type":"","width":"","height":""}],"twitter_card":"summary_large_image","twitter_misc":{"Gesch\u00e4tzte Lesezeit":"4\u00a0Minuten"},"schema":{"@context":"https:\/\/schema.org","@graph":[{"@type":"WebPage","@id":"https:\/\/buddycare.com\/de\/nahrungsergaenzungsmittel-guide","url":"https:\/\/buddycare.com\/de\/nahrungsergaenzungsmittel-guide","name":"Supplement guide | BuddyCare","isPartOf":{"@id":"https:\/\/buddycare.com\/de\/#website"},"primaryImageOfPage":{"@id":"https:\/\/buddycare.com\/de\/nahrungsergaenzungsmittel-guide#primaryimage"},"image":{"@id":"https:\/\/buddycare.com\/de\/nahrungsergaenzungsmittel-guide#primaryimage"},"thumbnailUrl":"https:\/\/buddycare.com\/de\/wp-content\/uploads\/2021\/06\/bone-joint_front.png","datePublished":"2019-08-13T08:21:16+00:00","dateModified":"2021-12-13T11:21:15+00:00","description":"Find the right supplement for your dog. By giving your dog supplements daily, you will strengthen the overall health and boost the immune system.","breadcrumb":{"@id":"https:\/\/buddycare.com\/de\/nahrungsergaenzungsmittel-guide#breadcrumb"},"inLanguage":"de","potentialAction":[{"@type":"ReadAction","target":["https:\/\/buddycare.com\/de\/nahrungsergaenzungsmittel-guide"]}]},{"@type":"ImageObject","inLanguage":"de","@id":"https:\/\/buddycare.com\/de\/nahrungsergaenzungsmittel-guide#primaryimage","url":"https:\/\/buddycare.com\/de\/wp-content\/uploads\/2021\/06\/bone-joint_front.png","contentUrl":"https:\/\/buddycare.com\/de\/wp-content\/uploads\/2021\/06\/bone-joint_front.png"},{"@type":"BreadcrumbList","@id":"https:\/\/buddycare.com\/de\/nahrungsergaenzungsmittel-guide#breadcrumb","itemListElement":[{"@type":"ListItem","position":1,"name":"Home","item":"https:\/\/buddycare.com\/de\/"},{"@type":"ListItem","position":2,"name":"Nahrungserg\u00e4nzungsmittel-Guide"}]},{"@type":"WebSite","@id":"https:\/\/buddycare.com\/de\/#website","url":"https:\/\/buddycare.com\/de\/","name":"BuddyCare DE","description":"Powered by nature, backed by science.","publisher":{"@id":"https:\/\/buddycare.com\/de\/#organization"},"potentialAction":[{"@type":"SearchAction","target":{"@type":"EntryPoint","urlTemplate":"https:\/\/buddycare.com\/de\/?s={search_term_string}"},"query-input":{"@type":"PropertyValueSpecification","valueRequired":true,"valueName":"search_term_string"}}],"inLanguage":"de"},{"@type":"Organization","@id":"https:\/\/buddycare.com\/de\/#organization","name":"Buddy Pet Foods","url":"https:\/\/buddycare.com\/de\/","logo":{"@type":"ImageObject","inLanguage":"de","@id":"https:\/\/buddycare.com\/de\/#\/schema\/logo\/image\/","url":"https:\/\/i0.wp.com\/buddypetfoods.com\/se\/wp-content\/uploads\/sites\/2\/2019\/08\/howitworks_delivery.jpg?fit=660%2C440&ssl=1","contentUrl":"https:\/\/i0.wp.com\/buddypetfoods.com\/se\/wp-content\/uploads\/sites\/2\/2019\/08\/howitworks_delivery.jpg?fit=660%2C440&ssl=1","width":660,"height":440,"caption":"Buddy Pet Foods"},"image":{"@id":"https:\/\/buddycare.com\/de\/#\/schema\/logo\/image\/"},"sameAs":["https:\/\/www.facebook.com\/BuddySweden","https:\/\/www.instagram.com\/buddypetfoods\/"]}]}},"jetpack_sharing_enabled":true,"_links":{"self":[{"href":"https:\/\/buddycare.com\/de\/wp-json\/wp\/v2\/pages\/321","targetHints":{"allow":["GET"]}}],"collection":[{"href":"https:\/\/buddycare.com\/de\/wp-json\/wp\/v2\/pages"}],"about":[{"href":"https:\/\/buddycare.com\/de\/wp-json\/wp\/v2\/types\/page"}],"author":[{"embeddable":true,"href":"https:\/\/buddycare.com\/de\/wp-json\/wp\/v2\/users\/2"}],"replies":[{"embeddable":true,"href":"https:\/\/buddycare.com\/de\/wp-json\/wp\/v2\/comments?post=321"}],"version-history":[{"count":2,"href":"https:\/\/buddycare.com\/de\/wp-json\/wp\/v2\/pages\/321\/revisions"}],"predecessor-version":[{"id":68988,"href":"https:\/\/buddycare.com\/de\/wp-json\/wp\/v2\/pages\/321\/revisions\/68988"}],"wp:attachment":[{"href":"https:\/\/buddycare.com\/de\/wp-json\/wp\/v2\/media?parent=321"}],"curies":[{"name":"wp","href":"https:\/\/api.w.org\/{rel}","templated":true}]}}