{"id":278,"date":"2019-08-10T09:50:13","date_gmt":"2019-08-10T09:50:13","guid":{"rendered":"https:\/\/buddycare.com\/de\/?page_id=278"},"modified":"2022-02-02T20:41:22","modified_gmt":"2022-02-02T18:41:22","slug":"home","status":"publish","type":"page","link":"https:\/\/buddycare.com\/de\/","title":{"rendered":"Home &#8211; Supplements BuddyCare"},"content":{"rendered":"\n<h1>\n\t\tNat\u00fcrliche Erg\u00e4nzungsmittel f\u00fcr Hunde\n\t<\/h1>\n\t\t\t<a href=\"\/de\/products\" target=\"_self\" role=\"button\" rel=\"noopener\">\n\t\t\t\t\t\t\tAlle Produkte\n\t\t\t\t\t<\/a>\n\t<!-- TrustBox widget - Carousel -->\n<a href=\"https:\/\/de.trustpilot.com\/review\/buddypetfoods.com\" target=\"_blank\" rel=\"noopener\">Trustpilot<\/a>\n<!-- End TrustBox widget -->\n        <img decoding=\"async\" width=\"83\" height=\"57\" src=\"\/wp-content\/uploads\/2021\/08\/leaf-care-white.svg\" alt=\"icon\"\/>       \n        <h6>100% nat\u00fcrlich<\/h6>   \n        <img decoding=\"async\" width=\"58\" height=\"75\" src=\"\/wp-content\/uploads\/2021\/08\/drop-care-white.svg\" alt=\"icon\"\/>      \n        <h6>kalt gepresst<\/h6>   \n        <img decoding=\"async\" width=\"77\" height=\"80\" src=\"\/wp-content\/uploads\/2021\/08\/wheat-care-white.svg\" alt=\"icon\"\/>\n        <h6>getreidefrei<\/h6>\n        <img decoding=\"async\" width=\"72\" height=\"63\" src=\"\/wp-content\/uploads\/2021\/08\/heart-care-white.svg\" alt=\"icon\"\/>\n        <h6>tier\u00e4rztlich entwickelt<\/h6>\n<h2>\n\t\t100% nat\u00fcrliche Erg\u00e4nzungsmittel\n\t<\/h2>\n<h3>\n\t\tTier\u00e4rztlich entwickelte Nahrungserg\u00e4nzungen f\u00fcr Hunde mit Wirkstoffen mit wissenschaftlich nachgewiesenen Vorteilen.\n\t<\/h3>\n<div class=\"woocommerce columns-1 \"><ul class=\"products columns-1\">\n\r\n    <a href=\"https:\/\/buddycare.com\/de\/product\/calming\" class=\"product-card\">\r\n        <div class=\"product-card__inner\">\r\n            <div class=\"product-card__header\">\r\n                <div class=\"heading\">\r\n                    <h5 class=\"product-title\">Beruhigende Kausnacks<\/h5>\r\n                    <div class=\"categories\">\r\n                        <span class=\"category-name\">T\u00e4gliche Erg\u00e4nzung<\/span>                    <\/div>\r\n                <\/div>\r\n                            <\/div>\r\n\r\n            <div class=\"product-card__image\">\r\n                <img decoding=\"async\" width=\"100\" height=\"100\" src=\"https:\/\/i0.wp.com\/buddycare.com\/de\/wp-content\/uploads\/sites\/8\/2021\/06\/Calming_Main-SKU-Image.png?fit=640%2C640&ssl=1\" alt=\"image\" class=\"image\">\r\n                                <span class=\"care-label\">Daily bites<\/span>\r\n                                            <\/div>\r\n\r\n            <div class=\"product-card__attributes\">\r\n                <div class=\"attribute\">Beruhigend<\/div><div class=\"attribute\">Kausnack<\/div><div class=\"attribute\">Lamm &amp; S\u00fc\u00dfkartoffel<\/div>            <\/div>\r\n\r\n            <div class=\"product-card__text\"><p>Mit beruhigenden und ausgleichenden Kr\u00e4utern, die Hunden in stressigen Situationen helfen k\u00f6nnen und dazu beitragen k\u00f6nnen Trennungsangst zu erleichtern.<\/p>\n<p>&nbsp;<\/p>\n<p><em>ab 26,99\u20ac<\/em><\/p>\n<\/div>\r\n\r\n            <div class=\"product-card__button\">\r\n                <button class=\"button button--secondary button--medium\">Mehr erfahren<\/button>\r\n            <\/div>\r\n        <\/div>\r\n    <\/a>\r\n\r\n\r\n\r\n    <a href=\"https:\/\/buddycare.com\/de\/product\/bone-joint\" class=\"product-card\">\r\n        <div class=\"product-card__inner\">\r\n            <div class=\"product-card__header\">\r\n                <div class=\"heading\">\r\n                    <h5 class=\"product-title\">Bone &#038; Joint<\/h5>\r\n                    <div class=\"categories\">\r\n                        <span class=\"category-name\">T\u00e4gliche Erg\u00e4nzung<\/span>                    <\/div>\r\n                <\/div>\r\n                            <\/div>\r\n\r\n            <div class=\"product-card__image\">\r\n                <img decoding=\"async\" width=\"100\" height=\"100\" src=\"https:\/\/i0.wp.com\/buddycare.com\/de\/wp-content\/uploads\/sites\/8\/2021\/06\/Bone-Joint_Ingredients-SKU-Image.png?fit=640%2C640&ssl=1\" alt=\"image\" class=\"image\">\r\n                                <span class=\"care-label\">Daily bites<\/span>\r\n                                            <\/div>\r\n\r\n            <div class=\"product-card__attributes\">\r\n                <div class=\"attribute\">Kausnack<\/div><div class=\"attribute\">Knochen &amp; Gelenke<\/div><div class=\"attribute\">Lamm &amp; S\u00fc\u00dfkartoffel<\/div>            <\/div>\r\n\r\n            <div class=\"product-card__text\"><p>Mit Gr\u00fcnlippmuschel, MSM, Chondroitin und Glucosamin, welches helfen kann die Gesundheit von Knochen, Gelenken und B\u00e4ndern zu f\u00f6rdern.<\/p>\n<p>&nbsp;<\/p>\n<p><em>ab 26,99\u20ac<\/em><\/p>\n<\/div>\r\n\r\n            <div class=\"product-card__button\">\r\n                <button class=\"button button--secondary button--medium\">Mehr erfahren<\/button>\r\n            <\/div>\r\n        <\/div>\r\n    <\/a>\r\n\r\n\r\n\r\n    <a href=\"https:\/\/buddycare.com\/de\/product\/teeth-formula\" class=\"product-card\">\r\n        <div class=\"product-card__inner\">\r\n            <div class=\"product-card__header\">\r\n                <div class=\"heading\">\r\n                    <h5 class=\"product-title\">Zahn Pulver<\/h5>\r\n                    <div class=\"categories\">\r\n                        <span class=\"category-name\">T\u00e4gliche Erg\u00e4nzung<\/span>                    <\/div>\r\n                <\/div>\r\n                            <\/div>\r\n\r\n            <div class=\"product-card__image\">\r\n                <img decoding=\"async\" width=\"100\" height=\"100\" src=\"https:\/\/i0.wp.com\/buddycare.com\/de\/wp-content\/uploads\/sites\/8\/2021\/06\/Teeth-Formula_Main-SKU-Image.png?fit=640%2C640&ssl=1\" alt=\"image\" class=\"image\">\r\n                                            <\/div>\r\n\r\n            <div class=\"product-card__attributes\">\r\n                <div class=\"attribute\">Gesunde Z\u00e4hne &amp; gesundes Zahnfleisch<\/div><div class=\"attribute\">Pulver<\/div><div class=\"attribute\">Seetang &amp; Zink<\/div>            <\/div>\r\n\r\n            <div class=\"product-card__text\"><p>Mit Seetang und Zink, die helfen, die Bildung von Plaque, Zahnstein und Mundgeruch zu verhindern und gleichzeitig gesunde Z\u00e4hne und gesundes Zahnfleisch f\u00f6rdern k\u00f6nnen.<\/p>\n<p>&nbsp;<\/p>\n<p><em>ab 26,99\u20ac<\/em><\/p>\n<\/div>\r\n\r\n            <div class=\"product-card__button\">\r\n                <button class=\"button button--secondary button--medium\">Mehr erfahren<\/button>\r\n            <\/div>\r\n        <\/div>\r\n    <\/a>\r\n\r\n\r\n<\/ul>\n<\/div>\n\t\t\t<a href=\"\/de\/products\" target=\"_self\" role=\"button\" rel=\"noopener\">\n\t\t\t\t\t\t\tAlle Produkte\n\t\t\t\t\t<\/a>\n\t\t\t\t<img data-recalc-dims=\"1\" decoding=\"async\" src=\"https:\/\/i0.wp.com\/buddycare.com\/de\/wp-content\/uploads\/sites\/8\/2021\/08\/Buddypetfoods-03501-scaled.jpg?resize=640%2C483&#038;ssl=1\" alt=\"buddycare\" itemprop=\"image\" height=\"483\" width=\"640\" title=\"buddycare\" onerror=\"this.style.display='none'\"  \/>\n<h3>\n\t\tErg\u00e4nzungsmittel des Monats: Immune Support!\n\t<\/h3>\nIst dein Hund h\u00e4ufig krank?\n<p>Immune Support enth\u00e4lt immun unterst\u00fctzende Funktionen, welche dabei helfen k\u00f6nnen, deinem Hund einen aktiven Lebensstil zu erm\u00f6glichen und seine nat\u00fcrlichen Abwehrkr\u00e4fte zu erhalten. Die Wirkstoffe Moringa, Oregano und Honig haben sich bei der Vorbeugung von Krankheiten und langfristigen Gesundheitsproblemen als besonders vorteilhaft erwiesen.<\/p>\n<p>Jetzt erh\u00e4ltst du 30% Rabatt auf das Erg\u00e4nzungsmittel Immune Support mit dem Code <strong>IMMUN30<\/strong>. Angebot g\u00fcltig bis 28.02.22.<\/p>\n\t\t\t<a href=\"\/de\/product\/immune-support\" target=\"_self\" role=\"button\" rel=\"noopener\">\n\t\t\t\t\t\t\tImmun Unterst\u00fctzung\n\t\t\t\t\t<\/a>\n<h2>\n\t\tUnsere Erg\u00e4nzungsmittel sind immer&#8230;\n\t<\/h2>\n\t\t\t\t<img data-recalc-dims=\"1\" height=\"626\" width=\"640\" decoding=\"async\" src=\"https:\/\/i0.wp.com\/buddycare.com\/de\/wp-content\/uploads\/2021\/08\/Vector-30-720x704.png?resize=640%2C626&#038;ssl=1\" alt=\"BuddyCare\" itemprop=\"image\" title=\"BuddyCare\" onerror=\"this.style.display='none'\"  \/>\n\t<h4><strong>100% nat\u00fcrlich<\/strong><\/h4>\n<p>Frei von k\u00fcnstlichen Zusatzstoffen, F\u00fcllstoffen und GVO.<\/p>\n\t<h4><strong>Wissenschaftlich getestet<\/strong><\/h4>\n<p>Die aktiven Inhaltsstoffe, welche die f\u00fcr die Wirkung sorgen, haben alle wissenschaftlich nachgewiesene Vorteilen.<\/p>\n\t\t\t\t<img data-recalc-dims=\"1\" decoding=\"async\" src=\"https:\/\/i0.wp.com\/buddycare.com\/de\/wp-content\/uploads\/2021\/08\/Vector-32.png?w=640&#038;ssl=1\" alt=\"BuddyCare\" itemprop=\"image\" title=\"BuddyCare\" onerror=\"this.style.display='none'\"  \/>\n\t\t\t\t<img data-recalc-dims=\"1\" decoding=\"async\" src=\"https:\/\/i0.wp.com\/buddycare.com\/de\/wp-content\/plugins\/bb-plugin\/img\/pixel.png?w=640&#038;ssl=1\" alt=\"\" itemprop=\"image\" onerror=\"this.style.display='none'\"  \/>\n\t<h4><strong>Getreidefrei<\/strong><\/h4>\n<p>Kein Getreide oder billige F\u00fcllstoffe wie Mais, Reis oder Weizen.<\/p>\n\t<h4><strong>Leicht zu dosieren<\/strong><\/h4>\n<p>Unsere Kausnacks, \u00d6le und Pulver sind einfach zu dosieren und reich an Geschmack. Lecker und unkompliziert!<\/p>\n<h2>\n\t\tUnd enthalten  niemals &#8230;\n\t<\/h2>\nZusatzstoffe\nGetreide\nGVO\nGluten\n        Zusatzstoffe\nGetreide\n        GVO\nGluten\n\t\t\t<a href=\"\/de\/herstellung\" target=\"_self\" role=\"button\" rel=\"noopener\">\n\t\t\t\t\t\t\tWie wir produzieren\n\t\t\t\t\t<\/a>\n<h2>\n\t\tWarum Erg\u00e4nzungsmittel von BuddyCare?\n\t<\/h2>\n\t<ul>\n<li>Hilft das Immunsystem zu st\u00e4rken<\/li>\n<li>Hilft Verletzungen vorzubeugen<\/li>\n<li>Frei von Zusatzstoffen und Getreide<\/li>\n<li>Sicher hergestellt in Schweden und Deutschland<\/li>\n<\/ul>\n\t\t\t\t<img data-recalc-dims=\"1\" decoding=\"async\" src=\"https:\/\/i0.wp.com\/buddycare.com\/de\/wp-content\/uploads\/sites\/8\/2022\/01\/Namnloes-design-34.png?resize=640%2C765&#038;ssl=1\" alt=\"Nahrungserg\u00e4nzung f\u00fcr Hunde Beruhigende Kausnacks mit Lamm und S\u00fc\u00dfkartoffel und L-Tryptophan\" itemprop=\"image\" height=\"765\" width=\"640\" title=\"Namnl\u00f6s design (34)\" onerror=\"this.style.display='none'\"  \/>\n\t\t\t\t<img data-recalc-dims=\"1\" decoding=\"async\" src=\"https:\/\/i0.wp.com\/buddycare.com\/de\/wp-content\/uploads\/sites\/8\/2021\/06\/Fxqb6CKw.jpeg?resize=640%2C512&#038;ssl=1\" alt=\"Fxqb6CKw\" itemprop=\"image\" height=\"512\" width=\"640\" title=\"Fxqb6CKw\" onerror=\"this.style.display='none'\"  \/>\n<h3>\n\t\tGesunder Hund, gl\u00fcckliches Leben!\n\t<\/h3>\nGenau wie der Mensch ist auch jeder Hund einzigartig. Um die Gesundheit eines jeden Hundes zu unterst\u00fctzen, sind unsere Rezepturen auf die unterschiedlichen Bed\u00fcrfnisse abgestimmt.\nM\u00f6chtest du regelm\u00e4\u00dfig gesundheitsf\u00f6rdernde Nahrungserg\u00e4nzungsmittel erhalten?\n<b>Abboniere und erhalte 10% Rabatt! <\/b>Und denke daran: Du kannst dein Abo jederzeit \u00e4ndern, pausieren oder beenden!\n\t\t\t<a href=\"\/de\/products\" target=\"_self\" role=\"button\" rel=\"noopener\">\n\t\t\t\t\t\t\tAbonniere und spare 10%!\n\t\t\t\t\t<\/a>\n<h2>\n\t\tSo funktionieren unsere Abonnements\n\t<\/h2>\n\t\t\t<a href=\"#\" id=\"fl-accordion--label-0\" tabindex=\"0\" aria-controls=\"fl-accordion--panel-0\">1. Finde die passende Nahrungserg\u00e4nzung <\/a>\n\t\t\t\t\t\t\t<a href=\"#\" id=\"fl-accordion--icon-0\" tabindex=\"0\" aria-controls=\"fl-accordion--panel-0\"><i>Collapse<\/i><\/a>\n\t\t<p>Finde die richtigen Nahrungserg\u00e4nzungsmittel f\u00fcr deinen Hund. Wenn du Hilfe ben\u00f6tigst, kannst du diesen <a href=\"https:\/\/buddycare.com\/de\/nahrungsergaenzungsmittel-guide\">Guide<\/a> verwenden, mit uns chatten oder eine E-Mail schicken! \ud83d\udc36<\/p>\n\t\t\t<a href=\"#\" id=\"fl-accordion--label-1\" tabindex=\"0\" aria-controls=\"fl-accordion--panel-1\">2. Lass sie dir an deine T\u00fcr liefern<\/a>\n\t\t\t\t\t\t\t<a href=\"#\" id=\"fl-accordion--icon-1\" tabindex=\"0\" aria-controls=\"fl-accordion--panel-1\"><i>Expand<\/i><\/a>\n\t\t<p>Wir bieten kostenlose Lieferung f\u00fcr alle Bestellungen \u00fcber 50\u20ac an. Deine erste Bestellung sollte innerhalb weniger Tage eintreffen! Wenn du ein Abonnement abgeschlossen hast, wird deine n\u00e4chste Bestellung in dem von dir gew\u00e4hlten Intervall geliefert. Praktisch, nicht wahr? \ud83d\udce6<\/p>\n\t\t\t<a href=\"#\" id=\"fl-accordion--label-2\" tabindex=\"0\" aria-controls=\"fl-accordion--panel-2\">3. Leicht zu dosieren<\/a>\n\t\t\t\t\t\t\t<a href=\"#\" id=\"fl-accordion--icon-2\" tabindex=\"0\" aria-controls=\"fl-accordion--panel-2\"><i>Expand<\/i><\/a>\n\t\t<p>Unsere Kauartikel, \u00d6le und Pulver sind reich an Geschmack, was sie sowohl lecker als auch gesund macht. F\u00fcttere sie deinem Hund t\u00e4glich, zwischen den Mahlzeiten oder gemischt mit seinem normalen Futter. \ud83e\uddb4<\/p>\n\t\t\t\t<img data-recalc-dims=\"1\" decoding=\"async\" src=\"https:\/\/i0.wp.com\/buddycare.com\/de\/wp-content\/uploads\/2021\/08\/Vector-31.png?w=640&#038;ssl=1\" alt=\"Vector (31)\" itemprop=\"image\" title=\"Vector (31)\" onerror=\"this.style.display='none'\"  \/>\n\t\t\t\t<img data-recalc-dims=\"1\" decoding=\"async\" src=\"https:\/\/i0.wp.com\/buddycare.com\/de\/wp-content\/uploads\/2021\/08\/collie-scaled.jpeg?w=640&#038;ssl=1\" alt=\"collie\" itemprop=\"image\" title=\"collie\" onerror=\"this.style.display='none'\"  \/>\n\t\t\t\t<img data-recalc-dims=\"1\" decoding=\"async\" src=\"https:\/\/i0.wp.com\/buddycare.com\/de\/wp-content\/uploads\/2021\/08\/tax-scaled.jpeg?w=640&#038;ssl=1\" alt=\"tax\" itemprop=\"image\" title=\"tax\" onerror=\"this.style.display='none'\"  \/>\n\t\t\t<img data-recalc-dims=\"1\" decoding=\"async\" loading='false' src=\"https:\/\/i0.wp.com\/buddycare.com\/de\/wp-content\/uploads\/2021\/08\/Vector-41.png?w=640&#038;ssl=1\" alt=\"\" \/>\t\t\t\n\t\t\t\t<h2>Mariana &#038; Lenny<\/h2><div class=\"testimonials\">\r\n        <div class=\"testimonials-stars\">\r\n            <span class=\"testimonials-star\" style=\"width:100%;\"><\/span>\r\n        <\/div>\r\n\r\n    <\/div>\n<p>&#8222;Mein Hund bekommt nicht genug von dem Lachs\u00f6l! Er liebt den Geschmack und es hat seinen Appetit gesteigert. Au\u00dferdem habe ich festgestellt, dass sein Fell viel mehr gl\u00e4nzt!&#8220;<\/p>\n<img data-recalc-dims=\"1\" decoding=\"async\" loading='false' src=\"https:\/\/i0.wp.com\/buddycare.com\/de\/wp-content\/uploads\/2021\/08\/Vector-41.png?w=640&#038;ssl=1\" alt=\"\" \/>\t\t\t\n\t\t\t<img data-recalc-dims=\"1\" decoding=\"async\" loading='false' src=\"https:\/\/i0.wp.com\/buddycare.com\/de\/wp-content\/uploads\/sites\/8\/2021\/08\/Vector-24.png?w=640&#038;ssl=1\" alt=\"\" \/>\t\t\t\n\t\t\t\t<h2>Selina &#038; Jule <\/h2><div class=\"testimonials\">\r\n        <div class=\"testimonials-stars\">\r\n            <span class=\"testimonials-star\" style=\"width:100%;\"><\/span>\r\n        <\/div>\r\n\r\n    <\/div>\n<p>&#8222;Ich gebe meiner H\u00fcndin t\u00e4glich Probiotika, da sie einen empfindlichen Magen hat. Seitdem ich damit angefangen habe, sind ihre Probleme verschwunden und sie scheint sich viel besser zu f\u00fchlen. Sehr zu empfehlen!&#8220;<\/p>\n<img data-recalc-dims=\"1\" decoding=\"async\" loading='false' src=\"https:\/\/i0.wp.com\/buddycare.com\/de\/wp-content\/uploads\/sites\/8\/2021\/08\/Vector-24.png?w=640&#038;ssl=1\" alt=\"\" \/>\t\t\t\n\t\t\t<img data-recalc-dims=\"1\" decoding=\"async\" loading='false' src=\"https:\/\/i0.wp.com\/buddycare.com\/de\/wp-content\/uploads\/2021\/08\/Vector-35.png?w=640&#038;ssl=1\" alt=\"\" \/>\t\t\t\n\t\t\t\t<h2>Marius &#038; Allan<\/h2><div class=\"testimonials\">\r\n        <div class=\"testimonials-stars\">\r\n            <span class=\"testimonials-star\" style=\"width:100%;\"><\/span>\r\n        <\/div>\r\n\r\n    <\/div>\n<p>&#8222;Wahnsinn! Mein Chihuahua-Mischling bekommt sehr schnell Zahnbelag, deshalb habe ich angefangen, ihm zu jeder Mahlzeit Teeth Formula zu geben. Es funktioniert!&#8220;<\/p>\n<img data-recalc-dims=\"1\" decoding=\"async\" loading='false' src=\"https:\/\/i0.wp.com\/buddycare.com\/de\/wp-content\/uploads\/2021\/08\/Vector-35.png?w=640&#038;ssl=1\" alt=\"\" \/>\t\t\t\n\t\t\t<a href=\"https:\/\/de.trustpilot.com\/review\/buddypetfoods.com?utm_medium=trustbox&#038;utm_source=MicroCombo\" target=\"_blank\" role=\"button\" rel=\"noopener\">\n\t\t\t\t\t\t\tBewerte uns auf Trustpilot\n\t\t\t\t\t<\/a>\n\n","protected":false},"excerpt":{"rendered":"<p>Nat\u00fcrliche Erg\u00e4nzungsmittel f\u00fcr Hunde Alle Produkte Trustpilot 100% nat\u00fcrlich kalt gepresst<\/p>\n","protected":false},"author":2,"featured_media":0,"parent":0,"menu_order":0,"comment_status":"closed","ping_status":"closed","template":"page-transparent-header.php","meta":{"_acf_changed":false,"footnotes":""},"class_list":["post-278","page","type-page","status-publish","hentry"],"acf":[],"yoast_head":"<!-- This site is optimized with the Yoast SEO plugin v27.0 - https:\/\/yoast.com\/product\/yoast-seo-wordpress\/ -->\n<title>100% natural supplements for dogs | Vet formulated | BuddyCare<\/title>\n<meta name=\"description\" content=\"Discover our 100% natural supplements for dogs! Powered by nature - backed by science. Find the right supplement for your dog.\" \/>\n<meta name=\"robots\" content=\"index, follow, max-snippet:-1, max-image-preview:large, max-video-preview:-1\" \/>\n<link rel=\"canonical\" href=\"https:\/\/buddycare.com\/de\/\" \/>\n<meta property=\"og:locale\" content=\"de_DE\" \/>\n<meta property=\"og:type\" content=\"article\" \/>\n<meta property=\"og:title\" content=\"100% natural supplements for dogs | Vet formulated | BuddyCare\" \/>\n<meta property=\"og:description\" content=\"Discover our 100% natural supplements for dogs! Powered by nature - backed by science. Find the right supplement for your dog.\" \/>\n<meta property=\"og:url\" content=\"https:\/\/buddycare.com\/de\/\" \/>\n<meta property=\"og:site_name\" content=\"BuddyCare DE\" \/>\n<meta property=\"article:publisher\" content=\"https:\/\/www.facebook.com\/BuddySweden\" \/>\n<meta property=\"article:modified_time\" content=\"2022-02-02T18:41:22+00:00\" \/>\n<meta property=\"og:image\" content=\"https:\/\/buddycare.com\/de\/wp-content\/uploads\/sites\/8\/2021\/08\/Buddypetfoods-03501-scaled.jpg\" \/>\n<meta name=\"twitter:card\" content=\"summary_large_image\" \/>\n<meta name=\"twitter:label1\" content=\"Gesch\u00e4tzte Lesezeit\" \/>\n\t<meta name=\"twitter:data1\" content=\"6\u00a0Minuten\" \/>\n<script type=\"application\/ld+json\" class=\"yoast-schema-graph\">{\"@context\":\"https:\/\/schema.org\",\"@graph\":[{\"@type\":\"WebPage\",\"@id\":\"https:\/\/buddycare.com\/de\/\",\"url\":\"https:\/\/buddycare.com\/de\/\",\"name\":\"100% natural supplements for dogs | Vet formulated | BuddyCare\",\"isPartOf\":{\"@id\":\"https:\/\/buddycare.com\/de\/#website\"},\"primaryImageOfPage\":{\"@id\":\"https:\/\/buddycare.com\/de\/#primaryimage\"},\"image\":{\"@id\":\"https:\/\/buddycare.com\/de\/#primaryimage\"},\"thumbnailUrl\":\"https:\/\/buddycare.com\/de\/wp-content\/uploads\/sites\/8\/2021\/08\/Buddypetfoods-03501-scaled.jpg\",\"datePublished\":\"2019-08-10T09:50:13+00:00\",\"dateModified\":\"2022-02-02T18:41:22+00:00\",\"description\":\"Discover our 100% natural supplements for dogs! Powered by nature - backed by science. Find the right supplement for your dog.\",\"breadcrumb\":{\"@id\":\"https:\/\/buddycare.com\/de\/#breadcrumb\"},\"inLanguage\":\"de\",\"potentialAction\":[{\"@type\":\"ReadAction\",\"target\":[\"https:\/\/buddycare.com\/de\/\"]}]},{\"@type\":\"ImageObject\",\"inLanguage\":\"de\",\"@id\":\"https:\/\/buddycare.com\/de\/#primaryimage\",\"url\":\"https:\/\/i0.wp.com\/buddycare.com\/de\/wp-content\/uploads\/sites\/8\/2021\/08\/Buddypetfoods-03501-scaled.jpg?fit=2560%2C1930&ssl=1\",\"contentUrl\":\"https:\/\/i0.wp.com\/buddycare.com\/de\/wp-content\/uploads\/sites\/8\/2021\/08\/Buddypetfoods-03501-scaled.jpg?fit=2560%2C1930&ssl=1\",\"width\":2560,\"height\":1930},{\"@type\":\"BreadcrumbList\",\"@id\":\"https:\/\/buddycare.com\/de\/#breadcrumb\",\"itemListElement\":[{\"@type\":\"ListItem\",\"position\":1,\"name\":\"Home\",\"item\":\"https:\/\/buddycare.com\/de\/\"},{\"@type\":\"ListItem\",\"position\":2,\"name\":\"Home &#8211; Supplements BuddyCare\"}]},{\"@type\":\"WebSite\",\"@id\":\"https:\/\/buddycare.com\/de\/#website\",\"url\":\"https:\/\/buddycare.com\/de\/\",\"name\":\"BuddyCare DE\",\"description\":\"Powered by nature, backed by science.\",\"publisher\":{\"@id\":\"https:\/\/buddycare.com\/de\/#organization\"},\"potentialAction\":[{\"@type\":\"SearchAction\",\"target\":{\"@type\":\"EntryPoint\",\"urlTemplate\":\"https:\/\/buddycare.com\/de\/?s={search_term_string}\"},\"query-input\":{\"@type\":\"PropertyValueSpecification\",\"valueRequired\":true,\"valueName\":\"search_term_string\"}}],\"inLanguage\":\"de\"},{\"@type\":\"Organization\",\"@id\":\"https:\/\/buddycare.com\/de\/#organization\",\"name\":\"Buddy Pet Foods\",\"url\":\"https:\/\/buddycare.com\/de\/\",\"logo\":{\"@type\":\"ImageObject\",\"inLanguage\":\"de\",\"@id\":\"https:\/\/buddycare.com\/de\/#\/schema\/logo\/image\/\",\"url\":\"https:\/\/i0.wp.com\/buddypetfoods.com\/se\/wp-content\/uploads\/sites\/2\/2019\/08\/howitworks_delivery.jpg?fit=660%2C440&ssl=1\",\"contentUrl\":\"https:\/\/i0.wp.com\/buddypetfoods.com\/se\/wp-content\/uploads\/sites\/2\/2019\/08\/howitworks_delivery.jpg?fit=660%2C440&ssl=1\",\"width\":660,\"height\":440,\"caption\":\"Buddy Pet Foods\"},\"image\":{\"@id\":\"https:\/\/buddycare.com\/de\/#\/schema\/logo\/image\/\"},\"sameAs\":[\"https:\/\/www.facebook.com\/BuddySweden\",\"https:\/\/www.instagram.com\/buddypetfoods\/\"]}]}<\/script>\n<!-- \/ Yoast SEO plugin. -->","yoast_head_json":{"title":"100% natural supplements for dogs | Vet formulated | BuddyCare","description":"Discover our 100% natural supplements for dogs! Powered by nature - backed by science. Find the right supplement for your dog.","robots":{"index":"index","follow":"follow","max-snippet":"max-snippet:-1","max-image-preview":"max-image-preview:large","max-video-preview":"max-video-preview:-1"},"canonical":"https:\/\/buddycare.com\/de\/","og_locale":"de_DE","og_type":"article","og_title":"100% natural supplements for dogs | Vet formulated | BuddyCare","og_description":"Discover our 100% natural supplements for dogs! Powered by nature - backed by science. Find the right supplement for your dog.","og_url":"https:\/\/buddycare.com\/de\/","og_site_name":"BuddyCare DE","article_publisher":"https:\/\/www.facebook.com\/BuddySweden","article_modified_time":"2022-02-02T18:41:22+00:00","og_image":[{"url":"https:\/\/buddycare.com\/de\/wp-content\/uploads\/sites\/8\/2021\/08\/Buddypetfoods-03501-scaled.jpg","type":"","width":"","height":""}],"twitter_card":"summary_large_image","twitter_misc":{"Gesch\u00e4tzte Lesezeit":"6\u00a0Minuten"},"schema":{"@context":"https:\/\/schema.org","@graph":[{"@type":"WebPage","@id":"https:\/\/buddycare.com\/de\/","url":"https:\/\/buddycare.com\/de\/","name":"100% natural supplements for dogs | Vet formulated | BuddyCare","isPartOf":{"@id":"https:\/\/buddycare.com\/de\/#website"},"primaryImageOfPage":{"@id":"https:\/\/buddycare.com\/de\/#primaryimage"},"image":{"@id":"https:\/\/buddycare.com\/de\/#primaryimage"},"thumbnailUrl":"https:\/\/buddycare.com\/de\/wp-content\/uploads\/sites\/8\/2021\/08\/Buddypetfoods-03501-scaled.jpg","datePublished":"2019-08-10T09:50:13+00:00","dateModified":"2022-02-02T18:41:22+00:00","description":"Discover our 100% natural supplements for dogs! Powered by nature - backed by science. Find the right supplement for your dog.","breadcrumb":{"@id":"https:\/\/buddycare.com\/de\/#breadcrumb"},"inLanguage":"de","potentialAction":[{"@type":"ReadAction","target":["https:\/\/buddycare.com\/de\/"]}]},{"@type":"ImageObject","inLanguage":"de","@id":"https:\/\/buddycare.com\/de\/#primaryimage","url":"https:\/\/i0.wp.com\/buddycare.com\/de\/wp-content\/uploads\/sites\/8\/2021\/08\/Buddypetfoods-03501-scaled.jpg?fit=2560%2C1930&ssl=1","contentUrl":"https:\/\/i0.wp.com\/buddycare.com\/de\/wp-content\/uploads\/sites\/8\/2021\/08\/Buddypetfoods-03501-scaled.jpg?fit=2560%2C1930&ssl=1","width":2560,"height":1930},{"@type":"BreadcrumbList","@id":"https:\/\/buddycare.com\/de\/#breadcrumb","itemListElement":[{"@type":"ListItem","position":1,"name":"Home","item":"https:\/\/buddycare.com\/de\/"},{"@type":"ListItem","position":2,"name":"Home &#8211; Supplements BuddyCare"}]},{"@type":"WebSite","@id":"https:\/\/buddycare.com\/de\/#website","url":"https:\/\/buddycare.com\/de\/","name":"BuddyCare DE","description":"Powered by nature, backed by science.","publisher":{"@id":"https:\/\/buddycare.com\/de\/#organization"},"potentialAction":[{"@type":"SearchAction","target":{"@type":"EntryPoint","urlTemplate":"https:\/\/buddycare.com\/de\/?s={search_term_string}"},"query-input":{"@type":"PropertyValueSpecification","valueRequired":true,"valueName":"search_term_string"}}],"inLanguage":"de"},{"@type":"Organization","@id":"https:\/\/buddycare.com\/de\/#organization","name":"Buddy Pet Foods","url":"https:\/\/buddycare.com\/de\/","logo":{"@type":"ImageObject","inLanguage":"de","@id":"https:\/\/buddycare.com\/de\/#\/schema\/logo\/image\/","url":"https:\/\/i0.wp.com\/buddypetfoods.com\/se\/wp-content\/uploads\/sites\/2\/2019\/08\/howitworks_delivery.jpg?fit=660%2C440&ssl=1","contentUrl":"https:\/\/i0.wp.com\/buddypetfoods.com\/se\/wp-content\/uploads\/sites\/2\/2019\/08\/howitworks_delivery.jpg?fit=660%2C440&ssl=1","width":660,"height":440,"caption":"Buddy Pet Foods"},"image":{"@id":"https:\/\/buddycare.com\/de\/#\/schema\/logo\/image\/"},"sameAs":["https:\/\/www.facebook.com\/BuddySweden","https:\/\/www.instagram.com\/buddypetfoods\/"]}]}},"jetpack_sharing_enabled":true,"_links":{"self":[{"href":"https:\/\/buddycare.com\/de\/wp-json\/wp\/v2\/pages\/278","targetHints":{"allow":["GET"]}}],"collection":[{"href":"https:\/\/buddycare.com\/de\/wp-json\/wp\/v2\/pages"}],"about":[{"href":"https:\/\/buddycare.com\/de\/wp-json\/wp\/v2\/types\/page"}],"author":[{"embeddable":true,"href":"https:\/\/buddycare.com\/de\/wp-json\/wp\/v2\/users\/2"}],"replies":[{"embeddable":true,"href":"https:\/\/buddycare.com\/de\/wp-json\/wp\/v2\/comments?post=278"}],"version-history":[{"count":65,"href":"https:\/\/buddycare.com\/de\/wp-json\/wp\/v2\/pages\/278\/revisions"}],"predecessor-version":[{"id":75933,"href":"https:\/\/buddycare.com\/de\/wp-json\/wp\/v2\/pages\/278\/revisions\/75933"}],"wp:attachment":[{"href":"https:\/\/buddycare.com\/de\/wp-json\/wp\/v2\/media?parent=278"}],"curies":[{"name":"wp","href":"https:\/\/api.w.org\/{rel}","templated":true}]}}